{"id":833,"date":"2025-04-11T15:32:30","date_gmt":"2025-04-11T18:32:30","guid":{"rendered":"https:\/\/posgrados.fcecon.unr.edu.ar\/?post_type=product&#038;p=833"},"modified":"2025-06-11T17:54:17","modified_gmt":"2025-06-11T20:54:17","slug":"programa-primer-cliente-pyme-edicion-2025","status":"publish","type":"product","link":"https:\/\/posgrados.fcecon.unr.edu.ar\/?product=programa-primer-cliente-pyme-edicion-2025","title":{"rendered":"Programa &#8220;Mi primer cliente PyME (Edici\u00f3n 2025)&#8221;"},"content":{"rendered":"<p>\u25b6\ufe0f Inicio 21\/04\/2025<br \/>\n\ud83d\udcdd 7 M\u00f3dulos te\u00f3ricos- pr\u00e1cticos. Se puede tomar completo o por m\u00f3dulos independientes.<br \/>\n<img decoding=\"async\" class=\"emoji\" role=\"img\" draggable=\"false\" src=\"https:\/\/s.w.org\/images\/core\/emoji\/15.1.0\/svg\/1f55c.svg\" alt=\"\ud83d\udd5c\" \/> Siempre el mismo horario: de 18 a 20 horas.<br \/>\n\ud83d\udc49\ud83c\udffd Modalidad: Virtual \/Plataforma Meet \/ Sincr\u00f3nica (los encuentros no son grabados)<br \/>\n<img decoding=\"async\" class=\"emoji\" role=\"img\" draggable=\"false\" src=\"https:\/\/s.w.org\/images\/core\/emoji\/15.1.0\/svg\/1f9fe.svg\" alt=\"\ud83e\uddfe\" \/> Se entregan certificados de asistencia<\/p>\n<p><strong>M\u00d3DULOS | DOCENTES | CRONOGRAMA | ARANCELES:<\/strong><\/p>\n<p>\u2705 <strong>1\u00b0 M\u00f3dulo: Mi primera sociedad<\/strong><br \/>\nA cargo de: CP Federico Maciel y CP Sebasti\u00e1n P\u00e9rez Casanova<br \/>\n\ud83d\uddd3\ufe0f 2 encuentros: Lunes 21\/04 y Jueves 24\/04<br \/>\n\u23f0 18 a 20 horas.<\/p>\n<p>\ud83d\udcb0 Aranceles:<br \/>\nEstudiantes y docentes FCEyE UNR: $ 30.000<br \/>\nGraduados FCEyE UNR y\/o matriculados CPCE: $ 35.000<br \/>\nP\u00fablico general: $ 40.000<\/p>\n<p>\u2705 <strong>2\u00b0 M\u00f3dulo: Mi primera liquidaci\u00f3n de sueldos<\/strong><br \/>\nA cargo de: Prof. CP Miriam Bianchi y CP. Mar\u00eda Eugenia Abdelmalek<br \/>\n\ud83d\uddd3\ufe0f 3 encuentros: Lunes 12\/05, Jueves 15\/05 y Lunes 19\/05<br \/>\n\u23f0 18 a 20 horas.<\/p>\n<p>\ud83d\udcb0 Aranceles:<br \/>\nEstudiantes y docentes FCEyE UNR: $45.000<br \/>\nGraduados FCEyE UNR y\/o matriculados CPCE: $52.500<br \/>\nP\u00fablico general: $ 60.000<\/p>\n<p>\u2705 <strong>3\u00b0 M\u00f3dulo: Mi primera liquidaci\u00f3n de impuestos mensual<\/strong><br \/>\nA cargo de: Mag. Diego Fern\u00e1ndez de Luco y Esp. M. Elena Casella<br \/>\n\ud83d\uddd3\ufe0f 4 encuentros: Jueves 29\/05, Lunes 02\/06, Jueves 05\/06, y Lunes 09\/06<br \/>\n\u23f0 18 a 20 horas.<\/p>\n<p>\ud83d\udcb0 Aranceles:<br \/>\nEstudiantes y docentes FCEyE UNR: $ 60.000<br \/>\nGraduados FCEyE UNR y\/o matriculados CPCE: $ 70.000<br \/>\nP\u00fablico general: $ 80.000<\/p>\n<p>\u2705 <strong>4\u00b0 M\u00f3dulo: Mi primer an\u00e1lisis de costos<\/strong><br \/>\nA cargo de: CP Florencia Ramello<br \/>\n\ud83d\uddd3\ufe0f 3 encuentros: Lunes 23\/06, Jueves 26\/06 y Lunes 30\/06<br \/>\n\u23f0 18 a 20 horas.<\/p>\n<p>\ud83d\udcb0 Aranceles:<br \/>\nEstudiantes y docentes FCEyE UNR: $ 45.000<br \/>\nGraduados FCEyE UNR y\/o matriculados CPCE: $ 52.500<br \/>\nP\u00fablico general: $ 60.000<\/p>\n<p>\u2705 <strong>5\u00b0 M\u00f3dulo: Mi primer estado contable<\/strong><br \/>\nA cargo de: CP Mariana Ramos y CP Vanina Cimini<br \/>\n\ud83d\uddd3\ufe0f 4 encuentros: Lunes 04\/08, Jueves 06\/08, Lunes 11\/08 y jueves 14\/08<br \/>\n\u23f0 18 a 20 horas.<\/p>\n<p>\ud83d\udcb0 Aranceles:<br \/>\nEstudiantes y docentes FCEyE UNR: $ 66.000<br \/>\nGraduados FCEyE UNR y\/o matriculados CPCE: $ 70.000<br \/>\nP\u00fablico general: $ 80.000<\/p>\n<p>\u2705 <strong>6\u00b0 M\u00f3dulo: Mi primera liquidaci\u00f3n de impuestos anual<\/strong><br \/>\nA cargo de: CP. Virginia Regonat<br \/>\n\ud83d\uddd3\ufe0f 4 encuentros: Lunes 01\/09, Jueves 04\/09, Lunes 08\/09 y Jueves 11\/09<br \/>\n\u23f0 18 a 20 horas.<\/p>\n<p>\ud83d\udcb0 Aranceles:<br \/>\nEstudiantes y docentes FCEyE UNR: $ 66.000<br \/>\nGraduados FCEyE UNR y\/o matriculados CPCE: $ 77.000<br \/>\nP\u00fablico general: $ 88.000<\/p>\n<p>\u2705 <strong>7\u00b0 M\u00f3dulo: &#8220;Organizando mi Estudio&#8221;<\/strong><br \/>\nA cargo de: Mag. M. Florencia Gaibazzi y Lic. Valeria Tubio<br \/>\n\ud83d\uddd3\ufe0f 3 encuentros: Lunes 22\/09, Jueves 25\/09 y Lunes 29\/09<br \/>\n\u23f0 18 a 20 horas.<\/p>\n<p>\ud83d\udcb0 Aranceles:<br \/>\nEstudiantes y docentes FCEyE UNR: $ 49.500<br \/>\nGraduados FCEyE UNR y\/o matriculados CPCE: $ 57.750<br \/>\nP\u00fablico general: $ 66.000<\/p>\n<p>&nbsp;<\/p>\n<p><strong>\u2747\ufe0f Bonificaci\u00f3n Programa completo:<\/strong><br \/>\nRealizando la inscripci\u00f3n y pago hasta el viernes 18\/04 inclusive se asegura el lugar para la capacitaci\u00f3n completa y se realiza un descuento del 15%, resultando los siguientes aranceles:<\/p>\n<p>Estudiantes y docentes FCEyE UNR: $ 307.500<\/p>\n<p>Graduados FCEyE UNR y\/o matriculados CPCE: $ 358.700<\/p>\n<p>P\u00fablico general: $ 409.700<\/p>\n<p>&nbsp;<\/p>\n<p>M\u00e1s Info: posgrado.virtual@fcecon.unr.edu.ar<\/p>\n<p>\u27a1\ufe0f 1) Cargar la inscripci\u00f3n en <em><strong><a href=\"https:\/\/forms.gle\/AXRTWxxx6xGKcm796\">este link<\/a><\/strong><\/em><\/p>\n<p>\u27a1\ufe0f 2) Acreditar el pago completando <a href=\"https:\/\/forms.gle\/GaGTmSCY1Brj9Uiw8\">este link<\/a><\/p>\n<p><strong>Forma de pago:<\/strong><br \/>\nTransferencia bancaria a Asociaci\u00f3n Cooperadora de Facultad de Ciencias Econ\u00f3micas y Estad\u00edstica de la UNR (*)<br \/>\nBANCO MACRO<br \/>\nCuenta: CC &#8211; PESOS &#8211; 372000000048503<br \/>\nCBU: 2850720230000000485033<\/p>\n<p>(*) <em>Por otros medios de pago comunicarse al siguiente correo: cobranza-cooperadora@fcecon.unr.edu.ar<\/em><\/p>\n<p><strong>Organizan:<\/strong><br \/>\n\u00c1rea Graduados. Secretar\u00eda de Posgrado y Formaci\u00f3n Continua Facultad de Ciencias Econ\u00f3micas y Estad\u00edstica UNR.<br \/>\nConsejo Profesional de Ciencias Econ\u00f3micas de la Prov. Sta. Fe (C II)<br \/>\nColegio de Graduados en Ciencias Econ\u00f3micas de Rosario<\/p>\n","protected":false},"excerpt":{"rendered":"<p>\u25b6\ufe0f Inicio 21\/04\/2025 \ud83d\udcdd 7 M\u00f3dulos te\u00f3ricos- pr\u00e1cticos. Se puede tomar completo o por m\u00f3dulos independientes. Siempre el mismo horario:<span class=\"more-dots\">&#8230;<\/span><\/p>\n","protected":false},"featured_media":836,"comment_status":"open","ping_status":"closed","template":"","meta":[],"product_cat":[24],"product_tag":[],"class_list":{"0":"post-833","1":"product","2":"type-product","3":"status-publish","4":"has-post-thumbnail","6":"product_cat-cursos-a-la-comunidad","8":"first","9":"instock","10":"shipping-taxable","11":"product-type-simple"},"yoast_head":"<!-- This site is optimized with the Yoast SEO plugin v27.5 - https:\/\/yoast.com\/product\/yoast-seo-wordpress\/ -->\n<title>Programa &quot;Mi primer cliente PyME (Edici\u00f3n 2025)&quot; - Secretar\u00eda de Posgrado y Formaci\u00f3n Continua FCEyE UNR<\/title>\n<meta name=\"robots\" content=\"index, follow, max-snippet:-1, max-image-preview:large, max-video-preview:-1\" \/>\n<link rel=\"canonical\" href=\"https:\/\/posgrados.fcecon.unr.edu.ar\/?product=programa-primer-cliente-pyme-edicion-2025\" \/>\n<meta property=\"og:locale\" content=\"es_ES\" \/>\n<meta property=\"og:type\" content=\"article\" \/>\n<meta property=\"og:title\" content=\"Programa &quot;Mi primer cliente PyME (Edici\u00f3n 2025)&quot; - Secretar\u00eda de Posgrado y Formaci\u00f3n Continua FCEyE UNR\" \/>\n<meta property=\"og:description\" content=\"\u25b6\ufe0f Inicio 21\/04\/2025 \ud83d\udcdd 7 M\u00f3dulos te\u00f3ricos- pr\u00e1cticos. Se puede tomar completo o por m\u00f3dulos independientes. Siempre el mismo horario:...\" \/>\n<meta property=\"og:url\" content=\"https:\/\/posgrados.fcecon.unr.edu.ar\/?product=programa-primer-cliente-pyme-edicion-2025\" \/>\n<meta property=\"og:site_name\" content=\"Secretar\u00eda de Posgrado y Formaci\u00f3n Continua FCEyE UNR\" \/>\n<meta property=\"article:modified_time\" content=\"2025-06-11T20:54:17+00:00\" \/>\n<meta property=\"og:image\" content=\"https:\/\/posgrados.fcecon.unr.edu.ar\/wp-content\/uploads\/2025\/04\/Mi-primer-cliente-PyME-2025-1.png\" \/>\n\t<meta property=\"og:image:width\" content=\"1067\" \/>\n\t<meta property=\"og:image:height\" content=\"1067\" \/>\n\t<meta property=\"og:image:type\" content=\"image\/png\" \/>\n<meta name=\"twitter:card\" content=\"summary_large_image\" \/>\n<meta name=\"twitter:label1\" content=\"Tiempo de lectura\" \/>\n\t<meta name=\"twitter:data1\" content=\"4 minutos\" \/>\n<script type=\"application\/ld+json\" class=\"yoast-schema-graph\">{\"@context\":\"https:\\\/\\\/schema.org\",\"@graph\":[{\"@type\":\"WebPage\",\"@id\":\"https:\\\/\\\/posgrados.fcecon.unr.edu.ar\\\/?product=programa-primer-cliente-pyme-edicion-2025\",\"url\":\"https:\\\/\\\/posgrados.fcecon.unr.edu.ar\\\/?product=programa-primer-cliente-pyme-edicion-2025\",\"name\":\"Programa \\\"Mi primer cliente PyME (Edici\u00f3n 2025)\\\" - Secretar\u00eda de Posgrado y Formaci\u00f3n Continua FCEyE UNR\",\"isPartOf\":{\"@id\":\"https:\\\/\\\/posgrados.fcecon.unr.edu.ar\\\/#website\"},\"primaryImageOfPage\":{\"@id\":\"https:\\\/\\\/posgrados.fcecon.unr.edu.ar\\\/?product=programa-primer-cliente-pyme-edicion-2025#primaryimage\"},\"image\":{\"@id\":\"https:\\\/\\\/posgrados.fcecon.unr.edu.ar\\\/?product=programa-primer-cliente-pyme-edicion-2025#primaryimage\"},\"thumbnailUrl\":\"https:\\\/\\\/posgrados.fcecon.unr.edu.ar\\\/wp-content\\\/uploads\\\/2025\\\/04\\\/Mi-primer-cliente-PyME-2025-1.png\",\"datePublished\":\"2025-04-11T18:32:30+00:00\",\"dateModified\":\"2025-06-11T20:54:17+00:00\",\"breadcrumb\":{\"@id\":\"https:\\\/\\\/posgrados.fcecon.unr.edu.ar\\\/?product=programa-primer-cliente-pyme-edicion-2025#breadcrumb\"},\"inLanguage\":\"es-AR\",\"potentialAction\":[{\"@type\":\"ReadAction\",\"target\":[\"https:\\\/\\\/posgrados.fcecon.unr.edu.ar\\\/?product=programa-primer-cliente-pyme-edicion-2025\"]}]},{\"@type\":\"ImageObject\",\"inLanguage\":\"es-AR\",\"@id\":\"https:\\\/\\\/posgrados.fcecon.unr.edu.ar\\\/?product=programa-primer-cliente-pyme-edicion-2025#primaryimage\",\"url\":\"https:\\\/\\\/posgrados.fcecon.unr.edu.ar\\\/wp-content\\\/uploads\\\/2025\\\/04\\\/Mi-primer-cliente-PyME-2025-1.png\",\"contentUrl\":\"https:\\\/\\\/posgrados.fcecon.unr.edu.ar\\\/wp-content\\\/uploads\\\/2025\\\/04\\\/Mi-primer-cliente-PyME-2025-1.png\",\"width\":1067,\"height\":1067},{\"@type\":\"BreadcrumbList\",\"@id\":\"https:\\\/\\\/posgrados.fcecon.unr.edu.ar\\\/?product=programa-primer-cliente-pyme-edicion-2025#breadcrumb\",\"itemListElement\":[{\"@type\":\"ListItem\",\"position\":1,\"name\":\"Home\",\"item\":\"https:\\\/\\\/posgrados.fcecon.unr.edu.ar\\\/\"},{\"@type\":\"ListItem\",\"position\":2,\"name\":\"Nuestros cursos\",\"item\":\"https:\\\/\\\/posgrados.fcecon.unr.edu.ar\\\/?page_id=122\"},{\"@type\":\"ListItem\",\"position\":3,\"name\":\"Programa &#8220;Mi primer cliente PyME (Edici\u00f3n 2025)&#8221;\"}]},{\"@type\":\"WebSite\",\"@id\":\"https:\\\/\\\/posgrados.fcecon.unr.edu.ar\\\/#website\",\"url\":\"https:\\\/\\\/posgrados.fcecon.unr.edu.ar\\\/\",\"name\":\"Secretar\u00eda de Posgrado y Formaci\u00f3n Continua FCEyE UNR\",\"description\":\"Posgrado FCEyE UNR\",\"publisher\":{\"@id\":\"https:\\\/\\\/posgrados.fcecon.unr.edu.ar\\\/#organization\"},\"potentialAction\":[{\"@type\":\"SearchAction\",\"target\":{\"@type\":\"EntryPoint\",\"urlTemplate\":\"https:\\\/\\\/posgrados.fcecon.unr.edu.ar\\\/?s={search_term_string}\"},\"query-input\":{\"@type\":\"PropertyValueSpecification\",\"valueRequired\":true,\"valueName\":\"search_term_string\"}}],\"inLanguage\":\"es-AR\"},{\"@type\":\"Organization\",\"@id\":\"https:\\\/\\\/posgrados.fcecon.unr.edu.ar\\\/#organization\",\"name\":\"Secretar\u00eda de Posgrado y Formaci\u00f3n Continua FCEyE UNR\",\"url\":\"https:\\\/\\\/posgrados.fcecon.unr.edu.ar\\\/\",\"logo\":{\"@type\":\"ImageObject\",\"inLanguage\":\"es-AR\",\"@id\":\"https:\\\/\\\/posgrados.fcecon.unr.edu.ar\\\/#\\\/schema\\\/logo\\\/image\\\/\",\"url\":\"https:\\\/\\\/posgrados.fcecon.unr.edu.ar\\\/wp-content\\\/uploads\\\/2025\\\/03\\\/cropped-cropped-cropped-cropped-Diseno_sin_titulo__31_-removebg-preview.png\",\"contentUrl\":\"https:\\\/\\\/posgrados.fcecon.unr.edu.ar\\\/wp-content\\\/uploads\\\/2025\\\/03\\\/cropped-cropped-cropped-cropped-Diseno_sin_titulo__31_-removebg-preview.png\",\"width\":675,\"height\":88,\"caption\":\"Secretar\u00eda de Posgrado y Formaci\u00f3n Continua FCEyE UNR\"},\"image\":{\"@id\":\"https:\\\/\\\/posgrados.fcecon.unr.edu.ar\\\/#\\\/schema\\\/logo\\\/image\\\/\"}}]}<\/script>\n<!-- \/ Yoast SEO plugin. -->","yoast_head_json":{"title":"Programa \"Mi primer cliente PyME (Edici\u00f3n 2025)\" - Secretar\u00eda de Posgrado y Formaci\u00f3n Continua FCEyE UNR","robots":{"index":"index","follow":"follow","max-snippet":"max-snippet:-1","max-image-preview":"max-image-preview:large","max-video-preview":"max-video-preview:-1"},"canonical":"https:\/\/posgrados.fcecon.unr.edu.ar\/?product=programa-primer-cliente-pyme-edicion-2025","og_locale":"es_ES","og_type":"article","og_title":"Programa \"Mi primer cliente PyME (Edici\u00f3n 2025)\" - Secretar\u00eda de Posgrado y Formaci\u00f3n Continua FCEyE UNR","og_description":"\u25b6\ufe0f Inicio 21\/04\/2025 \ud83d\udcdd 7 M\u00f3dulos te\u00f3ricos- pr\u00e1cticos. Se puede tomar completo o por m\u00f3dulos independientes. Siempre el mismo horario:...","og_url":"https:\/\/posgrados.fcecon.unr.edu.ar\/?product=programa-primer-cliente-pyme-edicion-2025","og_site_name":"Secretar\u00eda de Posgrado y Formaci\u00f3n Continua FCEyE UNR","article_modified_time":"2025-06-11T20:54:17+00:00","og_image":[{"width":1067,"height":1067,"url":"https:\/\/posgrados.fcecon.unr.edu.ar\/wp-content\/uploads\/2025\/04\/Mi-primer-cliente-PyME-2025-1.png","type":"image\/png"}],"twitter_card":"summary_large_image","twitter_misc":{"Tiempo de lectura":"4 minutos"},"schema":{"@context":"https:\/\/schema.org","@graph":[{"@type":"WebPage","@id":"https:\/\/posgrados.fcecon.unr.edu.ar\/?product=programa-primer-cliente-pyme-edicion-2025","url":"https:\/\/posgrados.fcecon.unr.edu.ar\/?product=programa-primer-cliente-pyme-edicion-2025","name":"Programa \"Mi primer cliente PyME (Edici\u00f3n 2025)\" - Secretar\u00eda de Posgrado y Formaci\u00f3n Continua FCEyE UNR","isPartOf":{"@id":"https:\/\/posgrados.fcecon.unr.edu.ar\/#website"},"primaryImageOfPage":{"@id":"https:\/\/posgrados.fcecon.unr.edu.ar\/?product=programa-primer-cliente-pyme-edicion-2025#primaryimage"},"image":{"@id":"https:\/\/posgrados.fcecon.unr.edu.ar\/?product=programa-primer-cliente-pyme-edicion-2025#primaryimage"},"thumbnailUrl":"https:\/\/posgrados.fcecon.unr.edu.ar\/wp-content\/uploads\/2025\/04\/Mi-primer-cliente-PyME-2025-1.png","datePublished":"2025-04-11T18:32:30+00:00","dateModified":"2025-06-11T20:54:17+00:00","breadcrumb":{"@id":"https:\/\/posgrados.fcecon.unr.edu.ar\/?product=programa-primer-cliente-pyme-edicion-2025#breadcrumb"},"inLanguage":"es-AR","potentialAction":[{"@type":"ReadAction","target":["https:\/\/posgrados.fcecon.unr.edu.ar\/?product=programa-primer-cliente-pyme-edicion-2025"]}]},{"@type":"ImageObject","inLanguage":"es-AR","@id":"https:\/\/posgrados.fcecon.unr.edu.ar\/?product=programa-primer-cliente-pyme-edicion-2025#primaryimage","url":"https:\/\/posgrados.fcecon.unr.edu.ar\/wp-content\/uploads\/2025\/04\/Mi-primer-cliente-PyME-2025-1.png","contentUrl":"https:\/\/posgrados.fcecon.unr.edu.ar\/wp-content\/uploads\/2025\/04\/Mi-primer-cliente-PyME-2025-1.png","width":1067,"height":1067},{"@type":"BreadcrumbList","@id":"https:\/\/posgrados.fcecon.unr.edu.ar\/?product=programa-primer-cliente-pyme-edicion-2025#breadcrumb","itemListElement":[{"@type":"ListItem","position":1,"name":"Home","item":"https:\/\/posgrados.fcecon.unr.edu.ar\/"},{"@type":"ListItem","position":2,"name":"Nuestros cursos","item":"https:\/\/posgrados.fcecon.unr.edu.ar\/?page_id=122"},{"@type":"ListItem","position":3,"name":"Programa &#8220;Mi primer cliente PyME (Edici\u00f3n 2025)&#8221;"}]},{"@type":"WebSite","@id":"https:\/\/posgrados.fcecon.unr.edu.ar\/#website","url":"https:\/\/posgrados.fcecon.unr.edu.ar\/","name":"Secretar\u00eda de Posgrado y Formaci\u00f3n Continua FCEyE UNR","description":"Posgrado FCEyE UNR","publisher":{"@id":"https:\/\/posgrados.fcecon.unr.edu.ar\/#organization"},"potentialAction":[{"@type":"SearchAction","target":{"@type":"EntryPoint","urlTemplate":"https:\/\/posgrados.fcecon.unr.edu.ar\/?s={search_term_string}"},"query-input":{"@type":"PropertyValueSpecification","valueRequired":true,"valueName":"search_term_string"}}],"inLanguage":"es-AR"},{"@type":"Organization","@id":"https:\/\/posgrados.fcecon.unr.edu.ar\/#organization","name":"Secretar\u00eda de Posgrado y Formaci\u00f3n Continua FCEyE UNR","url":"https:\/\/posgrados.fcecon.unr.edu.ar\/","logo":{"@type":"ImageObject","inLanguage":"es-AR","@id":"https:\/\/posgrados.fcecon.unr.edu.ar\/#\/schema\/logo\/image\/","url":"https:\/\/posgrados.fcecon.unr.edu.ar\/wp-content\/uploads\/2025\/03\/cropped-cropped-cropped-cropped-Diseno_sin_titulo__31_-removebg-preview.png","contentUrl":"https:\/\/posgrados.fcecon.unr.edu.ar\/wp-content\/uploads\/2025\/03\/cropped-cropped-cropped-cropped-Diseno_sin_titulo__31_-removebg-preview.png","width":675,"height":88,"caption":"Secretar\u00eda de Posgrado y Formaci\u00f3n Continua FCEyE UNR"},"image":{"@id":"https:\/\/posgrados.fcecon.unr.edu.ar\/#\/schema\/logo\/image\/"}}]}},"_links":{"self":[{"href":"https:\/\/posgrados.fcecon.unr.edu.ar\/index.php?rest_route=\/wp\/v2\/product\/833","targetHints":{"allow":["GET"]}}],"collection":[{"href":"https:\/\/posgrados.fcecon.unr.edu.ar\/index.php?rest_route=\/wp\/v2\/product"}],"about":[{"href":"https:\/\/posgrados.fcecon.unr.edu.ar\/index.php?rest_route=\/wp\/v2\/types\/product"}],"replies":[{"embeddable":true,"href":"https:\/\/posgrados.fcecon.unr.edu.ar\/index.php?rest_route=%2Fwp%2Fv2%2Fcomments&post=833"}],"wp:featuredmedia":[{"embeddable":true,"href":"https:\/\/posgrados.fcecon.unr.edu.ar\/index.php?rest_route=\/wp\/v2\/media\/836"}],"wp:attachment":[{"href":"https:\/\/posgrados.fcecon.unr.edu.ar\/index.php?rest_route=%2Fwp%2Fv2%2Fmedia&parent=833"}],"wp:term":[{"taxonomy":"product_cat","embeddable":true,"href":"https:\/\/posgrados.fcecon.unr.edu.ar\/index.php?rest_route=%2Fwp%2Fv2%2Fproduct_cat&post=833"},{"taxonomy":"product_tag","embeddable":true,"href":"https:\/\/posgrados.fcecon.unr.edu.ar\/index.php?rest_route=%2Fwp%2Fv2%2Fproduct_tag&post=833"}],"curies":[{"name":"wp","href":"https:\/\/api.w.org\/{rel}","templated":true}]}}