{"id":685,"date":"2025-03-05T12:51:59","date_gmt":"2025-03-05T15:51:59","guid":{"rendered":"https:\/\/posgrados.fcecon.unr.edu.ar\/?post_type=product&#038;p=685"},"modified":"2025-08-26T14:50:01","modified_gmt":"2025-08-26T17:50:01","slug":"normas-contables-argentinas-grupos-economicos","status":"publish","type":"product","link":"https:\/\/posgrados.fcecon.unr.edu.ar\/?product=normas-contables-argentinas-grupos-economicos","title":{"rendered":"Normas contables argentinas: Grupos econ\u00f3micos"},"content":{"rendered":"<p>\u25b6\ufe0f <strong>Inicio:<\/strong> 05\/03\/2025<br \/>\n\ud83d\uddd3\ufe0f <strong>Fechas:<\/strong> Mi\u00e9rcoles 5, 12, 19 y 26 de marzo y 9 y 16 de abril<br \/>\n\ud83d\udd5c <strong>Horario:<\/strong> 17 a 20 horas<br \/>\n\ud83d\udc49\ud83c\udffd <strong>Modalidad H\u00edbrida:<\/strong> Presencial: Sede del Consejo Profesional de Ciencias Econ\u00f3micas Prov. de Sta. Fe (CII), Maip\u00fa 1344 (Rosario) | Virtual: a trav\u00e9s de la plataforma Zoom<\/p>\n<p><strong>Docente:<\/strong> Dra. Carmen Ver\u00f3n<\/p>\n<p><strong>Contenidos:<\/strong><br \/>\n\u2714\ufe0f Conversi\u00f3n de estados contables.<br \/>\n\u2714\ufe0f Preparaci\u00f3n de estados contables consolidados.<br \/>\n\u2714\ufe0f Negocios conjuntos.<br \/>\n\u2714\ufe0f Estados contables de negocios conjuntos no societarios: cuestiones espec\u00edficas.<br \/>\n\u2714\ufe0f Participaci\u00f3n en subsidiarias, asociadas y negocios conjuntos societarios: m\u00e9todo del valor patrimonial proporcional.<br \/>\n\u2714\ufe0f Combinaciones de negocios.<\/p>\n<p><strong>Inscripci\u00f3n: <em><a href=\"https:\/\/forms.gle\/KWMQ9ajgYoMTB2r96\">Clic aqu\u00ed<\/a><\/em><\/strong><\/p>\n<p><strong>Costo:<\/strong> $ 140.000 (el pago deber\u00e1 efectuarse al momento de la inscripci\u00f3n)<\/p>\n<p>\u2747\ufe0f <strong>Bonificaciones:<\/strong> Docentes de la FCEyE (UNR): 30% | Matriculados en el CPCE de Sta. Fe (II) y\/o asociados al CGCE de Rosario: 25%<\/p>\n<p>\ud83d\udcb0 <strong>Forma de pago:<\/strong><br \/>\nTransferencia bancaria a Asociaci\u00f3n Cooperadora de Facultad de Ciencias Econ\u00f3micas y Estad\u00edstica de la UNR (*)<br \/>\nBANCO MACRO<br \/>\nCuenta: CC &#8211; PESOS &#8211; 372000000048503<br \/>\nCBU: 2850720230000000485033<\/p>\n<p>\u26a0\ufe0f Para acreditar el pago es indispensable completar este <em><strong><a href=\"https:\/\/docs.google.com\/forms\/d\/e\/1FAIpQLScNuzJ5O-eTxZhYVGTo868OH8Buy9WVoQd0YJYtGyAZ2klb7Q\/viewform\">formulario de pago<\/a><\/strong><\/em><\/p>\n<p>(*) <em>Por otros medios de pago comunicarse al siguiente correo: cobranza-cooperadora@fcecon.unr.edu.ar<\/em><\/p>\n<p>&nbsp;<\/p>\n<p><strong>Organizan:<\/strong><br \/>\nDiplomatura de Estudios Avanzados en Normas Contables Argentinas &#8211; FCEyE (UNR)<br \/>\nConsejo Profesional de Ciencias Econ\u00f3micas de la Provincia de Santa Fe &#8211; C\u00e1mara II<br \/>\nColegio de Graduados en Ciencias Econ\u00f3micas de Rosario<br \/>\n\u00c1rea Graduados. Secretar\u00eda de Posgrado y Formaci\u00f3n Continua &#8211; FCEyE (UNR)<\/p>\n","protected":false},"excerpt":{"rendered":"<p>\u25b6\ufe0f Inicio: 05\/03\/2025 \ud83d\uddd3\ufe0f Fechas: Mi\u00e9rcoles 5, 12, 19 y 26 de marzo y 9 y 16 de abril \ud83d\udd5c<span class=\"more-dots\">&#8230;<\/span><\/p>\n","protected":false},"featured_media":1285,"comment_status":"open","ping_status":"closed","template":"","meta":[],"product_cat":[24],"product_tag":[],"class_list":{"0":"post-685","1":"product","2":"type-product","3":"status-publish","4":"has-post-thumbnail","6":"product_cat-cursos-a-la-comunidad","8":"first","9":"instock","10":"shipping-taxable","11":"product-type-simple"},"yoast_head":"<!-- This site is optimized with the Yoast SEO plugin v27.4 - https:\/\/yoast.com\/product\/yoast-seo-wordpress\/ -->\n<title>Normas contables argentinas: Grupos econ\u00f3micos - Secretar\u00eda de Posgrado y Formaci\u00f3n Continua FCEyE UNR<\/title>\n<meta name=\"robots\" content=\"index, follow, max-snippet:-1, max-image-preview:large, max-video-preview:-1\" \/>\n<link rel=\"canonical\" href=\"https:\/\/posgrados.fcecon.unr.edu.ar\/?product=normas-contables-argentinas-grupos-economicos\" \/>\n<meta property=\"og:locale\" content=\"es_ES\" \/>\n<meta property=\"og:type\" content=\"article\" \/>\n<meta property=\"og:title\" content=\"Normas contables argentinas: Grupos econ\u00f3micos - Secretar\u00eda de Posgrado y Formaci\u00f3n Continua FCEyE UNR\" \/>\n<meta property=\"og:description\" content=\"\u25b6\ufe0f Inicio: 05\/03\/2025 \ud83d\uddd3\ufe0f Fechas: Mi\u00e9rcoles 5, 12, 19 y 26 de marzo y 9 y 16 de abril \ud83d\udd5c...\" \/>\n<meta property=\"og:url\" content=\"https:\/\/posgrados.fcecon.unr.edu.ar\/?product=normas-contables-argentinas-grupos-economicos\" \/>\n<meta property=\"og:site_name\" content=\"Secretar\u00eda de Posgrado y Formaci\u00f3n Continua FCEyE UNR\" \/>\n<meta property=\"article:modified_time\" content=\"2025-08-26T17:50:01+00:00\" \/>\n<meta property=\"og:image\" content=\"https:\/\/posgrados.fcecon.unr.edu.ar\/wp-content\/uploads\/2025\/03\/Cursos-POST-8.png\" \/>\n\t<meta property=\"og:image:width\" content=\"1080\" \/>\n\t<meta property=\"og:image:height\" content=\"1080\" \/>\n\t<meta property=\"og:image:type\" content=\"image\/png\" \/>\n<meta name=\"twitter:card\" content=\"summary_large_image\" \/>\n<meta name=\"twitter:label1\" content=\"Tiempo de lectura\" \/>\n\t<meta name=\"twitter:data1\" content=\"2 minutos\" \/>\n<script type=\"application\/ld+json\" class=\"yoast-schema-graph\">{\"@context\":\"https:\\\/\\\/schema.org\",\"@graph\":[{\"@type\":\"WebPage\",\"@id\":\"https:\\\/\\\/posgrados.fcecon.unr.edu.ar\\\/?product=normas-contables-argentinas-grupos-economicos\",\"url\":\"https:\\\/\\\/posgrados.fcecon.unr.edu.ar\\\/?product=normas-contables-argentinas-grupos-economicos\",\"name\":\"Normas contables argentinas: Grupos econ\u00f3micos - Secretar\u00eda de Posgrado y Formaci\u00f3n Continua FCEyE UNR\",\"isPartOf\":{\"@id\":\"https:\\\/\\\/posgrados.fcecon.unr.edu.ar\\\/#website\"},\"primaryImageOfPage\":{\"@id\":\"https:\\\/\\\/posgrados.fcecon.unr.edu.ar\\\/?product=normas-contables-argentinas-grupos-economicos#primaryimage\"},\"image\":{\"@id\":\"https:\\\/\\\/posgrados.fcecon.unr.edu.ar\\\/?product=normas-contables-argentinas-grupos-economicos#primaryimage\"},\"thumbnailUrl\":\"https:\\\/\\\/posgrados.fcecon.unr.edu.ar\\\/wp-content\\\/uploads\\\/2025\\\/03\\\/Cursos-POST-8.png\",\"datePublished\":\"2025-03-05T15:51:59+00:00\",\"dateModified\":\"2025-08-26T17:50:01+00:00\",\"breadcrumb\":{\"@id\":\"https:\\\/\\\/posgrados.fcecon.unr.edu.ar\\\/?product=normas-contables-argentinas-grupos-economicos#breadcrumb\"},\"inLanguage\":\"es-AR\",\"potentialAction\":[{\"@type\":\"ReadAction\",\"target\":[\"https:\\\/\\\/posgrados.fcecon.unr.edu.ar\\\/?product=normas-contables-argentinas-grupos-economicos\"]}]},{\"@type\":\"ImageObject\",\"inLanguage\":\"es-AR\",\"@id\":\"https:\\\/\\\/posgrados.fcecon.unr.edu.ar\\\/?product=normas-contables-argentinas-grupos-economicos#primaryimage\",\"url\":\"https:\\\/\\\/posgrados.fcecon.unr.edu.ar\\\/wp-content\\\/uploads\\\/2025\\\/03\\\/Cursos-POST-8.png\",\"contentUrl\":\"https:\\\/\\\/posgrados.fcecon.unr.edu.ar\\\/wp-content\\\/uploads\\\/2025\\\/03\\\/Cursos-POST-8.png\",\"width\":1080,\"height\":1080},{\"@type\":\"BreadcrumbList\",\"@id\":\"https:\\\/\\\/posgrados.fcecon.unr.edu.ar\\\/?product=normas-contables-argentinas-grupos-economicos#breadcrumb\",\"itemListElement\":[{\"@type\":\"ListItem\",\"position\":1,\"name\":\"Home\",\"item\":\"https:\\\/\\\/posgrados.fcecon.unr.edu.ar\\\/\"},{\"@type\":\"ListItem\",\"position\":2,\"name\":\"Nuestros cursos\",\"item\":\"https:\\\/\\\/posgrados.fcecon.unr.edu.ar\\\/?page_id=122\"},{\"@type\":\"ListItem\",\"position\":3,\"name\":\"Normas contables argentinas: Grupos econ\u00f3micos\"}]},{\"@type\":\"WebSite\",\"@id\":\"https:\\\/\\\/posgrados.fcecon.unr.edu.ar\\\/#website\",\"url\":\"https:\\\/\\\/posgrados.fcecon.unr.edu.ar\\\/\",\"name\":\"Secretar\u00eda de Posgrado y Formaci\u00f3n Continua FCEyE UNR\",\"description\":\"Posgrado FCEyE UNR\",\"publisher\":{\"@id\":\"https:\\\/\\\/posgrados.fcecon.unr.edu.ar\\\/#organization\"},\"potentialAction\":[{\"@type\":\"SearchAction\",\"target\":{\"@type\":\"EntryPoint\",\"urlTemplate\":\"https:\\\/\\\/posgrados.fcecon.unr.edu.ar\\\/?s={search_term_string}\"},\"query-input\":{\"@type\":\"PropertyValueSpecification\",\"valueRequired\":true,\"valueName\":\"search_term_string\"}}],\"inLanguage\":\"es-AR\"},{\"@type\":\"Organization\",\"@id\":\"https:\\\/\\\/posgrados.fcecon.unr.edu.ar\\\/#organization\",\"name\":\"Secretar\u00eda de Posgrado y Formaci\u00f3n Continua FCEyE UNR\",\"url\":\"https:\\\/\\\/posgrados.fcecon.unr.edu.ar\\\/\",\"logo\":{\"@type\":\"ImageObject\",\"inLanguage\":\"es-AR\",\"@id\":\"https:\\\/\\\/posgrados.fcecon.unr.edu.ar\\\/#\\\/schema\\\/logo\\\/image\\\/\",\"url\":\"https:\\\/\\\/posgrados.fcecon.unr.edu.ar\\\/wp-content\\\/uploads\\\/2025\\\/03\\\/cropped-cropped-cropped-cropped-Diseno_sin_titulo__31_-removebg-preview.png\",\"contentUrl\":\"https:\\\/\\\/posgrados.fcecon.unr.edu.ar\\\/wp-content\\\/uploads\\\/2025\\\/03\\\/cropped-cropped-cropped-cropped-Diseno_sin_titulo__31_-removebg-preview.png\",\"width\":675,\"height\":88,\"caption\":\"Secretar\u00eda de Posgrado y Formaci\u00f3n Continua FCEyE UNR\"},\"image\":{\"@id\":\"https:\\\/\\\/posgrados.fcecon.unr.edu.ar\\\/#\\\/schema\\\/logo\\\/image\\\/\"}}]}<\/script>\n<!-- \/ Yoast SEO plugin. -->","yoast_head_json":{"title":"Normas contables argentinas: Grupos econ\u00f3micos - Secretar\u00eda de Posgrado y Formaci\u00f3n Continua FCEyE UNR","robots":{"index":"index","follow":"follow","max-snippet":"max-snippet:-1","max-image-preview":"max-image-preview:large","max-video-preview":"max-video-preview:-1"},"canonical":"https:\/\/posgrados.fcecon.unr.edu.ar\/?product=normas-contables-argentinas-grupos-economicos","og_locale":"es_ES","og_type":"article","og_title":"Normas contables argentinas: Grupos econ\u00f3micos - Secretar\u00eda de Posgrado y Formaci\u00f3n Continua FCEyE UNR","og_description":"\u25b6\ufe0f Inicio: 05\/03\/2025 \ud83d\uddd3\ufe0f Fechas: Mi\u00e9rcoles 5, 12, 19 y 26 de marzo y 9 y 16 de abril \ud83d\udd5c...","og_url":"https:\/\/posgrados.fcecon.unr.edu.ar\/?product=normas-contables-argentinas-grupos-economicos","og_site_name":"Secretar\u00eda de Posgrado y Formaci\u00f3n Continua FCEyE UNR","article_modified_time":"2025-08-26T17:50:01+00:00","og_image":[{"width":1080,"height":1080,"url":"https:\/\/posgrados.fcecon.unr.edu.ar\/wp-content\/uploads\/2025\/03\/Cursos-POST-8.png","type":"image\/png"}],"twitter_card":"summary_large_image","twitter_misc":{"Tiempo de lectura":"2 minutos"},"schema":{"@context":"https:\/\/schema.org","@graph":[{"@type":"WebPage","@id":"https:\/\/posgrados.fcecon.unr.edu.ar\/?product=normas-contables-argentinas-grupos-economicos","url":"https:\/\/posgrados.fcecon.unr.edu.ar\/?product=normas-contables-argentinas-grupos-economicos","name":"Normas contables argentinas: Grupos econ\u00f3micos - Secretar\u00eda de Posgrado y Formaci\u00f3n Continua FCEyE UNR","isPartOf":{"@id":"https:\/\/posgrados.fcecon.unr.edu.ar\/#website"},"primaryImageOfPage":{"@id":"https:\/\/posgrados.fcecon.unr.edu.ar\/?product=normas-contables-argentinas-grupos-economicos#primaryimage"},"image":{"@id":"https:\/\/posgrados.fcecon.unr.edu.ar\/?product=normas-contables-argentinas-grupos-economicos#primaryimage"},"thumbnailUrl":"https:\/\/posgrados.fcecon.unr.edu.ar\/wp-content\/uploads\/2025\/03\/Cursos-POST-8.png","datePublished":"2025-03-05T15:51:59+00:00","dateModified":"2025-08-26T17:50:01+00:00","breadcrumb":{"@id":"https:\/\/posgrados.fcecon.unr.edu.ar\/?product=normas-contables-argentinas-grupos-economicos#breadcrumb"},"inLanguage":"es-AR","potentialAction":[{"@type":"ReadAction","target":["https:\/\/posgrados.fcecon.unr.edu.ar\/?product=normas-contables-argentinas-grupos-economicos"]}]},{"@type":"ImageObject","inLanguage":"es-AR","@id":"https:\/\/posgrados.fcecon.unr.edu.ar\/?product=normas-contables-argentinas-grupos-economicos#primaryimage","url":"https:\/\/posgrados.fcecon.unr.edu.ar\/wp-content\/uploads\/2025\/03\/Cursos-POST-8.png","contentUrl":"https:\/\/posgrados.fcecon.unr.edu.ar\/wp-content\/uploads\/2025\/03\/Cursos-POST-8.png","width":1080,"height":1080},{"@type":"BreadcrumbList","@id":"https:\/\/posgrados.fcecon.unr.edu.ar\/?product=normas-contables-argentinas-grupos-economicos#breadcrumb","itemListElement":[{"@type":"ListItem","position":1,"name":"Home","item":"https:\/\/posgrados.fcecon.unr.edu.ar\/"},{"@type":"ListItem","position":2,"name":"Nuestros cursos","item":"https:\/\/posgrados.fcecon.unr.edu.ar\/?page_id=122"},{"@type":"ListItem","position":3,"name":"Normas contables argentinas: Grupos econ\u00f3micos"}]},{"@type":"WebSite","@id":"https:\/\/posgrados.fcecon.unr.edu.ar\/#website","url":"https:\/\/posgrados.fcecon.unr.edu.ar\/","name":"Secretar\u00eda de Posgrado y Formaci\u00f3n Continua FCEyE UNR","description":"Posgrado FCEyE UNR","publisher":{"@id":"https:\/\/posgrados.fcecon.unr.edu.ar\/#organization"},"potentialAction":[{"@type":"SearchAction","target":{"@type":"EntryPoint","urlTemplate":"https:\/\/posgrados.fcecon.unr.edu.ar\/?s={search_term_string}"},"query-input":{"@type":"PropertyValueSpecification","valueRequired":true,"valueName":"search_term_string"}}],"inLanguage":"es-AR"},{"@type":"Organization","@id":"https:\/\/posgrados.fcecon.unr.edu.ar\/#organization","name":"Secretar\u00eda de Posgrado y Formaci\u00f3n Continua FCEyE UNR","url":"https:\/\/posgrados.fcecon.unr.edu.ar\/","logo":{"@type":"ImageObject","inLanguage":"es-AR","@id":"https:\/\/posgrados.fcecon.unr.edu.ar\/#\/schema\/logo\/image\/","url":"https:\/\/posgrados.fcecon.unr.edu.ar\/wp-content\/uploads\/2025\/03\/cropped-cropped-cropped-cropped-Diseno_sin_titulo__31_-removebg-preview.png","contentUrl":"https:\/\/posgrados.fcecon.unr.edu.ar\/wp-content\/uploads\/2025\/03\/cropped-cropped-cropped-cropped-Diseno_sin_titulo__31_-removebg-preview.png","width":675,"height":88,"caption":"Secretar\u00eda de Posgrado y Formaci\u00f3n Continua FCEyE UNR"},"image":{"@id":"https:\/\/posgrados.fcecon.unr.edu.ar\/#\/schema\/logo\/image\/"}}]}},"_links":{"self":[{"href":"https:\/\/posgrados.fcecon.unr.edu.ar\/index.php?rest_route=\/wp\/v2\/product\/685","targetHints":{"allow":["GET"]}}],"collection":[{"href":"https:\/\/posgrados.fcecon.unr.edu.ar\/index.php?rest_route=\/wp\/v2\/product"}],"about":[{"href":"https:\/\/posgrados.fcecon.unr.edu.ar\/index.php?rest_route=\/wp\/v2\/types\/product"}],"replies":[{"embeddable":true,"href":"https:\/\/posgrados.fcecon.unr.edu.ar\/index.php?rest_route=%2Fwp%2Fv2%2Fcomments&post=685"}],"wp:featuredmedia":[{"embeddable":true,"href":"https:\/\/posgrados.fcecon.unr.edu.ar\/index.php?rest_route=\/wp\/v2\/media\/1285"}],"wp:attachment":[{"href":"https:\/\/posgrados.fcecon.unr.edu.ar\/index.php?rest_route=%2Fwp%2Fv2%2Fmedia&parent=685"}],"wp:term":[{"taxonomy":"product_cat","embeddable":true,"href":"https:\/\/posgrados.fcecon.unr.edu.ar\/index.php?rest_route=%2Fwp%2Fv2%2Fproduct_cat&post=685"},{"taxonomy":"product_tag","embeddable":true,"href":"https:\/\/posgrados.fcecon.unr.edu.ar\/index.php?rest_route=%2Fwp%2Fv2%2Fproduct_tag&post=685"}],"curies":[{"name":"wp","href":"https:\/\/api.w.org\/{rel}","templated":true}]}}