{"id":1306,"date":"2025-09-23T10:49:29","date_gmt":"2025-09-23T13:49:29","guid":{"rendered":"https:\/\/posgrados.fcecon.unr.edu.ar\/?post_type=product&#038;p=1306"},"modified":"2026-03-12T15:37:14","modified_gmt":"2026-03-12T18:37:14","slug":"curso-introduccion-al-mundo-latex-nociones-basicas-para-la-elaboracion-de-documentos-academicos","status":"publish","type":"product","link":"https:\/\/posgrados.fcecon.unr.edu.ar\/?product=curso-introduccion-al-mundo-latex-nociones-basicas-para-la-elaboracion-de-documentos-academicos","title":{"rendered":"Curso &#8220;Introducci\u00f3n al mundo LaTeX. Nociones b\u00e1sicas para la elaboraci\u00f3n de documentos acad\u00e9micos&#8221;"},"content":{"rendered":"<p><img decoding=\"async\" class=\"emoji\" role=\"img\" draggable=\"false\" src=\"https:\/\/s.w.org\/images\/core\/emoji\/15.1.0\/svg\/1f5d3.svg\" alt=\"\ud83d\uddd3\ufe0f\" \/> 5 encuentros: Mi\u00e9rcoles 1, 8, 15, 22 y 29\/10<br \/>\n<img decoding=\"async\" class=\"emoji\" role=\"img\" draggable=\"false\" src=\"https:\/\/s.w.org\/images\/core\/emoji\/15.1.0\/svg\/1f55c.svg\" alt=\"\ud83d\udd5c\" \/> Horario: de 18 a 21<br \/>\n<img decoding=\"async\" class=\"emoji\" role=\"img\" draggable=\"false\" src=\"https:\/\/s.w.org\/images\/core\/emoji\/15.1.0\/svg\/1f449-1f3fd.svg\" alt=\"\ud83d\udc49\ud83c\udffd\" \/> Modalidad: Virtual \/ Plataforma Meet<\/p>\n<p><strong>Docente a cargo:<\/strong> Lic. Miguel Fedonczuk<\/p>\n<p><strong>Programa:<\/strong><br \/>\n\u2714\ufe0f M\u00f3dulo 1: Introducci\u00f3n a LaTeX<br \/>\n\u2714\ufe0f M\u00f3dulo 2: Confecci\u00f3n de gu\u00edas de actividades<br \/>\n\u2714\ufe0f M\u00f3dulo 3: Redacci\u00f3n de art\u00edculos<br \/>\n\u2714\ufe0f M\u00f3dulo 4: Presentaciones<br \/>\n\u2714\ufe0f M\u00f3dulo 5: Tesis y libros<\/p>\n<div><\/div>\n<p><img decoding=\"async\" class=\"emoji\" role=\"img\" draggable=\"false\" src=\"https:\/\/s.w.org\/images\/core\/emoji\/16.0.1\/svg\/1f4b0.svg\" alt=\"\ud83d\udcb0\" \/>\u00a0<strong>Costo por m\u00f3dulo:<\/strong><br \/>\nAlumnos y docentes FCEyE UNR: $ 70.000<br \/>\nGraduados FCEyE UNR y\/o matriculados CPCE: $ 75.000<br \/>\nP\u00fablico general: $ 80.000<\/p>\n<p><strong>M\u00e1s Info:<\/strong>\u00a0posgrado.virtual@fcecon.unr.edu.ar<\/p>\n<p><img decoding=\"async\" class=\"emoji\" role=\"img\" draggable=\"false\" src=\"https:\/\/s.w.org\/images\/core\/emoji\/16.0.1\/svg\/27a1.svg\" alt=\"\u27a1\ufe0f\" \/>\u00a01) Cargar la inscripci\u00f3n\u00a0<a href=\"https:\/\/forms.gle\/AXRTWxxx6xGKcm796\"><em><strong>en este link<\/strong><\/em><\/a><\/p>\n<p><img decoding=\"async\" class=\"emoji\" role=\"img\" draggable=\"false\" src=\"https:\/\/s.w.org\/images\/core\/emoji\/16.0.1\/svg\/27a1.svg\" alt=\"\u27a1\ufe0f\" \/>\u00a02) Acreditar el pago completando\u00a0<a href=\"https:\/\/docs.google.com\/forms\/d\/e\/1FAIpQLScNuzJ5O-eTxZhYVGTo868OH8Buy9WVoQd0YJYtGyAZ2klb7Q\/viewform\"><em><strong>el siguiente link<\/strong><\/em><\/a><\/p>\n<div><\/div>\n<p><strong>Forma de pago:<\/strong><br \/>\nTransferencia bancaria a Asociaci\u00f3n Cooperadora de Facultad de Ciencias Econ\u00f3micas y Estad\u00edstica de la UNR (*)<br \/>\nBANCO MACRO<br \/>\nCuenta: CC \u2013 PESOS \u2013 372000000048503<br \/>\nCBU: 2850720230000000485033<\/p>\n<p>(*)\u00a0<em>Por otros medios de pago comunicarse al siguiente correo: cobranza-cooperadora@fcecon.unr.edu.ar<\/em><\/p>\n<p><strong>Organizan:<\/strong><br \/>\nDepartamento de Inform\u00e1tica para la Ciencia de datos. Escuela de Estad\u00edstica<br \/>\n\u00c1rea Graduados. Secretar\u00eda de Posgrado y Formaci\u00f3n Continua. Facultad de Ciencias Econ\u00f3micas y Estad\u00edstica UNR.<\/p>\n","protected":false},"excerpt":{"rendered":"<p>5 encuentros: Mi\u00e9rcoles 1, 8, 15, 22 y 29\/10 Horario: de 18 a 21 Modalidad: Virtual \/ Plataforma Meet Docente<span class=\"more-dots\">&#8230;<\/span><\/p>\n","protected":false},"featured_media":1410,"comment_status":"open","ping_status":"closed","template":"","meta":[],"product_cat":[24],"product_tag":[],"class_list":{"0":"post-1306","1":"product","2":"type-product","3":"status-publish","4":"has-post-thumbnail","6":"product_cat-cursos-a-la-comunidad","8":"first","9":"instock","10":"shipping-taxable","11":"product-type-simple"},"yoast_head":"<!-- This site is optimized with the Yoast SEO plugin v27.4 - https:\/\/yoast.com\/product\/yoast-seo-wordpress\/ -->\n<title>Curso &quot;Introducci\u00f3n al mundo LaTeX. Nociones b\u00e1sicas para la elaboraci\u00f3n de documentos acad\u00e9micos&quot; - Secretar\u00eda de Posgrado y Formaci\u00f3n Continua FCEyE UNR<\/title>\n<meta name=\"robots\" content=\"index, follow, max-snippet:-1, max-image-preview:large, max-video-preview:-1\" \/>\n<link rel=\"canonical\" href=\"https:\/\/posgrados.fcecon.unr.edu.ar\/?product=curso-introduccion-al-mundo-latex-nociones-basicas-para-la-elaboracion-de-documentos-academicos\" \/>\n<meta property=\"og:locale\" content=\"es_ES\" \/>\n<meta property=\"og:type\" content=\"article\" \/>\n<meta property=\"og:title\" content=\"Curso &quot;Introducci\u00f3n al mundo LaTeX. Nociones b\u00e1sicas para la elaboraci\u00f3n de documentos acad\u00e9micos&quot; - Secretar\u00eda de Posgrado y Formaci\u00f3n Continua FCEyE UNR\" \/>\n<meta property=\"og:description\" content=\"5 encuentros: Mi\u00e9rcoles 1, 8, 15, 22 y 29\/10 Horario: de 18 a 21 Modalidad: Virtual \/ Plataforma Meet Docente...\" \/>\n<meta property=\"og:url\" content=\"https:\/\/posgrados.fcecon.unr.edu.ar\/?product=curso-introduccion-al-mundo-latex-nociones-basicas-para-la-elaboracion-de-documentos-academicos\" \/>\n<meta property=\"og:site_name\" content=\"Secretar\u00eda de Posgrado y Formaci\u00f3n Continua FCEyE UNR\" \/>\n<meta property=\"article:modified_time\" content=\"2026-03-12T18:37:14+00:00\" \/>\n<meta property=\"og:image\" content=\"https:\/\/posgrados.fcecon.unr.edu.ar\/wp-content\/uploads\/2025\/09\/Cursos-POST-5-1.png\" \/>\n\t<meta property=\"og:image:width\" content=\"1080\" \/>\n\t<meta property=\"og:image:height\" content=\"1080\" \/>\n\t<meta property=\"og:image:type\" content=\"image\/png\" \/>\n<meta name=\"twitter:card\" content=\"summary_large_image\" \/>\n<meta name=\"twitter:label1\" content=\"Tiempo de lectura\" \/>\n\t<meta name=\"twitter:data1\" content=\"3 minutos\" \/>\n<script type=\"application\/ld+json\" class=\"yoast-schema-graph\">{\"@context\":\"https:\\\/\\\/schema.org\",\"@graph\":[{\"@type\":\"WebPage\",\"@id\":\"https:\\\/\\\/posgrados.fcecon.unr.edu.ar\\\/?product=curso-introduccion-al-mundo-latex-nociones-basicas-para-la-elaboracion-de-documentos-academicos\",\"url\":\"https:\\\/\\\/posgrados.fcecon.unr.edu.ar\\\/?product=curso-introduccion-al-mundo-latex-nociones-basicas-para-la-elaboracion-de-documentos-academicos\",\"name\":\"Curso \\\"Introducci\u00f3n al mundo LaTeX. Nociones b\u00e1sicas para la elaboraci\u00f3n de documentos acad\u00e9micos\\\" - Secretar\u00eda de Posgrado y Formaci\u00f3n Continua FCEyE UNR\",\"isPartOf\":{\"@id\":\"https:\\\/\\\/posgrados.fcecon.unr.edu.ar\\\/#website\"},\"primaryImageOfPage\":{\"@id\":\"https:\\\/\\\/posgrados.fcecon.unr.edu.ar\\\/?product=curso-introduccion-al-mundo-latex-nociones-basicas-para-la-elaboracion-de-documentos-academicos#primaryimage\"},\"image\":{\"@id\":\"https:\\\/\\\/posgrados.fcecon.unr.edu.ar\\\/?product=curso-introduccion-al-mundo-latex-nociones-basicas-para-la-elaboracion-de-documentos-academicos#primaryimage\"},\"thumbnailUrl\":\"https:\\\/\\\/posgrados.fcecon.unr.edu.ar\\\/wp-content\\\/uploads\\\/2025\\\/09\\\/Cursos-POST-5-1.png\",\"datePublished\":\"2025-09-23T13:49:29+00:00\",\"dateModified\":\"2026-03-12T18:37:14+00:00\",\"breadcrumb\":{\"@id\":\"https:\\\/\\\/posgrados.fcecon.unr.edu.ar\\\/?product=curso-introduccion-al-mundo-latex-nociones-basicas-para-la-elaboracion-de-documentos-academicos#breadcrumb\"},\"inLanguage\":\"es-AR\",\"potentialAction\":[{\"@type\":\"ReadAction\",\"target\":[\"https:\\\/\\\/posgrados.fcecon.unr.edu.ar\\\/?product=curso-introduccion-al-mundo-latex-nociones-basicas-para-la-elaboracion-de-documentos-academicos\"]}]},{\"@type\":\"ImageObject\",\"inLanguage\":\"es-AR\",\"@id\":\"https:\\\/\\\/posgrados.fcecon.unr.edu.ar\\\/?product=curso-introduccion-al-mundo-latex-nociones-basicas-para-la-elaboracion-de-documentos-academicos#primaryimage\",\"url\":\"https:\\\/\\\/posgrados.fcecon.unr.edu.ar\\\/wp-content\\\/uploads\\\/2025\\\/09\\\/Cursos-POST-5-1.png\",\"contentUrl\":\"https:\\\/\\\/posgrados.fcecon.unr.edu.ar\\\/wp-content\\\/uploads\\\/2025\\\/09\\\/Cursos-POST-5-1.png\",\"width\":1080,\"height\":1080},{\"@type\":\"BreadcrumbList\",\"@id\":\"https:\\\/\\\/posgrados.fcecon.unr.edu.ar\\\/?product=curso-introduccion-al-mundo-latex-nociones-basicas-para-la-elaboracion-de-documentos-academicos#breadcrumb\",\"itemListElement\":[{\"@type\":\"ListItem\",\"position\":1,\"name\":\"Home\",\"item\":\"https:\\\/\\\/posgrados.fcecon.unr.edu.ar\\\/\"},{\"@type\":\"ListItem\",\"position\":2,\"name\":\"Nuestros cursos\",\"item\":\"https:\\\/\\\/posgrados.fcecon.unr.edu.ar\\\/?page_id=122\"},{\"@type\":\"ListItem\",\"position\":3,\"name\":\"Curso &#8220;Introducci\u00f3n al mundo LaTeX. Nociones b\u00e1sicas para la elaboraci\u00f3n de documentos acad\u00e9micos&#8221;\"}]},{\"@type\":\"WebSite\",\"@id\":\"https:\\\/\\\/posgrados.fcecon.unr.edu.ar\\\/#website\",\"url\":\"https:\\\/\\\/posgrados.fcecon.unr.edu.ar\\\/\",\"name\":\"Secretar\u00eda de Posgrado y Formaci\u00f3n Continua FCEyE UNR\",\"description\":\"Posgrado FCEyE UNR\",\"publisher\":{\"@id\":\"https:\\\/\\\/posgrados.fcecon.unr.edu.ar\\\/#organization\"},\"potentialAction\":[{\"@type\":\"SearchAction\",\"target\":{\"@type\":\"EntryPoint\",\"urlTemplate\":\"https:\\\/\\\/posgrados.fcecon.unr.edu.ar\\\/?s={search_term_string}\"},\"query-input\":{\"@type\":\"PropertyValueSpecification\",\"valueRequired\":true,\"valueName\":\"search_term_string\"}}],\"inLanguage\":\"es-AR\"},{\"@type\":\"Organization\",\"@id\":\"https:\\\/\\\/posgrados.fcecon.unr.edu.ar\\\/#organization\",\"name\":\"Secretar\u00eda de Posgrado y Formaci\u00f3n Continua FCEyE UNR\",\"url\":\"https:\\\/\\\/posgrados.fcecon.unr.edu.ar\\\/\",\"logo\":{\"@type\":\"ImageObject\",\"inLanguage\":\"es-AR\",\"@id\":\"https:\\\/\\\/posgrados.fcecon.unr.edu.ar\\\/#\\\/schema\\\/logo\\\/image\\\/\",\"url\":\"https:\\\/\\\/posgrados.fcecon.unr.edu.ar\\\/wp-content\\\/uploads\\\/2025\\\/03\\\/cropped-cropped-cropped-cropped-Diseno_sin_titulo__31_-removebg-preview.png\",\"contentUrl\":\"https:\\\/\\\/posgrados.fcecon.unr.edu.ar\\\/wp-content\\\/uploads\\\/2025\\\/03\\\/cropped-cropped-cropped-cropped-Diseno_sin_titulo__31_-removebg-preview.png\",\"width\":675,\"height\":88,\"caption\":\"Secretar\u00eda de Posgrado y Formaci\u00f3n Continua FCEyE UNR\"},\"image\":{\"@id\":\"https:\\\/\\\/posgrados.fcecon.unr.edu.ar\\\/#\\\/schema\\\/logo\\\/image\\\/\"}}]}<\/script>\n<!-- \/ Yoast SEO plugin. -->","yoast_head_json":{"title":"Curso \"Introducci\u00f3n al mundo LaTeX. Nociones b\u00e1sicas para la elaboraci\u00f3n de documentos acad\u00e9micos\" - Secretar\u00eda de Posgrado y Formaci\u00f3n Continua FCEyE UNR","robots":{"index":"index","follow":"follow","max-snippet":"max-snippet:-1","max-image-preview":"max-image-preview:large","max-video-preview":"max-video-preview:-1"},"canonical":"https:\/\/posgrados.fcecon.unr.edu.ar\/?product=curso-introduccion-al-mundo-latex-nociones-basicas-para-la-elaboracion-de-documentos-academicos","og_locale":"es_ES","og_type":"article","og_title":"Curso \"Introducci\u00f3n al mundo LaTeX. Nociones b\u00e1sicas para la elaboraci\u00f3n de documentos acad\u00e9micos\" - Secretar\u00eda de Posgrado y Formaci\u00f3n Continua FCEyE UNR","og_description":"5 encuentros: Mi\u00e9rcoles 1, 8, 15, 22 y 29\/10 Horario: de 18 a 21 Modalidad: Virtual \/ Plataforma Meet Docente...","og_url":"https:\/\/posgrados.fcecon.unr.edu.ar\/?product=curso-introduccion-al-mundo-latex-nociones-basicas-para-la-elaboracion-de-documentos-academicos","og_site_name":"Secretar\u00eda de Posgrado y Formaci\u00f3n Continua FCEyE UNR","article_modified_time":"2026-03-12T18:37:14+00:00","og_image":[{"width":1080,"height":1080,"url":"https:\/\/posgrados.fcecon.unr.edu.ar\/wp-content\/uploads\/2025\/09\/Cursos-POST-5-1.png","type":"image\/png"}],"twitter_card":"summary_large_image","twitter_misc":{"Tiempo de lectura":"3 minutos"},"schema":{"@context":"https:\/\/schema.org","@graph":[{"@type":"WebPage","@id":"https:\/\/posgrados.fcecon.unr.edu.ar\/?product=curso-introduccion-al-mundo-latex-nociones-basicas-para-la-elaboracion-de-documentos-academicos","url":"https:\/\/posgrados.fcecon.unr.edu.ar\/?product=curso-introduccion-al-mundo-latex-nociones-basicas-para-la-elaboracion-de-documentos-academicos","name":"Curso \"Introducci\u00f3n al mundo LaTeX. Nociones b\u00e1sicas para la elaboraci\u00f3n de documentos acad\u00e9micos\" - Secretar\u00eda de Posgrado y Formaci\u00f3n Continua FCEyE UNR","isPartOf":{"@id":"https:\/\/posgrados.fcecon.unr.edu.ar\/#website"},"primaryImageOfPage":{"@id":"https:\/\/posgrados.fcecon.unr.edu.ar\/?product=curso-introduccion-al-mundo-latex-nociones-basicas-para-la-elaboracion-de-documentos-academicos#primaryimage"},"image":{"@id":"https:\/\/posgrados.fcecon.unr.edu.ar\/?product=curso-introduccion-al-mundo-latex-nociones-basicas-para-la-elaboracion-de-documentos-academicos#primaryimage"},"thumbnailUrl":"https:\/\/posgrados.fcecon.unr.edu.ar\/wp-content\/uploads\/2025\/09\/Cursos-POST-5-1.png","datePublished":"2025-09-23T13:49:29+00:00","dateModified":"2026-03-12T18:37:14+00:00","breadcrumb":{"@id":"https:\/\/posgrados.fcecon.unr.edu.ar\/?product=curso-introduccion-al-mundo-latex-nociones-basicas-para-la-elaboracion-de-documentos-academicos#breadcrumb"},"inLanguage":"es-AR","potentialAction":[{"@type":"ReadAction","target":["https:\/\/posgrados.fcecon.unr.edu.ar\/?product=curso-introduccion-al-mundo-latex-nociones-basicas-para-la-elaboracion-de-documentos-academicos"]}]},{"@type":"ImageObject","inLanguage":"es-AR","@id":"https:\/\/posgrados.fcecon.unr.edu.ar\/?product=curso-introduccion-al-mundo-latex-nociones-basicas-para-la-elaboracion-de-documentos-academicos#primaryimage","url":"https:\/\/posgrados.fcecon.unr.edu.ar\/wp-content\/uploads\/2025\/09\/Cursos-POST-5-1.png","contentUrl":"https:\/\/posgrados.fcecon.unr.edu.ar\/wp-content\/uploads\/2025\/09\/Cursos-POST-5-1.png","width":1080,"height":1080},{"@type":"BreadcrumbList","@id":"https:\/\/posgrados.fcecon.unr.edu.ar\/?product=curso-introduccion-al-mundo-latex-nociones-basicas-para-la-elaboracion-de-documentos-academicos#breadcrumb","itemListElement":[{"@type":"ListItem","position":1,"name":"Home","item":"https:\/\/posgrados.fcecon.unr.edu.ar\/"},{"@type":"ListItem","position":2,"name":"Nuestros cursos","item":"https:\/\/posgrados.fcecon.unr.edu.ar\/?page_id=122"},{"@type":"ListItem","position":3,"name":"Curso &#8220;Introducci\u00f3n al mundo LaTeX. Nociones b\u00e1sicas para la elaboraci\u00f3n de documentos acad\u00e9micos&#8221;"}]},{"@type":"WebSite","@id":"https:\/\/posgrados.fcecon.unr.edu.ar\/#website","url":"https:\/\/posgrados.fcecon.unr.edu.ar\/","name":"Secretar\u00eda de Posgrado y Formaci\u00f3n Continua FCEyE UNR","description":"Posgrado FCEyE UNR","publisher":{"@id":"https:\/\/posgrados.fcecon.unr.edu.ar\/#organization"},"potentialAction":[{"@type":"SearchAction","target":{"@type":"EntryPoint","urlTemplate":"https:\/\/posgrados.fcecon.unr.edu.ar\/?s={search_term_string}"},"query-input":{"@type":"PropertyValueSpecification","valueRequired":true,"valueName":"search_term_string"}}],"inLanguage":"es-AR"},{"@type":"Organization","@id":"https:\/\/posgrados.fcecon.unr.edu.ar\/#organization","name":"Secretar\u00eda de Posgrado y Formaci\u00f3n Continua FCEyE UNR","url":"https:\/\/posgrados.fcecon.unr.edu.ar\/","logo":{"@type":"ImageObject","inLanguage":"es-AR","@id":"https:\/\/posgrados.fcecon.unr.edu.ar\/#\/schema\/logo\/image\/","url":"https:\/\/posgrados.fcecon.unr.edu.ar\/wp-content\/uploads\/2025\/03\/cropped-cropped-cropped-cropped-Diseno_sin_titulo__31_-removebg-preview.png","contentUrl":"https:\/\/posgrados.fcecon.unr.edu.ar\/wp-content\/uploads\/2025\/03\/cropped-cropped-cropped-cropped-Diseno_sin_titulo__31_-removebg-preview.png","width":675,"height":88,"caption":"Secretar\u00eda de Posgrado y Formaci\u00f3n Continua FCEyE UNR"},"image":{"@id":"https:\/\/posgrados.fcecon.unr.edu.ar\/#\/schema\/logo\/image\/"}}]}},"_links":{"self":[{"href":"https:\/\/posgrados.fcecon.unr.edu.ar\/index.php?rest_route=\/wp\/v2\/product\/1306","targetHints":{"allow":["GET"]}}],"collection":[{"href":"https:\/\/posgrados.fcecon.unr.edu.ar\/index.php?rest_route=\/wp\/v2\/product"}],"about":[{"href":"https:\/\/posgrados.fcecon.unr.edu.ar\/index.php?rest_route=\/wp\/v2\/types\/product"}],"replies":[{"embeddable":true,"href":"https:\/\/posgrados.fcecon.unr.edu.ar\/index.php?rest_route=%2Fwp%2Fv2%2Fcomments&post=1306"}],"wp:featuredmedia":[{"embeddable":true,"href":"https:\/\/posgrados.fcecon.unr.edu.ar\/index.php?rest_route=\/wp\/v2\/media\/1410"}],"wp:attachment":[{"href":"https:\/\/posgrados.fcecon.unr.edu.ar\/index.php?rest_route=%2Fwp%2Fv2%2Fmedia&parent=1306"}],"wp:term":[{"taxonomy":"product_cat","embeddable":true,"href":"https:\/\/posgrados.fcecon.unr.edu.ar\/index.php?rest_route=%2Fwp%2Fv2%2Fproduct_cat&post=1306"},{"taxonomy":"product_tag","embeddable":true,"href":"https:\/\/posgrados.fcecon.unr.edu.ar\/index.php?rest_route=%2Fwp%2Fv2%2Fproduct_tag&post=1306"}],"curies":[{"name":"wp","href":"https:\/\/api.w.org\/{rel}","templated":true}]}}