{"id":1070,"date":"2025-06-11T16:36:55","date_gmt":"2025-06-11T19:36:55","guid":{"rendered":"https:\/\/posgrados.fcecon.unr.edu.ar\/?post_type=product&#038;p=1070"},"modified":"2025-08-26T15:00:44","modified_gmt":"2025-08-26T18:00:44","slug":"programa-liderazgo-y-coaching-organizacional-modulo-5-negociacion-ontologica","status":"publish","type":"product","link":"https:\/\/posgrados.fcecon.unr.edu.ar\/?product=programa-liderazgo-y-coaching-organizacional-modulo-5-negociacion-ontologica","title":{"rendered":"Programa &#8220;Liderazgo y Coaching Organizacional&#8221; | M\u00f3dulo 5: Negociaci\u00f3n Ontol\u00f3gica"},"content":{"rendered":"<p>\ud83d\uddd3\ufe0f Lunes 30\/06 y Mi\u00e9rcoles 02\/07<br \/>\n\ud83d\udd5c Horario: 18 a 19.30<br \/>\n\ud83d\udc49\ud83c\udffd Modalidad: Virtual: Plataforma Zoom<br \/>\n\ud83e\uddfe Se entregan certificados de asistencia<\/p>\n<p><strong>Docentes a cargo:<\/strong> SCOP Daniela Ayala y SCOP Natalia Chiaramoni<\/p>\n<p><strong>Contenidos:<\/strong><\/p>\n<p>\u2714\ufe0f Negociaci\u00f3n. Conflicto: capas organizacionales. Brechas conversacionales.<br \/>\n\u2714\ufe0f Rutinas defensivas organizacionales<br \/>\n\u2714\ufe0f Inteligencia corporal. Negociar desde el cuerpo. Tipos de conversaciones.<br \/>\n\u2714\ufe0f Conflicto y asertividad. Movimientos conversacionales.Triangulaci\u00f3n de conflicto.<br \/>\n\u2714\ufe0f Estilos negociadores. Colaborar y competir.<\/p>\n<p>\u27a1\ufe0f Cargar la inscripci\u00f3n en <a href=\"https:\/\/forms.gle\/AXRTWxxx6xGKcm796\"><em><strong>este link<\/strong><\/em><\/a><\/p>\n<p><img decoding=\"async\" class=\"emoji\" role=\"img\" draggable=\"false\" src=\"https:\/\/s.w.org\/images\/core\/emoji\/15.1.0\/svg\/26a0.svg\" alt=\"\u26a0\ufe0f\" \/> Para acreditar el pago es indispensable completar este <a href=\"https:\/\/docs.google.com\/forms\/d\/e\/1FAIpQLScNuzJ5O-eTxZhYVGTo868OH8Buy9WVoQd0YJYtGyAZ2klb7Q\/viewform\"><em><strong>formulario de pago<\/strong><\/em><\/a><\/p>\n<p><strong>Costo por m\u00f3dulo:<\/strong><br \/>\nEstudiantes y docentes FCEyE UNR: $ 14.400<br \/>\nGraduados FCEyE UNR y\/o matriculados CPCE: $ 15.500<br \/>\nP\u00fablico general: $ 16.500<\/p>\n<p><strong>Forma de pago:<\/strong><br \/>\nTransferencia bancaria a Asociaci\u00f3n Cooperadora de Facultad de Ciencias Econ\u00f3micas y Estad\u00edstica de la UNR (*)<br \/>\nBANCO MACRO<br \/>\nCuenta: CC &#8211; PESOS &#8211; 372000000048503<br \/>\nCBU: 2850720230000000485033<\/p>\n<p>(*) <em>Por otros medios de pago comunicarse al siguiente correo: cobranza-cooperadora@fcecon.unr.edu.ar<\/em><\/p>\n<p><strong>Organizan:<\/strong><br \/>\n\u00c1rea Graduados. Secretar\u00eda de Posgrado y Formaci\u00f3n Continua Facultad de Ciencias Econ\u00f3micas y Estad\u00edstica UNR.<br \/>\nConsejo Profesional de Ciencias Econ\u00f3micas de la Prov. Sta. Fe (C II)<br \/>\nColegio de Graduados en Ciencias Econ\u00f3micas de Rosario<\/p>\n","protected":false},"excerpt":{"rendered":"<p>\ud83d\uddd3\ufe0f Lunes 30\/06 y Mi\u00e9rcoles 02\/07 \ud83d\udd5c Horario: 18 a 19.30 \ud83d\udc49\ud83c\udffd Modalidad: Virtual: Plataforma Zoom \ud83e\uddfe Se entregan certificados<span class=\"more-dots\">&#8230;<\/span><\/p>\n","protected":false},"featured_media":1292,"comment_status":"open","ping_status":"closed","template":"","meta":[],"product_cat":[24],"product_tag":[],"class_list":{"0":"post-1070","1":"product","2":"type-product","3":"status-publish","4":"has-post-thumbnail","6":"product_cat-cursos-a-la-comunidad","8":"first","9":"instock","10":"shipping-taxable","11":"product-type-simple"},"yoast_head":"<!-- This site is optimized with the Yoast SEO plugin v27.4 - https:\/\/yoast.com\/product\/yoast-seo-wordpress\/ -->\n<title>Programa &quot;Liderazgo y Coaching Organizacional&quot; | M\u00f3dulo 5: Negociaci\u00f3n Ontol\u00f3gica - Secretar\u00eda de Posgrado y Formaci\u00f3n Continua FCEyE UNR<\/title>\n<meta name=\"robots\" content=\"index, follow, max-snippet:-1, max-image-preview:large, max-video-preview:-1\" \/>\n<link rel=\"canonical\" href=\"https:\/\/posgrados.fcecon.unr.edu.ar\/?product=programa-liderazgo-y-coaching-organizacional-modulo-5-negociacion-ontologica\" \/>\n<meta property=\"og:locale\" content=\"es_ES\" \/>\n<meta property=\"og:type\" content=\"article\" \/>\n<meta property=\"og:title\" content=\"Programa &quot;Liderazgo y Coaching Organizacional&quot; | M\u00f3dulo 5: Negociaci\u00f3n Ontol\u00f3gica - Secretar\u00eda de Posgrado y Formaci\u00f3n Continua FCEyE UNR\" \/>\n<meta property=\"og:description\" content=\"\ud83d\uddd3\ufe0f Lunes 30\/06 y Mi\u00e9rcoles 02\/07 \ud83d\udd5c Horario: 18 a 19.30 \ud83d\udc49\ud83c\udffd Modalidad: Virtual: Plataforma Zoom \ud83e\uddfe Se entregan certificados...\" \/>\n<meta property=\"og:url\" content=\"https:\/\/posgrados.fcecon.unr.edu.ar\/?product=programa-liderazgo-y-coaching-organizacional-modulo-5-negociacion-ontologica\" \/>\n<meta property=\"og:site_name\" content=\"Secretar\u00eda de Posgrado y Formaci\u00f3n Continua FCEyE UNR\" \/>\n<meta property=\"article:modified_time\" content=\"2025-08-26T18:00:44+00:00\" \/>\n<meta property=\"og:image\" content=\"https:\/\/posgrados.fcecon.unr.edu.ar\/wp-content\/uploads\/2025\/06\/Cursos-POST-11.png\" \/>\n\t<meta property=\"og:image:width\" content=\"1080\" \/>\n\t<meta property=\"og:image:height\" content=\"1080\" \/>\n\t<meta property=\"og:image:type\" content=\"image\/png\" \/>\n<meta name=\"twitter:card\" content=\"summary_large_image\" \/>\n<meta name=\"twitter:label1\" content=\"Tiempo de lectura\" \/>\n\t<meta name=\"twitter:data1\" content=\"2 minutos\" \/>\n<script type=\"application\/ld+json\" class=\"yoast-schema-graph\">{\"@context\":\"https:\\\/\\\/schema.org\",\"@graph\":[{\"@type\":\"WebPage\",\"@id\":\"https:\\\/\\\/posgrados.fcecon.unr.edu.ar\\\/?product=programa-liderazgo-y-coaching-organizacional-modulo-5-negociacion-ontologica\",\"url\":\"https:\\\/\\\/posgrados.fcecon.unr.edu.ar\\\/?product=programa-liderazgo-y-coaching-organizacional-modulo-5-negociacion-ontologica\",\"name\":\"Programa \\\"Liderazgo y Coaching Organizacional\\\" | M\u00f3dulo 5: Negociaci\u00f3n Ontol\u00f3gica - Secretar\u00eda de Posgrado y Formaci\u00f3n Continua FCEyE UNR\",\"isPartOf\":{\"@id\":\"https:\\\/\\\/posgrados.fcecon.unr.edu.ar\\\/#website\"},\"primaryImageOfPage\":{\"@id\":\"https:\\\/\\\/posgrados.fcecon.unr.edu.ar\\\/?product=programa-liderazgo-y-coaching-organizacional-modulo-5-negociacion-ontologica#primaryimage\"},\"image\":{\"@id\":\"https:\\\/\\\/posgrados.fcecon.unr.edu.ar\\\/?product=programa-liderazgo-y-coaching-organizacional-modulo-5-negociacion-ontologica#primaryimage\"},\"thumbnailUrl\":\"https:\\\/\\\/posgrados.fcecon.unr.edu.ar\\\/wp-content\\\/uploads\\\/2025\\\/06\\\/Cursos-POST-11.png\",\"datePublished\":\"2025-06-11T19:36:55+00:00\",\"dateModified\":\"2025-08-26T18:00:44+00:00\",\"breadcrumb\":{\"@id\":\"https:\\\/\\\/posgrados.fcecon.unr.edu.ar\\\/?product=programa-liderazgo-y-coaching-organizacional-modulo-5-negociacion-ontologica#breadcrumb\"},\"inLanguage\":\"es-AR\",\"potentialAction\":[{\"@type\":\"ReadAction\",\"target\":[\"https:\\\/\\\/posgrados.fcecon.unr.edu.ar\\\/?product=programa-liderazgo-y-coaching-organizacional-modulo-5-negociacion-ontologica\"]}]},{\"@type\":\"ImageObject\",\"inLanguage\":\"es-AR\",\"@id\":\"https:\\\/\\\/posgrados.fcecon.unr.edu.ar\\\/?product=programa-liderazgo-y-coaching-organizacional-modulo-5-negociacion-ontologica#primaryimage\",\"url\":\"https:\\\/\\\/posgrados.fcecon.unr.edu.ar\\\/wp-content\\\/uploads\\\/2025\\\/06\\\/Cursos-POST-11.png\",\"contentUrl\":\"https:\\\/\\\/posgrados.fcecon.unr.edu.ar\\\/wp-content\\\/uploads\\\/2025\\\/06\\\/Cursos-POST-11.png\",\"width\":1080,\"height\":1080},{\"@type\":\"BreadcrumbList\",\"@id\":\"https:\\\/\\\/posgrados.fcecon.unr.edu.ar\\\/?product=programa-liderazgo-y-coaching-organizacional-modulo-5-negociacion-ontologica#breadcrumb\",\"itemListElement\":[{\"@type\":\"ListItem\",\"position\":1,\"name\":\"Home\",\"item\":\"https:\\\/\\\/posgrados.fcecon.unr.edu.ar\\\/\"},{\"@type\":\"ListItem\",\"position\":2,\"name\":\"Nuestros cursos\",\"item\":\"https:\\\/\\\/posgrados.fcecon.unr.edu.ar\\\/?page_id=122\"},{\"@type\":\"ListItem\",\"position\":3,\"name\":\"Programa &#8220;Liderazgo y Coaching Organizacional&#8221; | M\u00f3dulo 5: Negociaci\u00f3n Ontol\u00f3gica\"}]},{\"@type\":\"WebSite\",\"@id\":\"https:\\\/\\\/posgrados.fcecon.unr.edu.ar\\\/#website\",\"url\":\"https:\\\/\\\/posgrados.fcecon.unr.edu.ar\\\/\",\"name\":\"Secretar\u00eda de Posgrado y Formaci\u00f3n Continua FCEyE UNR\",\"description\":\"Posgrado FCEyE UNR\",\"publisher\":{\"@id\":\"https:\\\/\\\/posgrados.fcecon.unr.edu.ar\\\/#organization\"},\"potentialAction\":[{\"@type\":\"SearchAction\",\"target\":{\"@type\":\"EntryPoint\",\"urlTemplate\":\"https:\\\/\\\/posgrados.fcecon.unr.edu.ar\\\/?s={search_term_string}\"},\"query-input\":{\"@type\":\"PropertyValueSpecification\",\"valueRequired\":true,\"valueName\":\"search_term_string\"}}],\"inLanguage\":\"es-AR\"},{\"@type\":\"Organization\",\"@id\":\"https:\\\/\\\/posgrados.fcecon.unr.edu.ar\\\/#organization\",\"name\":\"Secretar\u00eda de Posgrado y Formaci\u00f3n Continua FCEyE UNR\",\"url\":\"https:\\\/\\\/posgrados.fcecon.unr.edu.ar\\\/\",\"logo\":{\"@type\":\"ImageObject\",\"inLanguage\":\"es-AR\",\"@id\":\"https:\\\/\\\/posgrados.fcecon.unr.edu.ar\\\/#\\\/schema\\\/logo\\\/image\\\/\",\"url\":\"https:\\\/\\\/posgrados.fcecon.unr.edu.ar\\\/wp-content\\\/uploads\\\/2025\\\/03\\\/cropped-cropped-cropped-cropped-Diseno_sin_titulo__31_-removebg-preview.png\",\"contentUrl\":\"https:\\\/\\\/posgrados.fcecon.unr.edu.ar\\\/wp-content\\\/uploads\\\/2025\\\/03\\\/cropped-cropped-cropped-cropped-Diseno_sin_titulo__31_-removebg-preview.png\",\"width\":675,\"height\":88,\"caption\":\"Secretar\u00eda de Posgrado y Formaci\u00f3n Continua FCEyE UNR\"},\"image\":{\"@id\":\"https:\\\/\\\/posgrados.fcecon.unr.edu.ar\\\/#\\\/schema\\\/logo\\\/image\\\/\"}}]}<\/script>\n<!-- \/ Yoast SEO plugin. -->","yoast_head_json":{"title":"Programa \"Liderazgo y Coaching Organizacional\" | M\u00f3dulo 5: Negociaci\u00f3n Ontol\u00f3gica - Secretar\u00eda de Posgrado y Formaci\u00f3n Continua FCEyE UNR","robots":{"index":"index","follow":"follow","max-snippet":"max-snippet:-1","max-image-preview":"max-image-preview:large","max-video-preview":"max-video-preview:-1"},"canonical":"https:\/\/posgrados.fcecon.unr.edu.ar\/?product=programa-liderazgo-y-coaching-organizacional-modulo-5-negociacion-ontologica","og_locale":"es_ES","og_type":"article","og_title":"Programa \"Liderazgo y Coaching Organizacional\" | M\u00f3dulo 5: Negociaci\u00f3n Ontol\u00f3gica - Secretar\u00eda de Posgrado y Formaci\u00f3n Continua FCEyE UNR","og_description":"\ud83d\uddd3\ufe0f Lunes 30\/06 y Mi\u00e9rcoles 02\/07 \ud83d\udd5c Horario: 18 a 19.30 \ud83d\udc49\ud83c\udffd Modalidad: Virtual: Plataforma Zoom \ud83e\uddfe Se entregan certificados...","og_url":"https:\/\/posgrados.fcecon.unr.edu.ar\/?product=programa-liderazgo-y-coaching-organizacional-modulo-5-negociacion-ontologica","og_site_name":"Secretar\u00eda de Posgrado y Formaci\u00f3n Continua FCEyE UNR","article_modified_time":"2025-08-26T18:00:44+00:00","og_image":[{"width":1080,"height":1080,"url":"https:\/\/posgrados.fcecon.unr.edu.ar\/wp-content\/uploads\/2025\/06\/Cursos-POST-11.png","type":"image\/png"}],"twitter_card":"summary_large_image","twitter_misc":{"Tiempo de lectura":"2 minutos"},"schema":{"@context":"https:\/\/schema.org","@graph":[{"@type":"WebPage","@id":"https:\/\/posgrados.fcecon.unr.edu.ar\/?product=programa-liderazgo-y-coaching-organizacional-modulo-5-negociacion-ontologica","url":"https:\/\/posgrados.fcecon.unr.edu.ar\/?product=programa-liderazgo-y-coaching-organizacional-modulo-5-negociacion-ontologica","name":"Programa \"Liderazgo y Coaching Organizacional\" | M\u00f3dulo 5: Negociaci\u00f3n Ontol\u00f3gica - Secretar\u00eda de Posgrado y Formaci\u00f3n Continua FCEyE UNR","isPartOf":{"@id":"https:\/\/posgrados.fcecon.unr.edu.ar\/#website"},"primaryImageOfPage":{"@id":"https:\/\/posgrados.fcecon.unr.edu.ar\/?product=programa-liderazgo-y-coaching-organizacional-modulo-5-negociacion-ontologica#primaryimage"},"image":{"@id":"https:\/\/posgrados.fcecon.unr.edu.ar\/?product=programa-liderazgo-y-coaching-organizacional-modulo-5-negociacion-ontologica#primaryimage"},"thumbnailUrl":"https:\/\/posgrados.fcecon.unr.edu.ar\/wp-content\/uploads\/2025\/06\/Cursos-POST-11.png","datePublished":"2025-06-11T19:36:55+00:00","dateModified":"2025-08-26T18:00:44+00:00","breadcrumb":{"@id":"https:\/\/posgrados.fcecon.unr.edu.ar\/?product=programa-liderazgo-y-coaching-organizacional-modulo-5-negociacion-ontologica#breadcrumb"},"inLanguage":"es-AR","potentialAction":[{"@type":"ReadAction","target":["https:\/\/posgrados.fcecon.unr.edu.ar\/?product=programa-liderazgo-y-coaching-organizacional-modulo-5-negociacion-ontologica"]}]},{"@type":"ImageObject","inLanguage":"es-AR","@id":"https:\/\/posgrados.fcecon.unr.edu.ar\/?product=programa-liderazgo-y-coaching-organizacional-modulo-5-negociacion-ontologica#primaryimage","url":"https:\/\/posgrados.fcecon.unr.edu.ar\/wp-content\/uploads\/2025\/06\/Cursos-POST-11.png","contentUrl":"https:\/\/posgrados.fcecon.unr.edu.ar\/wp-content\/uploads\/2025\/06\/Cursos-POST-11.png","width":1080,"height":1080},{"@type":"BreadcrumbList","@id":"https:\/\/posgrados.fcecon.unr.edu.ar\/?product=programa-liderazgo-y-coaching-organizacional-modulo-5-negociacion-ontologica#breadcrumb","itemListElement":[{"@type":"ListItem","position":1,"name":"Home","item":"https:\/\/posgrados.fcecon.unr.edu.ar\/"},{"@type":"ListItem","position":2,"name":"Nuestros cursos","item":"https:\/\/posgrados.fcecon.unr.edu.ar\/?page_id=122"},{"@type":"ListItem","position":3,"name":"Programa &#8220;Liderazgo y Coaching Organizacional&#8221; | M\u00f3dulo 5: Negociaci\u00f3n Ontol\u00f3gica"}]},{"@type":"WebSite","@id":"https:\/\/posgrados.fcecon.unr.edu.ar\/#website","url":"https:\/\/posgrados.fcecon.unr.edu.ar\/","name":"Secretar\u00eda de Posgrado y Formaci\u00f3n Continua FCEyE UNR","description":"Posgrado FCEyE UNR","publisher":{"@id":"https:\/\/posgrados.fcecon.unr.edu.ar\/#organization"},"potentialAction":[{"@type":"SearchAction","target":{"@type":"EntryPoint","urlTemplate":"https:\/\/posgrados.fcecon.unr.edu.ar\/?s={search_term_string}"},"query-input":{"@type":"PropertyValueSpecification","valueRequired":true,"valueName":"search_term_string"}}],"inLanguage":"es-AR"},{"@type":"Organization","@id":"https:\/\/posgrados.fcecon.unr.edu.ar\/#organization","name":"Secretar\u00eda de Posgrado y Formaci\u00f3n Continua FCEyE UNR","url":"https:\/\/posgrados.fcecon.unr.edu.ar\/","logo":{"@type":"ImageObject","inLanguage":"es-AR","@id":"https:\/\/posgrados.fcecon.unr.edu.ar\/#\/schema\/logo\/image\/","url":"https:\/\/posgrados.fcecon.unr.edu.ar\/wp-content\/uploads\/2025\/03\/cropped-cropped-cropped-cropped-Diseno_sin_titulo__31_-removebg-preview.png","contentUrl":"https:\/\/posgrados.fcecon.unr.edu.ar\/wp-content\/uploads\/2025\/03\/cropped-cropped-cropped-cropped-Diseno_sin_titulo__31_-removebg-preview.png","width":675,"height":88,"caption":"Secretar\u00eda de Posgrado y Formaci\u00f3n Continua FCEyE UNR"},"image":{"@id":"https:\/\/posgrados.fcecon.unr.edu.ar\/#\/schema\/logo\/image\/"}}]}},"_links":{"self":[{"href":"https:\/\/posgrados.fcecon.unr.edu.ar\/index.php?rest_route=\/wp\/v2\/product\/1070","targetHints":{"allow":["GET"]}}],"collection":[{"href":"https:\/\/posgrados.fcecon.unr.edu.ar\/index.php?rest_route=\/wp\/v2\/product"}],"about":[{"href":"https:\/\/posgrados.fcecon.unr.edu.ar\/index.php?rest_route=\/wp\/v2\/types\/product"}],"replies":[{"embeddable":true,"href":"https:\/\/posgrados.fcecon.unr.edu.ar\/index.php?rest_route=%2Fwp%2Fv2%2Fcomments&post=1070"}],"wp:featuredmedia":[{"embeddable":true,"href":"https:\/\/posgrados.fcecon.unr.edu.ar\/index.php?rest_route=\/wp\/v2\/media\/1292"}],"wp:attachment":[{"href":"https:\/\/posgrados.fcecon.unr.edu.ar\/index.php?rest_route=%2Fwp%2Fv2%2Fmedia&parent=1070"}],"wp:term":[{"taxonomy":"product_cat","embeddable":true,"href":"https:\/\/posgrados.fcecon.unr.edu.ar\/index.php?rest_route=%2Fwp%2Fv2%2Fproduct_cat&post=1070"},{"taxonomy":"product_tag","embeddable":true,"href":"https:\/\/posgrados.fcecon.unr.edu.ar\/index.php?rest_route=%2Fwp%2Fv2%2Fproduct_tag&post=1070"}],"curies":[{"name":"wp","href":"https:\/\/api.w.org\/{rel}","templated":true}]}}