{"id":806,"date":"2025-03-28T07:45:08","date_gmt":"2025-03-28T10:45:08","guid":{"rendered":"https:\/\/posgrados.fcecon.unr.edu.ar\/?page_id=806"},"modified":"2025-10-08T00:13:52","modified_gmt":"2025-10-08T03:13:52","slug":"convenios","status":"publish","type":"page","link":"https:\/\/posgrados.fcecon.unr.edu.ar\/?page_id=806","title":{"rendered":"Convenios"},"content":{"rendered":"<p><strong>ADERR (Agencia de Desarrollo Regi\u00f3n Rosario)\u00a0<\/strong><\/p><p>Carreras; Todas las diplomaturas, especializaciones, maestr\u00edas y doctorados.\u00a0 \u00a0<\/p><p>Descuento; 20%<\/p><p><\/p><p><strong>AEFIP (Asociaci\u00f3n de Empleados Fiscales e Ingresos P\u00fablicos) <\/strong><\/p><p>Carreras; Tributaci\u00f3n, Gesti\u00f3n de Empresas Agropecuarias, Administraci\u00f3n y Contabilidad P\u00fablica<\/p><p>Descuento: 20% (En caso de que en una misma carrera de posgrado se encuentren m\u00e1s de cinco (5) beneficiarios de la AEFIP interesados en el cursado el descuento ascender\u00e1 al 25% para cada uno).<\/p><p><\/p><p><strong>AEV (Asociaci\u00f3n de Empresarios de la Vivienda y Desarrollos Inmobiliarios de la provincia de Santa Fe) \u00a0<\/strong><\/p><p>Carreras: Todas las diplomaturas, especializaciones, maestr\u00edas y doctorados. <\/p><p>Descuento; 20%<\/p><hr class=\"wp-block-separator has-alpha-channel-opacity is-style-wide\"\/><p><\/p><p><strong>BCR &#8211; Bolsa de Comercio Rosario<\/strong><\/p><p>Carreras: Todas las diplomaturas, especializaciones, maestr\u00edas y doctorados <\/p><p>Descuento: 20%<\/p><hr class=\"wp-block-separator has-alpha-channel-opacity is-style-wide\"\/><p><\/p><p><strong>COCIR (Colegio de Corredores Inmobiliarios de Santa Fe -Sede Rosario-)<\/strong><\/p><p>Carreras: Todas las diplomaturas, especializaciones, maestr\u00edas y doctorados<\/p><p>Descuento: 20%<\/p><hr class=\"wp-block-separator has-alpha-channel-opacity is-style-wide\"\/><p><\/p><p><strong>CONICET CCT \u2013 UAT Rosario<\/strong><\/p><p>Carreras (y descuentos): Especializaci\u00f3n en Administraci\u00f3n y Contabilidad P\u00fablica (20%), Especializaci\u00f3n en Costos y Gesti\u00f3n Empresarial (20%), Especializaci\u00f3n en Gesti\u00f3n de Recursos Humanos (30%), Maestr\u00eda en Administraci\u00f3n Financiera P\u00fablica (20%), Maestr\u00eda en Administraci\u00f3n de Empresas con orientaci\u00f3n en Direcci\u00f3n General (20%), Maestr\u00eda en Administraci\u00f3n de Empresas con orientaci\u00f3n en Recursos Humanos (30%), Maestr\u00eda en Administraci\u00f3n de Empresas con orientaci\u00f3n en Comercializaci\u00f3n (40%)<\/p><hr class=\"wp-block-separator has-alpha-channel-opacity is-style-wide\"\/><p><\/p><p><strong>Consejo Profesional de Ciencias Econ\u00f3micas de la Provincia de Santa Fe (C\u00e1mara II) y Colegio de Graduados en Ciencias Econ\u00f3micas de Rosario<\/strong><\/p><p>Carreras (y descuentos): Todas las diplomaturas, especializaciones, maestr\u00edas y doctorados (10%), Diplomatura en Estudios Avanzados en Normas Contables Argentinas (25%)<\/p><p><\/p><hr class=\"wp-block-separator has-alpha-channel-opacity is-style-wide\"\/><p><strong>Municipalidad de Rosario &#8211; Secretar\u00eda de Deporte y Turismo<\/strong><\/p><p>Carrera; Especializaci\u00f3n en Turismo Inteligente.&nbsp; &nbsp;<\/p><p>Descuento: 20%<\/p><p><strong>Municipalidad de Rosario &#8211; Secretar\u00eda de Hacienda y Econom\u00eda<\/strong><\/p><p>Carreras: Tributaci\u00f3n, Administraci\u00f3n y Contabilidad P\u00fablica<\/p><p>Descuento: 20%<\/p><p><strong>Municipalidad de Rosario &#8211; Tribunal Municipal de Cuentas<\/strong><\/p><p>Carrera; Especializaci\u00f3n en Administraci\u00f3n y Contabilidad P\u00fablica y la Maestr\u00eda en Administraci\u00f3n Financiera P\u00fablica\u00a0<\/p><p>Descuento: 20%<\/p><hr class=\"wp-block-separator has-alpha-channel-opacity is-style-wide\"\/><p><\/p><p><strong>Socios <a href=\"https:\/\/drive.google.com\/file\/d\/1_e6UIH360lwIdpdX-rezBzjoB7-pSyTS\/view?usp=drive_link\" target=\"_blank\" rel=\"noreferrer noopener\">Moverse<\/a><\/strong><\/p><p>Carreras; Todas las diplomaturas, especializaciones, maestr\u00edas y doctorados<\/p><p>Descuento: 20%<\/p>","protected":false},"excerpt":{"rendered":"<p>ADERR (Agencia de Desarrollo Regi\u00f3n Rosario)\u00a0 Carreras; Todas las diplomaturas, especializaciones, maestr\u00edas y doctorados.\u00a0 \u00a0 Descuento; 20% AEFIP (Asociaci\u00f3n de<span class=\"more-dots\">&#8230;<\/span><\/p>\n","protected":false},"author":2,"featured_media":0,"parent":0,"menu_order":0,"comment_status":"closed","ping_status":"closed","template":"","meta":{"footnotes":""},"class_list":["post-806","page","type-page","status-publish","hentry","no-post-thumbnail"],"yoast_head":"<!-- This site is optimized with the Yoast SEO plugin v27.5 - https:\/\/yoast.com\/product\/yoast-seo-wordpress\/ -->\n<title>Convenios - Secretar\u00eda de Posgrado y Formaci\u00f3n Continua FCEyE UNR<\/title>\n<meta name=\"robots\" content=\"index, follow, max-snippet:-1, max-image-preview:large, max-video-preview:-1\" \/>\n<link rel=\"canonical\" href=\"https:\/\/posgrados.fcecon.unr.edu.ar\/?page_id=806\" \/>\n<meta property=\"og:locale\" content=\"es_ES\" \/>\n<meta property=\"og:type\" content=\"article\" \/>\n<meta property=\"og:title\" content=\"Convenios - Secretar\u00eda de Posgrado y Formaci\u00f3n Continua FCEyE UNR\" \/>\n<meta property=\"og:description\" content=\"ADERR (Agencia de Desarrollo Regi\u00f3n Rosario)\u00a0 Carreras; Todas las diplomaturas, especializaciones, maestr\u00edas y doctorados.\u00a0 \u00a0 Descuento; 20% AEFIP (Asociaci\u00f3n de...\" \/>\n<meta property=\"og:url\" content=\"https:\/\/posgrados.fcecon.unr.edu.ar\/?page_id=806\" \/>\n<meta property=\"og:site_name\" content=\"Secretar\u00eda de Posgrado y Formaci\u00f3n Continua FCEyE UNR\" \/>\n<meta property=\"article:modified_time\" content=\"2025-10-08T03:13:52+00:00\" \/>\n<meta name=\"twitter:card\" content=\"summary_large_image\" \/>\n<meta name=\"twitter:label1\" content=\"Tiempo de lectura\" \/>\n\t<meta name=\"twitter:data1\" content=\"2 minutos\" \/>\n<script type=\"application\/ld+json\" class=\"yoast-schema-graph\">{\"@context\":\"https:\\\/\\\/schema.org\",\"@graph\":[{\"@type\":\"WebPage\",\"@id\":\"https:\\\/\\\/posgrados.fcecon.unr.edu.ar\\\/?page_id=806\",\"url\":\"https:\\\/\\\/posgrados.fcecon.unr.edu.ar\\\/?page_id=806\",\"name\":\"Convenios - Secretar\u00eda de Posgrado y Formaci\u00f3n Continua FCEyE UNR\",\"isPartOf\":{\"@id\":\"https:\\\/\\\/posgrados.fcecon.unr.edu.ar\\\/#website\"},\"datePublished\":\"2025-03-28T10:45:08+00:00\",\"dateModified\":\"2025-10-08T03:13:52+00:00\",\"breadcrumb\":{\"@id\":\"https:\\\/\\\/posgrados.fcecon.unr.edu.ar\\\/?page_id=806#breadcrumb\"},\"inLanguage\":\"es-AR\",\"potentialAction\":[{\"@type\":\"ReadAction\",\"target\":[\"https:\\\/\\\/posgrados.fcecon.unr.edu.ar\\\/?page_id=806\"]}]},{\"@type\":\"BreadcrumbList\",\"@id\":\"https:\\\/\\\/posgrados.fcecon.unr.edu.ar\\\/?page_id=806#breadcrumb\",\"itemListElement\":[{\"@type\":\"ListItem\",\"position\":1,\"name\":\"Home\",\"item\":\"https:\\\/\\\/posgrados.fcecon.unr.edu.ar\\\/\"},{\"@type\":\"ListItem\",\"position\":2,\"name\":\"Convenios\"}]},{\"@type\":\"WebSite\",\"@id\":\"https:\\\/\\\/posgrados.fcecon.unr.edu.ar\\\/#website\",\"url\":\"https:\\\/\\\/posgrados.fcecon.unr.edu.ar\\\/\",\"name\":\"Secretar\u00eda de Posgrado y Formaci\u00f3n Continua FCEyE UNR\",\"description\":\"Posgrado FCEyE UNR\",\"publisher\":{\"@id\":\"https:\\\/\\\/posgrados.fcecon.unr.edu.ar\\\/#organization\"},\"potentialAction\":[{\"@type\":\"SearchAction\",\"target\":{\"@type\":\"EntryPoint\",\"urlTemplate\":\"https:\\\/\\\/posgrados.fcecon.unr.edu.ar\\\/?s={search_term_string}\"},\"query-input\":{\"@type\":\"PropertyValueSpecification\",\"valueRequired\":true,\"valueName\":\"search_term_string\"}}],\"inLanguage\":\"es-AR\"},{\"@type\":\"Organization\",\"@id\":\"https:\\\/\\\/posgrados.fcecon.unr.edu.ar\\\/#organization\",\"name\":\"Secretar\u00eda de Posgrado y Formaci\u00f3n Continua FCEyE UNR\",\"url\":\"https:\\\/\\\/posgrados.fcecon.unr.edu.ar\\\/\",\"logo\":{\"@type\":\"ImageObject\",\"inLanguage\":\"es-AR\",\"@id\":\"https:\\\/\\\/posgrados.fcecon.unr.edu.ar\\\/#\\\/schema\\\/logo\\\/image\\\/\",\"url\":\"https:\\\/\\\/posgrados.fcecon.unr.edu.ar\\\/wp-content\\\/uploads\\\/2025\\\/03\\\/cropped-cropped-cropped-cropped-Diseno_sin_titulo__31_-removebg-preview.png\",\"contentUrl\":\"https:\\\/\\\/posgrados.fcecon.unr.edu.ar\\\/wp-content\\\/uploads\\\/2025\\\/03\\\/cropped-cropped-cropped-cropped-Diseno_sin_titulo__31_-removebg-preview.png\",\"width\":675,\"height\":88,\"caption\":\"Secretar\u00eda de Posgrado y Formaci\u00f3n Continua FCEyE UNR\"},\"image\":{\"@id\":\"https:\\\/\\\/posgrados.fcecon.unr.edu.ar\\\/#\\\/schema\\\/logo\\\/image\\\/\"}}]}<\/script>\n<!-- \/ Yoast SEO plugin. -->","yoast_head_json":{"title":"Convenios - Secretar\u00eda de Posgrado y Formaci\u00f3n Continua FCEyE UNR","robots":{"index":"index","follow":"follow","max-snippet":"max-snippet:-1","max-image-preview":"max-image-preview:large","max-video-preview":"max-video-preview:-1"},"canonical":"https:\/\/posgrados.fcecon.unr.edu.ar\/?page_id=806","og_locale":"es_ES","og_type":"article","og_title":"Convenios - Secretar\u00eda de Posgrado y Formaci\u00f3n Continua FCEyE UNR","og_description":"ADERR (Agencia de Desarrollo Regi\u00f3n Rosario)\u00a0 Carreras; Todas las diplomaturas, especializaciones, maestr\u00edas y doctorados.\u00a0 \u00a0 Descuento; 20% AEFIP (Asociaci\u00f3n de...","og_url":"https:\/\/posgrados.fcecon.unr.edu.ar\/?page_id=806","og_site_name":"Secretar\u00eda de Posgrado y Formaci\u00f3n Continua FCEyE UNR","article_modified_time":"2025-10-08T03:13:52+00:00","twitter_card":"summary_large_image","twitter_misc":{"Tiempo de lectura":"2 minutos"},"schema":{"@context":"https:\/\/schema.org","@graph":[{"@type":"WebPage","@id":"https:\/\/posgrados.fcecon.unr.edu.ar\/?page_id=806","url":"https:\/\/posgrados.fcecon.unr.edu.ar\/?page_id=806","name":"Convenios - Secretar\u00eda de Posgrado y Formaci\u00f3n Continua FCEyE UNR","isPartOf":{"@id":"https:\/\/posgrados.fcecon.unr.edu.ar\/#website"},"datePublished":"2025-03-28T10:45:08+00:00","dateModified":"2025-10-08T03:13:52+00:00","breadcrumb":{"@id":"https:\/\/posgrados.fcecon.unr.edu.ar\/?page_id=806#breadcrumb"},"inLanguage":"es-AR","potentialAction":[{"@type":"ReadAction","target":["https:\/\/posgrados.fcecon.unr.edu.ar\/?page_id=806"]}]},{"@type":"BreadcrumbList","@id":"https:\/\/posgrados.fcecon.unr.edu.ar\/?page_id=806#breadcrumb","itemListElement":[{"@type":"ListItem","position":1,"name":"Home","item":"https:\/\/posgrados.fcecon.unr.edu.ar\/"},{"@type":"ListItem","position":2,"name":"Convenios"}]},{"@type":"WebSite","@id":"https:\/\/posgrados.fcecon.unr.edu.ar\/#website","url":"https:\/\/posgrados.fcecon.unr.edu.ar\/","name":"Secretar\u00eda de Posgrado y Formaci\u00f3n Continua FCEyE UNR","description":"Posgrado FCEyE UNR","publisher":{"@id":"https:\/\/posgrados.fcecon.unr.edu.ar\/#organization"},"potentialAction":[{"@type":"SearchAction","target":{"@type":"EntryPoint","urlTemplate":"https:\/\/posgrados.fcecon.unr.edu.ar\/?s={search_term_string}"},"query-input":{"@type":"PropertyValueSpecification","valueRequired":true,"valueName":"search_term_string"}}],"inLanguage":"es-AR"},{"@type":"Organization","@id":"https:\/\/posgrados.fcecon.unr.edu.ar\/#organization","name":"Secretar\u00eda de Posgrado y Formaci\u00f3n Continua FCEyE UNR","url":"https:\/\/posgrados.fcecon.unr.edu.ar\/","logo":{"@type":"ImageObject","inLanguage":"es-AR","@id":"https:\/\/posgrados.fcecon.unr.edu.ar\/#\/schema\/logo\/image\/","url":"https:\/\/posgrados.fcecon.unr.edu.ar\/wp-content\/uploads\/2025\/03\/cropped-cropped-cropped-cropped-Diseno_sin_titulo__31_-removebg-preview.png","contentUrl":"https:\/\/posgrados.fcecon.unr.edu.ar\/wp-content\/uploads\/2025\/03\/cropped-cropped-cropped-cropped-Diseno_sin_titulo__31_-removebg-preview.png","width":675,"height":88,"caption":"Secretar\u00eda de Posgrado y Formaci\u00f3n Continua FCEyE UNR"},"image":{"@id":"https:\/\/posgrados.fcecon.unr.edu.ar\/#\/schema\/logo\/image\/"}}]}},"_links":{"self":[{"href":"https:\/\/posgrados.fcecon.unr.edu.ar\/index.php?rest_route=\/wp\/v2\/pages\/806","targetHints":{"allow":["GET"]}}],"collection":[{"href":"https:\/\/posgrados.fcecon.unr.edu.ar\/index.php?rest_route=\/wp\/v2\/pages"}],"about":[{"href":"https:\/\/posgrados.fcecon.unr.edu.ar\/index.php?rest_route=\/wp\/v2\/types\/page"}],"author":[{"embeddable":true,"href":"https:\/\/posgrados.fcecon.unr.edu.ar\/index.php?rest_route=\/wp\/v2\/users\/2"}],"replies":[{"embeddable":true,"href":"https:\/\/posgrados.fcecon.unr.edu.ar\/index.php?rest_route=%2Fwp%2Fv2%2Fcomments&post=806"}],"version-history":[{"count":7,"href":"https:\/\/posgrados.fcecon.unr.edu.ar\/index.php?rest_route=\/wp\/v2\/pages\/806\/revisions"}],"predecessor-version":[{"id":1323,"href":"https:\/\/posgrados.fcecon.unr.edu.ar\/index.php?rest_route=\/wp\/v2\/pages\/806\/revisions\/1323"}],"wp:attachment":[{"href":"https:\/\/posgrados.fcecon.unr.edu.ar\/index.php?rest_route=%2Fwp%2Fv2%2Fmedia&parent=806"}],"curies":[{"name":"wp","href":"https:\/\/api.w.org\/{rel}","templated":true}]}}