{"id":419,"date":"2024-10-07T10:30:32","date_gmt":"2024-10-07T13:30:32","guid":{"rendered":"https:\/\/posgrados.fcecon.unr.edu.ar\/?page_id=419"},"modified":"2025-06-23T11:18:03","modified_gmt":"2025-06-23T14:18:03","slug":"solicitud-de-titulos-de-posgrado","status":"publish","type":"page","link":"https:\/\/posgrados.fcecon.unr.edu.ar\/?page_id=419","title":{"rendered":"Solicitud de T\u00edtulos de Posgrado"},"content":{"rendered":"<p class=\"has-inter-font-family\"><strong>Informaci\u00f3n para solcitar el t\u00edtulo para alumnas y alumnos de Posgrado (Especializaciones, Maestr\u00edas y Doctorados)<\/strong><\/p><p><strong>1. Realiz\u00e1 transferencia bancaria o dep\u00f3sito en cuenta<\/strong> de los c\u00e1nones correspondientes por la certificaci\u00f3n de las firmas de autoridades y la legalizaci\u00f3n ante el Ministerio de Educaci\u00f3n de la Naci\u00f3n conforme a los siguientes datos:<\/p><p>CBU: 0110444230044495180297<br>CTA CORRIENTE: 30204449518029<br>ENTIDAD BANCARIA: Banco de la Naci\u00f3n Argentina (cuenta de la Universidad Nacional de Rosario)<\/p><p><strong>Graduados que se encuentren fuera del pa\u00eds solicitar bot\u00f3n de pago al correo:&nbsp;titulos.posgrado@fcecon.unr.edu.ar<\/strong><\/p><p>T\u00edtulos de posgrado(*): abonan $10.000 (incluye la certificaci\u00f3n de las firmas de las autoridades de la UNR y la legalizaci\u00f3n ante el Ministerio de Educaci\u00f3n del diploma y del certificado anal\u00edtico) <\/p><hr class=\"wp-block-separator has-alpha-channel-opacity\"\/><p><strong>2. Envi\u00e1<\/strong> mediante la cuenta de email&nbsp;<a href=\"mailto:titulos.posgrado@fcecon.unr.edu.ar\">titulos.posgrado@fcecon.unr.edu.ar<\/a>&nbsp;con:<\/p><p><strong>ASUNTO: T\u00edtulo de Especializaci\u00f3n\/Maestr\u00eda\/Doctorado &#8211; Apellido<\/strong><\/p><p>Copia de los siguientes documentos como Archivos adjuntos:<br>&#8211;\u00a0Documento Nacional de Identidad legalizado o foto del mismo: frente y reverso (Pasaporte legalizado en el caso de alumnos extranjeros que no posean documento nacional de identidad argentino)<br>&#8211; Partida de nacimiento legalizada: frente y reverso<br>&#8211; T\u00edtulo de grado legalizado (con reconocimiento ministerial): frente y reverso.<br>&#8211; Comprobante de pago de los c\u00e1nones correspondientes por la certificaci\u00f3n de las firmas de las autoridades y de la\u00a0legalizaci\u00f3n ministerial<br><\/p><p><strong>Tener en cuenta:<\/strong><br><strong>Nota 1:\u00a0<\/strong><em>Todos los archivos deben ser formato .jpg o pdf, y el tama\u00f1o de cada archivo adjunto no debe superar los 10Mb<\/em><br><strong>Nota 2:\u00a0<\/strong><em>Identificar los archivos con el nombre del documento (ej. foto, DNI, partida, comprobante, etc.)<\/em><br><strong>Nota 3:\u00a0<\/strong><em>Deber\u00e1s presentar copia impresa certificada de tu DNI cuando lo hayas actualizado y no coincida con el que presentaste al inicio de tu carrera. Asimismo deber\u00e1s presentar copias\u00a0 impresa certificadas de tu DNI y de tu Partida de Nacimiento cuando hayas tramitado una rectificaci\u00f3n o modificaci\u00f3n de alguno de tus datos personales en los documentos mencionados. Ambos casos ser\u00e1n condici\u00f3n para la entrega del correspondiente diploma\/certificado (Art\u00edculos 2\u00ba y 3\u00ba Resoluci\u00f3n de Rector N\u00ba 3808\/2020)<\/em><br><strong>Nota 4:\u00a0<\/strong><em>En la cuenta de email titulos.posgrado@fcecon.unr.edu.ar <strong>NO<\/strong> se responden consultas, solo se recibe la documentaci\u00f3n. Por informaci\u00f3n adicional pod\u00e9s comunicarte al correo: alumnos-posgrado@fcecon.unr.edu.ar<\/em><\/p><p><strong>Nota 5:\u00a0<\/strong><em>El Diploma <strong>se entrega unicamente a la persona graduada y de manera presencial.<\/strong> Para que lo retire otra persona deber\u00e1 presentar un poder especial confeccionado ante escribano\/a p\u00fablico\/a donde conste expl\u00edcitamente que est\u00e1 autorizado\/a a realizar el tr\u00e1mite en su lugar. Se retira en la Secretar\u00eda se Posgrado y Formaci\u00f3n Continua de la Facultad de Ciencias Econ\u00f3micas y Estad\u00edstica de Rosario previa convocatoria de la oficina.<\/em><\/p><hr class=\"wp-block-separator has-alpha-channel-opacity is-style-wide\"\/><p><br><strong>Documentaci\u00f3n extranjera:\u00a0<\/strong><\/p><ul class=\"wp-block-list\"><li><strong>T\u00edtulo de grado<\/strong>:\u00a0deber\u00e1 estar certificado (si el pa\u00eds de origen se encuentra dentro del convenio de La Haya, deber\u00e1\u00a0 contar con la apostilla correspondiente. Si el pa\u00eds de origen se encuentra fuera del convenio de La Haya, el t\u00edtulo de\u00a0 grado deber\u00e1 estar aprobado por el Ministerio de Educaci\u00f3n del pa\u00eds de origen u \u00f3rgano competente, seg\u00fan\u00a0 corresponda y, a posteriori, por el Ministerio de Relaciones Exteriores de la Rep\u00fablica Argentina. Para las carreras de\u00a0 salud se deber\u00e1 incluir la rev\u00e1lida del t\u00edtulo correspondiente).<\/li>\n\n<li>Si el\u00a0<em><strong>t\u00edtulo de grado<\/strong><\/em>\u00a0est\u00e1 emitido en lengua extranjera, deber\u00e1 estar apostillado\/certificado y luego traducido por \u00a0Traductor P\u00fablico habilitado por matr\u00edcula argentina.<\/li>\n\n<li><strong>Partida de nacimiento<\/strong>:\u00a0deber\u00e1 estar certificada (si el pa\u00eds de origen se encuentra dentro del convenio de La Haya,\u00a0 deber\u00e1 contar con la apostilla correspondiente. Si el pa\u00eds de origen se encuentra fuera del convenio de La Haya deber\u00e1\u00a0 estar certificada por el Ministerio de Relaciones Exteriores de la Rep\u00fablica Argentina).\u00a0<\/li>\n\n<li>Si la\u00a0<strong><em>partida de nacimiento\u00a0<\/em><\/strong>est\u00e1 emitida en lengua extranjera, deber\u00e1 estar apostillada\/certificada y luego traducida \u00a0por Traductor P\u00fablico habilitado por matr\u00edcula argentin<\/li>\n\n<li><strong>Pasaporte<\/strong>:\u00a0\u00a0deber\u00e1 estar certificado\u00a0(si el pa\u00eds de origen se encuentra dentro del convenio de La Haya,\u00a0 deber\u00e1 contar con la apostilla correspondiente. Si el pa\u00eds de origen se encuentra fuera del convenio de La Haya deber\u00e1\u00a0 estar certificado por el Ministerio de Relaciones Exteriores de la Rep\u00fablica Argentina).\u00a0<\/li><\/ul><div class=\"wp-block-columns is-layout-flex wp-container-core-columns-is-layout-9d6595d7 wp-block-columns-is-layout-flex\"><div class=\"wp-block-column is-layout-flow wp-block-column-is-layout-flow\" style=\"flex-basis:100%\"><\/div><\/div><p><\/p>","protected":false},"excerpt":{"rendered":"<p>Informaci\u00f3n para solcitar el t\u00edtulo para alumnas y alumnos de Posgrado (Especializaciones, Maestr\u00edas y Doctorados) 1. Realiz\u00e1 transferencia bancaria o<span class=\"more-dots\">&#8230;<\/span><\/p>\n","protected":false},"author":2,"featured_media":0,"parent":0,"menu_order":0,"comment_status":"closed","ping_status":"closed","template":"","meta":{"footnotes":""},"class_list":["post-419","page","type-page","status-publish","hentry","no-post-thumbnail"],"yoast_head":"<!-- This site is optimized with the Yoast SEO plugin v27.4 - https:\/\/yoast.com\/product\/yoast-seo-wordpress\/ -->\n<title>Solicitud de T\u00edtulos de Posgrado - Secretar\u00eda de Posgrado y Formaci\u00f3n Continua FCEyE UNR<\/title>\n<meta name=\"robots\" content=\"index, follow, max-snippet:-1, max-image-preview:large, max-video-preview:-1\" \/>\n<link rel=\"canonical\" href=\"https:\/\/posgrados.fcecon.unr.edu.ar\/?page_id=419\" \/>\n<meta property=\"og:locale\" content=\"es_ES\" \/>\n<meta property=\"og:type\" content=\"article\" \/>\n<meta property=\"og:title\" content=\"Solicitud de T\u00edtulos de Posgrado - Secretar\u00eda de Posgrado y Formaci\u00f3n Continua FCEyE UNR\" \/>\n<meta property=\"og:description\" content=\"Informaci\u00f3n para solcitar el t\u00edtulo para alumnas y alumnos de Posgrado (Especializaciones, Maestr\u00edas y Doctorados) 1. Realiz\u00e1 transferencia bancaria o...\" \/>\n<meta property=\"og:url\" content=\"https:\/\/posgrados.fcecon.unr.edu.ar\/?page_id=419\" \/>\n<meta property=\"og:site_name\" content=\"Secretar\u00eda de Posgrado y Formaci\u00f3n Continua FCEyE UNR\" \/>\n<meta property=\"article:modified_time\" content=\"2025-06-23T14:18:03+00:00\" \/>\n<meta name=\"twitter:card\" content=\"summary_large_image\" \/>\n<meta name=\"twitter:label1\" content=\"Tiempo de lectura\" \/>\n\t<meta name=\"twitter:data1\" content=\"3 minutos\" \/>\n<script type=\"application\/ld+json\" class=\"yoast-schema-graph\">{\"@context\":\"https:\\\/\\\/schema.org\",\"@graph\":[{\"@type\":\"WebPage\",\"@id\":\"https:\\\/\\\/posgrados.fcecon.unr.edu.ar\\\/?page_id=419\",\"url\":\"https:\\\/\\\/posgrados.fcecon.unr.edu.ar\\\/?page_id=419\",\"name\":\"Solicitud de T\u00edtulos de Posgrado - Secretar\u00eda de Posgrado y Formaci\u00f3n Continua FCEyE UNR\",\"isPartOf\":{\"@id\":\"https:\\\/\\\/posgrados.fcecon.unr.edu.ar\\\/#website\"},\"datePublished\":\"2024-10-07T13:30:32+00:00\",\"dateModified\":\"2025-06-23T14:18:03+00:00\",\"breadcrumb\":{\"@id\":\"https:\\\/\\\/posgrados.fcecon.unr.edu.ar\\\/?page_id=419#breadcrumb\"},\"inLanguage\":\"es-AR\",\"potentialAction\":[{\"@type\":\"ReadAction\",\"target\":[\"https:\\\/\\\/posgrados.fcecon.unr.edu.ar\\\/?page_id=419\"]}]},{\"@type\":\"BreadcrumbList\",\"@id\":\"https:\\\/\\\/posgrados.fcecon.unr.edu.ar\\\/?page_id=419#breadcrumb\",\"itemListElement\":[{\"@type\":\"ListItem\",\"position\":1,\"name\":\"Home\",\"item\":\"https:\\\/\\\/posgrados.fcecon.unr.edu.ar\\\/\"},{\"@type\":\"ListItem\",\"position\":2,\"name\":\"Solicitud de T\u00edtulos de Posgrado\"}]},{\"@type\":\"WebSite\",\"@id\":\"https:\\\/\\\/posgrados.fcecon.unr.edu.ar\\\/#website\",\"url\":\"https:\\\/\\\/posgrados.fcecon.unr.edu.ar\\\/\",\"name\":\"Secretar\u00eda de Posgrado y Formaci\u00f3n Continua FCEyE UNR\",\"description\":\"Posgrado FCEyE UNR\",\"publisher\":{\"@id\":\"https:\\\/\\\/posgrados.fcecon.unr.edu.ar\\\/#organization\"},\"potentialAction\":[{\"@type\":\"SearchAction\",\"target\":{\"@type\":\"EntryPoint\",\"urlTemplate\":\"https:\\\/\\\/posgrados.fcecon.unr.edu.ar\\\/?s={search_term_string}\"},\"query-input\":{\"@type\":\"PropertyValueSpecification\",\"valueRequired\":true,\"valueName\":\"search_term_string\"}}],\"inLanguage\":\"es-AR\"},{\"@type\":\"Organization\",\"@id\":\"https:\\\/\\\/posgrados.fcecon.unr.edu.ar\\\/#organization\",\"name\":\"Secretar\u00eda de Posgrado y Formaci\u00f3n Continua FCEyE UNR\",\"url\":\"https:\\\/\\\/posgrados.fcecon.unr.edu.ar\\\/\",\"logo\":{\"@type\":\"ImageObject\",\"inLanguage\":\"es-AR\",\"@id\":\"https:\\\/\\\/posgrados.fcecon.unr.edu.ar\\\/#\\\/schema\\\/logo\\\/image\\\/\",\"url\":\"https:\\\/\\\/posgrados.fcecon.unr.edu.ar\\\/wp-content\\\/uploads\\\/2025\\\/03\\\/cropped-cropped-cropped-cropped-Diseno_sin_titulo__31_-removebg-preview.png\",\"contentUrl\":\"https:\\\/\\\/posgrados.fcecon.unr.edu.ar\\\/wp-content\\\/uploads\\\/2025\\\/03\\\/cropped-cropped-cropped-cropped-Diseno_sin_titulo__31_-removebg-preview.png\",\"width\":675,\"height\":88,\"caption\":\"Secretar\u00eda de Posgrado y Formaci\u00f3n Continua FCEyE UNR\"},\"image\":{\"@id\":\"https:\\\/\\\/posgrados.fcecon.unr.edu.ar\\\/#\\\/schema\\\/logo\\\/image\\\/\"}}]}<\/script>\n<!-- \/ Yoast SEO plugin. -->","yoast_head_json":{"title":"Solicitud de T\u00edtulos de Posgrado - Secretar\u00eda de Posgrado y Formaci\u00f3n Continua FCEyE UNR","robots":{"index":"index","follow":"follow","max-snippet":"max-snippet:-1","max-image-preview":"max-image-preview:large","max-video-preview":"max-video-preview:-1"},"canonical":"https:\/\/posgrados.fcecon.unr.edu.ar\/?page_id=419","og_locale":"es_ES","og_type":"article","og_title":"Solicitud de T\u00edtulos de Posgrado - Secretar\u00eda de Posgrado y Formaci\u00f3n Continua FCEyE UNR","og_description":"Informaci\u00f3n para solcitar el t\u00edtulo para alumnas y alumnos de Posgrado (Especializaciones, Maestr\u00edas y Doctorados) 1. Realiz\u00e1 transferencia bancaria o...","og_url":"https:\/\/posgrados.fcecon.unr.edu.ar\/?page_id=419","og_site_name":"Secretar\u00eda de Posgrado y Formaci\u00f3n Continua FCEyE UNR","article_modified_time":"2025-06-23T14:18:03+00:00","twitter_card":"summary_large_image","twitter_misc":{"Tiempo de lectura":"3 minutos"},"schema":{"@context":"https:\/\/schema.org","@graph":[{"@type":"WebPage","@id":"https:\/\/posgrados.fcecon.unr.edu.ar\/?page_id=419","url":"https:\/\/posgrados.fcecon.unr.edu.ar\/?page_id=419","name":"Solicitud de T\u00edtulos de Posgrado - Secretar\u00eda de Posgrado y Formaci\u00f3n Continua FCEyE UNR","isPartOf":{"@id":"https:\/\/posgrados.fcecon.unr.edu.ar\/#website"},"datePublished":"2024-10-07T13:30:32+00:00","dateModified":"2025-06-23T14:18:03+00:00","breadcrumb":{"@id":"https:\/\/posgrados.fcecon.unr.edu.ar\/?page_id=419#breadcrumb"},"inLanguage":"es-AR","potentialAction":[{"@type":"ReadAction","target":["https:\/\/posgrados.fcecon.unr.edu.ar\/?page_id=419"]}]},{"@type":"BreadcrumbList","@id":"https:\/\/posgrados.fcecon.unr.edu.ar\/?page_id=419#breadcrumb","itemListElement":[{"@type":"ListItem","position":1,"name":"Home","item":"https:\/\/posgrados.fcecon.unr.edu.ar\/"},{"@type":"ListItem","position":2,"name":"Solicitud de T\u00edtulos de Posgrado"}]},{"@type":"WebSite","@id":"https:\/\/posgrados.fcecon.unr.edu.ar\/#website","url":"https:\/\/posgrados.fcecon.unr.edu.ar\/","name":"Secretar\u00eda de Posgrado y Formaci\u00f3n Continua FCEyE UNR","description":"Posgrado FCEyE UNR","publisher":{"@id":"https:\/\/posgrados.fcecon.unr.edu.ar\/#organization"},"potentialAction":[{"@type":"SearchAction","target":{"@type":"EntryPoint","urlTemplate":"https:\/\/posgrados.fcecon.unr.edu.ar\/?s={search_term_string}"},"query-input":{"@type":"PropertyValueSpecification","valueRequired":true,"valueName":"search_term_string"}}],"inLanguage":"es-AR"},{"@type":"Organization","@id":"https:\/\/posgrados.fcecon.unr.edu.ar\/#organization","name":"Secretar\u00eda de Posgrado y Formaci\u00f3n Continua FCEyE UNR","url":"https:\/\/posgrados.fcecon.unr.edu.ar\/","logo":{"@type":"ImageObject","inLanguage":"es-AR","@id":"https:\/\/posgrados.fcecon.unr.edu.ar\/#\/schema\/logo\/image\/","url":"https:\/\/posgrados.fcecon.unr.edu.ar\/wp-content\/uploads\/2025\/03\/cropped-cropped-cropped-cropped-Diseno_sin_titulo__31_-removebg-preview.png","contentUrl":"https:\/\/posgrados.fcecon.unr.edu.ar\/wp-content\/uploads\/2025\/03\/cropped-cropped-cropped-cropped-Diseno_sin_titulo__31_-removebg-preview.png","width":675,"height":88,"caption":"Secretar\u00eda de Posgrado y Formaci\u00f3n Continua FCEyE UNR"},"image":{"@id":"https:\/\/posgrados.fcecon.unr.edu.ar\/#\/schema\/logo\/image\/"}}]}},"_links":{"self":[{"href":"https:\/\/posgrados.fcecon.unr.edu.ar\/index.php?rest_route=\/wp\/v2\/pages\/419","targetHints":{"allow":["GET"]}}],"collection":[{"href":"https:\/\/posgrados.fcecon.unr.edu.ar\/index.php?rest_route=\/wp\/v2\/pages"}],"about":[{"href":"https:\/\/posgrados.fcecon.unr.edu.ar\/index.php?rest_route=\/wp\/v2\/types\/page"}],"author":[{"embeddable":true,"href":"https:\/\/posgrados.fcecon.unr.edu.ar\/index.php?rest_route=\/wp\/v2\/users\/2"}],"replies":[{"embeddable":true,"href":"https:\/\/posgrados.fcecon.unr.edu.ar\/index.php?rest_route=%2Fwp%2Fv2%2Fcomments&post=419"}],"version-history":[{"count":3,"href":"https:\/\/posgrados.fcecon.unr.edu.ar\/index.php?rest_route=\/wp\/v2\/pages\/419\/revisions"}],"predecessor-version":[{"id":1156,"href":"https:\/\/posgrados.fcecon.unr.edu.ar\/index.php?rest_route=\/wp\/v2\/pages\/419\/revisions\/1156"}],"wp:attachment":[{"href":"https:\/\/posgrados.fcecon.unr.edu.ar\/index.php?rest_route=%2Fwp%2Fv2%2Fmedia&parent=419"}],"curies":[{"name":"wp","href":"https:\/\/api.w.org\/{rel}","templated":true}]}}