{"id":412,"date":"2024-10-07T10:16:33","date_gmt":"2024-10-07T13:16:33","guid":{"rendered":"https:\/\/posgrados.fcecon.unr.edu.ar\/?page_id=412"},"modified":"2025-08-20T15:39:06","modified_gmt":"2025-08-20T18:39:06","slug":"trabajos-finales-y-tesis","status":"publish","type":"page","link":"https:\/\/posgrados.fcecon.unr.edu.ar\/?page_id=412","title":{"rendered":"Trabajos Finales y Tesis"},"content":{"rendered":"<p class=\"has-inter-font-family\"><strong>Informaci\u00f3n para la presentaci\u00f3n de Trabajos Finales y Tesis &#8211; Especializaciones, Maestr\u00edas y Doctorados<\/strong><\/p><p>\ud83d\udcd1 <strong>Solamente <\/strong>se recibe copia digital del trabajo mediante la cuenta de email&nbsp;<strong><a href=\"mailto:tfyt@fcecon.unr.edu.ar\">tfyt@fcecon.unr.edu.ar<\/a>&nbsp;con:<\/strong><\/p><p>\u2705 <strong>Asunto: Trabajo Final \/Tesis de Especializaci\u00f3n\/Maestr\u00eda\/Doctorado &#8211; Apellido<\/strong><\/p><p>Copia de los siguientes documentos como Archivos adjuntos:<\/p><p>&#8211; Trabajo Final o Tesis<br>&#8211;&nbsp;<a href=\"https:\/\/admin.fceyeua.fcecon.unr.edu.ar\/uploads\/paginaweb\/archivos\/Posgrado\/modelo_nota_presentacion_trabajo_final_o_tesis%20actualizado%202023.doc\" target=\"_blank\" rel=\"noreferrer noopener\">Nota de presentaci\u00f3n<\/a>&nbsp;de&nbsp;la persona interesada<br>&#8211;&nbsp;<a href=\"https:\/\/drive.google.com\/uc?id=1oso27gidIiSOpK21dsV97ItXg0vGxW9K&amp;export=media\" target=\"_blank\" rel=\"noreferrer noopener\">Nota de autorizaci\u00f3n para publicaci\u00f3n<\/a>&nbsp;(en la licencia se sugiere el permiso&nbsp;Atribuci\u00f3n \u2013 No Comercial \u2013 Compartir Igual)<br>&#8211; Nota de aval del equipo de direcci\u00f3n (indicando que el trabajo est\u00e1 en condiciones de ser evaluado)<br>&#8211; Libre deuda de la Asociaci\u00f3n Cooperadora que puede solicitarse al mail:&nbsp;<a href=\"mailto:cobranza-cooperadora@fcecon.unr.edu.ar\">cobranza-cooperadora@fcecon.unr.edu.ar<\/a><\/p><p>\u2705 <strong>IMPORTANTE:&nbsp;Solamente se recibir\u00e1 la documentaci\u00f3n completa, sin excepci\u00f3n.<\/strong><\/p><p><strong>Nota 1:&nbsp;<\/strong>Todos los archivos deben ser formato pdf.<br><strong>Nota 2:&nbsp;<\/strong>La presentaci\u00f3n del trabajo final y\/o tesis solo puede realizarse despu\u00e9s de haber aprobado todas las materias&nbsp; y abonado la totalidad de las cuotas de la carrera.<br><strong>Nota 3:&nbsp;<\/strong>Los estudiantes no hispanohablantes deber\u00e1n acreditar el nivel AVANZADO (B3) o superior de conocimiento de la lengua espa\u00f1ola, de acuerdo a los est\u00e1ndares del MCERL.<\/p><div class=\"wp-block-columns is-layout-flex wp-container-core-columns-is-layout-9d6595d7 wp-block-columns-is-layout-flex\"><div class=\"wp-block-column is-layout-flow wp-block-column-is-layout-flow\" style=\"flex-basis:100%\"><div class=\"wp-block-buttons has-custom-font-size is-content-justification-center is-layout-flex wp-container-core-buttons-is-layout-16018d1d wp-block-buttons-is-layout-flex\" style=\"font-size:12px\"><div class=\"wp-block-button\"><a class=\"wp-block-button__link wp-element-button\" href=\"https:\/\/docs.google.com\/document\/d\/1M0-qznv98kYkdiQVl4l59iRiXcAFS_OH\/edit?usp=drive_link&amp;ouid=113836947526607011401&amp;rtpof=true&amp;sd=true\" style=\"border-style:none;border-width:0px;border-radius:9px\" target=\"_blank\" rel=\"noreferrer noopener\">Modelo Car\u00e1tula Especializaci\u00f3n<\/a><\/div>\n\n<div class=\"wp-block-button\"><a class=\"wp-block-button__link wp-element-button\" href=\"https:\/\/docs.google.com\/document\/d\/1pbm8dqrUw2wW-n8PRkR15lTtjSixAEr4\/edit?usp=drive_link&amp;ouid=113836947526607011401&amp;rtpof=true&amp;sd=true\" style=\"border-style:none;border-width:0px;border-radius:9px\" target=\"_blank\" rel=\"noreferrer noopener\">Modelo Car\u00e1tula Maestr\u00eda\/Doctorado<\/a><\/div><\/div><\/div><\/div><p><br>En la cuenta de email&nbsp;<strong><a href=\"mailto:tfyt@fcecon.unr.edu.ar\">tfyt@fcecon.unr.edu.ar<\/a>&nbsp;NO&nbsp;se responden consultas,<\/strong> solo se reciben los trabajos. <br>Por informaci\u00f3n adicional sobre la presentaci\u00f3n de los <strong>Trabajos finales o Tesis de Maestr\u00eda<\/strong> pod\u00e9s comunicarte al correo&nbsp;<strong><a href=\"mailto:evaluaciones-posgrado@fcecon.unr.edu.ar\">evaluaciones-posgrado@fcecon.unr.edu.ar<\/a>. <\/strong><br>Para m\u00e1s informaci\u00f3n de <strong>Tesis de Doctorado<\/strong> pod\u00e9s comunicarte al correo&nbsp;<strong><a href=\"mailto:infoposgrado@fcecon.unr.edu.ar\">infoposgrado@fcecon.unr.edu.ar<\/a>.<\/strong><\/p><p>Descargar modelo de&nbsp;<a href=\"https:\/\/drive.google.com\/uc?id=199sTxi1pWV3EdYwJCZFEv14aTSvw1KQ6&amp;export=media\" target=\"_blank\" rel=\"noreferrer noopener\">nota para solicitar la <\/a><strong><a href=\"https:\/\/drive.google.com\/uc?id=199sTxi1pWV3EdYwJCZFEv14aTSvw1KQ6&amp;export=media\" target=\"_blank\" rel=\"noreferrer noopener\">pr\u00f3rroga<\/a>&nbsp;en la presentaci\u00f3n de los trabajos finales o tesis <\/strong>para finalizar las carreras de posgrado<\/p><div class=\"wp-block-buttons has-custom-font-size is-content-justification-center is-layout-flex wp-container-core-buttons-is-layout-16018d1d wp-block-buttons-is-layout-flex\" style=\"font-size:12px\"><div class=\"wp-block-button\"><a class=\"wp-block-button__link wp-element-button\" href=\"https:\/\/drive.google.com\/uc?id=199sTxi1pWV3EdYwJCZFEv14aTSvw1KQ6&amp;export=media\" style=\"border-style:none;border-width:0px;border-radius:9px\">Descargar m\u00f3delo pr\u00f3rroga<\/a><\/div><\/div><p><\/p>","protected":false},"excerpt":{"rendered":"<p>Informaci\u00f3n para la presentaci\u00f3n de Trabajos Finales y Tesis &#8211; Especializaciones, Maestr\u00edas y Doctorados \ud83d\udcd1 Solamente se recibe copia digital<span class=\"more-dots\">&#8230;<\/span><\/p>\n","protected":false},"author":2,"featured_media":0,"parent":0,"menu_order":0,"comment_status":"closed","ping_status":"closed","template":"","meta":{"footnotes":""},"class_list":["post-412","page","type-page","status-publish","hentry","no-post-thumbnail"],"yoast_head":"<!-- This site is optimized with the Yoast SEO plugin v27.4 - https:\/\/yoast.com\/product\/yoast-seo-wordpress\/ -->\n<title>Trabajos Finales y Tesis - Secretar\u00eda de Posgrado y Formaci\u00f3n Continua FCEyE UNR<\/title>\n<meta name=\"robots\" content=\"index, follow, max-snippet:-1, max-image-preview:large, max-video-preview:-1\" \/>\n<link rel=\"canonical\" href=\"https:\/\/posgrados.fcecon.unr.edu.ar\/?page_id=412\" \/>\n<meta property=\"og:locale\" content=\"es_ES\" \/>\n<meta property=\"og:type\" content=\"article\" \/>\n<meta property=\"og:title\" content=\"Trabajos Finales y Tesis - Secretar\u00eda de Posgrado y Formaci\u00f3n Continua FCEyE UNR\" \/>\n<meta property=\"og:description\" content=\"Informaci\u00f3n para la presentaci\u00f3n de Trabajos Finales y Tesis &#8211; Especializaciones, Maestr\u00edas y Doctorados \ud83d\udcd1 Solamente se recibe copia digital...\" \/>\n<meta property=\"og:url\" content=\"https:\/\/posgrados.fcecon.unr.edu.ar\/?page_id=412\" \/>\n<meta property=\"og:site_name\" content=\"Secretar\u00eda de Posgrado y Formaci\u00f3n Continua FCEyE UNR\" \/>\n<meta property=\"article:modified_time\" content=\"2025-08-20T18:39:06+00:00\" \/>\n<meta name=\"twitter:card\" content=\"summary_large_image\" \/>\n<meta name=\"twitter:label1\" content=\"Tiempo de lectura\" \/>\n\t<meta name=\"twitter:data1\" content=\"2 minutos\" \/>\n<script type=\"application\/ld+json\" class=\"yoast-schema-graph\">{\"@context\":\"https:\\\/\\\/schema.org\",\"@graph\":[{\"@type\":\"WebPage\",\"@id\":\"https:\\\/\\\/posgrados.fcecon.unr.edu.ar\\\/?page_id=412\",\"url\":\"https:\\\/\\\/posgrados.fcecon.unr.edu.ar\\\/?page_id=412\",\"name\":\"Trabajos Finales y Tesis - Secretar\u00eda de Posgrado y Formaci\u00f3n Continua FCEyE UNR\",\"isPartOf\":{\"@id\":\"https:\\\/\\\/posgrados.fcecon.unr.edu.ar\\\/#website\"},\"datePublished\":\"2024-10-07T13:16:33+00:00\",\"dateModified\":\"2025-08-20T18:39:06+00:00\",\"breadcrumb\":{\"@id\":\"https:\\\/\\\/posgrados.fcecon.unr.edu.ar\\\/?page_id=412#breadcrumb\"},\"inLanguage\":\"es-AR\",\"potentialAction\":[{\"@type\":\"ReadAction\",\"target\":[\"https:\\\/\\\/posgrados.fcecon.unr.edu.ar\\\/?page_id=412\"]}]},{\"@type\":\"BreadcrumbList\",\"@id\":\"https:\\\/\\\/posgrados.fcecon.unr.edu.ar\\\/?page_id=412#breadcrumb\",\"itemListElement\":[{\"@type\":\"ListItem\",\"position\":1,\"name\":\"Home\",\"item\":\"https:\\\/\\\/posgrados.fcecon.unr.edu.ar\\\/\"},{\"@type\":\"ListItem\",\"position\":2,\"name\":\"Trabajos Finales y Tesis\"}]},{\"@type\":\"WebSite\",\"@id\":\"https:\\\/\\\/posgrados.fcecon.unr.edu.ar\\\/#website\",\"url\":\"https:\\\/\\\/posgrados.fcecon.unr.edu.ar\\\/\",\"name\":\"Secretar\u00eda de Posgrado y Formaci\u00f3n Continua FCEyE UNR\",\"description\":\"Posgrado FCEyE UNR\",\"publisher\":{\"@id\":\"https:\\\/\\\/posgrados.fcecon.unr.edu.ar\\\/#organization\"},\"potentialAction\":[{\"@type\":\"SearchAction\",\"target\":{\"@type\":\"EntryPoint\",\"urlTemplate\":\"https:\\\/\\\/posgrados.fcecon.unr.edu.ar\\\/?s={search_term_string}\"},\"query-input\":{\"@type\":\"PropertyValueSpecification\",\"valueRequired\":true,\"valueName\":\"search_term_string\"}}],\"inLanguage\":\"es-AR\"},{\"@type\":\"Organization\",\"@id\":\"https:\\\/\\\/posgrados.fcecon.unr.edu.ar\\\/#organization\",\"name\":\"Secretar\u00eda de Posgrado y Formaci\u00f3n Continua FCEyE UNR\",\"url\":\"https:\\\/\\\/posgrados.fcecon.unr.edu.ar\\\/\",\"logo\":{\"@type\":\"ImageObject\",\"inLanguage\":\"es-AR\",\"@id\":\"https:\\\/\\\/posgrados.fcecon.unr.edu.ar\\\/#\\\/schema\\\/logo\\\/image\\\/\",\"url\":\"https:\\\/\\\/posgrados.fcecon.unr.edu.ar\\\/wp-content\\\/uploads\\\/2025\\\/03\\\/cropped-cropped-cropped-cropped-Diseno_sin_titulo__31_-removebg-preview.png\",\"contentUrl\":\"https:\\\/\\\/posgrados.fcecon.unr.edu.ar\\\/wp-content\\\/uploads\\\/2025\\\/03\\\/cropped-cropped-cropped-cropped-Diseno_sin_titulo__31_-removebg-preview.png\",\"width\":675,\"height\":88,\"caption\":\"Secretar\u00eda de Posgrado y Formaci\u00f3n Continua FCEyE UNR\"},\"image\":{\"@id\":\"https:\\\/\\\/posgrados.fcecon.unr.edu.ar\\\/#\\\/schema\\\/logo\\\/image\\\/\"}}]}<\/script>\n<!-- \/ Yoast SEO plugin. -->","yoast_head_json":{"title":"Trabajos Finales y Tesis - Secretar\u00eda de Posgrado y Formaci\u00f3n Continua FCEyE UNR","robots":{"index":"index","follow":"follow","max-snippet":"max-snippet:-1","max-image-preview":"max-image-preview:large","max-video-preview":"max-video-preview:-1"},"canonical":"https:\/\/posgrados.fcecon.unr.edu.ar\/?page_id=412","og_locale":"es_ES","og_type":"article","og_title":"Trabajos Finales y Tesis - Secretar\u00eda de Posgrado y Formaci\u00f3n Continua FCEyE UNR","og_description":"Informaci\u00f3n para la presentaci\u00f3n de Trabajos Finales y Tesis &#8211; Especializaciones, Maestr\u00edas y Doctorados \ud83d\udcd1 Solamente se recibe copia digital...","og_url":"https:\/\/posgrados.fcecon.unr.edu.ar\/?page_id=412","og_site_name":"Secretar\u00eda de Posgrado y Formaci\u00f3n Continua FCEyE UNR","article_modified_time":"2025-08-20T18:39:06+00:00","twitter_card":"summary_large_image","twitter_misc":{"Tiempo de lectura":"2 minutos"},"schema":{"@context":"https:\/\/schema.org","@graph":[{"@type":"WebPage","@id":"https:\/\/posgrados.fcecon.unr.edu.ar\/?page_id=412","url":"https:\/\/posgrados.fcecon.unr.edu.ar\/?page_id=412","name":"Trabajos Finales y Tesis - Secretar\u00eda de Posgrado y Formaci\u00f3n Continua FCEyE UNR","isPartOf":{"@id":"https:\/\/posgrados.fcecon.unr.edu.ar\/#website"},"datePublished":"2024-10-07T13:16:33+00:00","dateModified":"2025-08-20T18:39:06+00:00","breadcrumb":{"@id":"https:\/\/posgrados.fcecon.unr.edu.ar\/?page_id=412#breadcrumb"},"inLanguage":"es-AR","potentialAction":[{"@type":"ReadAction","target":["https:\/\/posgrados.fcecon.unr.edu.ar\/?page_id=412"]}]},{"@type":"BreadcrumbList","@id":"https:\/\/posgrados.fcecon.unr.edu.ar\/?page_id=412#breadcrumb","itemListElement":[{"@type":"ListItem","position":1,"name":"Home","item":"https:\/\/posgrados.fcecon.unr.edu.ar\/"},{"@type":"ListItem","position":2,"name":"Trabajos Finales y Tesis"}]},{"@type":"WebSite","@id":"https:\/\/posgrados.fcecon.unr.edu.ar\/#website","url":"https:\/\/posgrados.fcecon.unr.edu.ar\/","name":"Secretar\u00eda de Posgrado y Formaci\u00f3n Continua FCEyE UNR","description":"Posgrado FCEyE UNR","publisher":{"@id":"https:\/\/posgrados.fcecon.unr.edu.ar\/#organization"},"potentialAction":[{"@type":"SearchAction","target":{"@type":"EntryPoint","urlTemplate":"https:\/\/posgrados.fcecon.unr.edu.ar\/?s={search_term_string}"},"query-input":{"@type":"PropertyValueSpecification","valueRequired":true,"valueName":"search_term_string"}}],"inLanguage":"es-AR"},{"@type":"Organization","@id":"https:\/\/posgrados.fcecon.unr.edu.ar\/#organization","name":"Secretar\u00eda de Posgrado y Formaci\u00f3n Continua FCEyE UNR","url":"https:\/\/posgrados.fcecon.unr.edu.ar\/","logo":{"@type":"ImageObject","inLanguage":"es-AR","@id":"https:\/\/posgrados.fcecon.unr.edu.ar\/#\/schema\/logo\/image\/","url":"https:\/\/posgrados.fcecon.unr.edu.ar\/wp-content\/uploads\/2025\/03\/cropped-cropped-cropped-cropped-Diseno_sin_titulo__31_-removebg-preview.png","contentUrl":"https:\/\/posgrados.fcecon.unr.edu.ar\/wp-content\/uploads\/2025\/03\/cropped-cropped-cropped-cropped-Diseno_sin_titulo__31_-removebg-preview.png","width":675,"height":88,"caption":"Secretar\u00eda de Posgrado y Formaci\u00f3n Continua FCEyE UNR"},"image":{"@id":"https:\/\/posgrados.fcecon.unr.edu.ar\/#\/schema\/logo\/image\/"}}]}},"_links":{"self":[{"href":"https:\/\/posgrados.fcecon.unr.edu.ar\/index.php?rest_route=\/wp\/v2\/pages\/412","targetHints":{"allow":["GET"]}}],"collection":[{"href":"https:\/\/posgrados.fcecon.unr.edu.ar\/index.php?rest_route=\/wp\/v2\/pages"}],"about":[{"href":"https:\/\/posgrados.fcecon.unr.edu.ar\/index.php?rest_route=\/wp\/v2\/types\/page"}],"author":[{"embeddable":true,"href":"https:\/\/posgrados.fcecon.unr.edu.ar\/index.php?rest_route=\/wp\/v2\/users\/2"}],"replies":[{"embeddable":true,"href":"https:\/\/posgrados.fcecon.unr.edu.ar\/index.php?rest_route=%2Fwp%2Fv2%2Fcomments&post=412"}],"version-history":[{"count":8,"href":"https:\/\/posgrados.fcecon.unr.edu.ar\/index.php?rest_route=\/wp\/v2\/pages\/412\/revisions"}],"predecessor-version":[{"id":1272,"href":"https:\/\/posgrados.fcecon.unr.edu.ar\/index.php?rest_route=\/wp\/v2\/pages\/412\/revisions\/1272"}],"wp:attachment":[{"href":"https:\/\/posgrados.fcecon.unr.edu.ar\/index.php?rest_route=%2Fwp%2Fv2%2Fmedia&parent=412"}],"curies":[{"name":"wp","href":"https:\/\/api.w.org\/{rel}","templated":true}]}}