{"id":408,"date":"2024-10-07T09:56:27","date_gmt":"2024-10-07T12:56:27","guid":{"rendered":"https:\/\/posgrados.fcecon.unr.edu.ar\/?page_id=408"},"modified":"2025-03-05T12:59:54","modified_gmt":"2025-03-05T15:59:54","slug":"admision-academica-a-los-doctorados-disciplinares","status":"publish","type":"page","link":"https:\/\/posgrados.fcecon.unr.edu.ar\/?page_id=408","title":{"rendered":"Admisi\u00f3n Acad\u00e9mica a los Doctorados Disciplinares"},"content":{"rendered":"<p class=\"has-inter-font-family\"><\/p><p>\ud83d\udcd1 <strong>Documentaci\u00f3n requerida<\/strong>\u00a0(solo copia en soporte electr\u00f3nico):<\/p><p><strong>1<\/strong>.\u00a0<a href=\"https:\/\/admin.fceyeua.fcecon.unr.edu.ar\/uploads\/paginaweb\/archivos\/Posgrado\/nota_solic.admision.doc\" target=\"_blank\" rel=\"noreferrer noopener\">Nota de solicitud de admisi\u00f3n<\/a>\u00a0conteniendo datos personales y carrera<br><strong>2.<\/strong>\u00a0<a href=\"https:\/\/admin.fceyeua.fcecon.unr.edu.ar\/uploads\/paginaweb\/archivos\/Posgrado\/Aceptaci%C3%B3n%20Director.docx\" target=\"_blank\" rel=\"noreferrer noopener\">Nota de aceptaci\u00f3n del Director de Tesis\u00a0\/ Co-Director<\/a>\u00a0de Tesis\u00a0(obligatorio para alumnos cuyo director es extrajero)<br><strong>3.\u00a0<\/strong>CV del aspirante<br><strong>4.<\/strong>\u00a0CV del Director de Tesis \/ Co-director\u00a0<br><strong>5<\/strong>.\u00a0Plan de trabajo de tesis (en el mismo se evaluar\u00e1 pertinencia del tema, problema, hip\u00f3tesis, objetivos, estado del arte, metodolog\u00eda, bibliograf\u00eda y cronograma)<br>Pueden realizarla aquellos aspirantes que hayan elaborado su plan de tesis.<br><br>Para\u00a0<strong>Doctorado en Contabilidad<\/strong>: solamente podr\u00e1n presentarla quienes tengan aprobado el M\u00f3dulo de Formaci\u00f3n\u00a0B\u00e1sica y el M\u00f3dulo de Formaci\u00f3n Espec\u00edfica.<\/p><p>S\u00f3lo para&nbsp;&nbsp;<strong>Doctorado en Administraci\u00f3n<\/strong>: el aspirante deber\u00e1 presentar certificaci\u00f3n de 200 horas de investigaci\u00f3n.<\/p><p>\u2705<strong> IMPORTANTE:<\/strong><br>Recepci\u00f3n de la documentaci\u00f3n:\u00a0 solo en soporte digital al correo\u00a0<a href=\"mailto:doctorados@fcecon.unr.edu.ar\">doctorados@fcecon.unr.edu.ar<\/a>.<\/p><p><\/p><div class=\"wp-block-columns is-layout-flex wp-container-core-columns-is-layout-9d6595d7 wp-block-columns-is-layout-flex\"><div class=\"wp-block-column is-layout-flow wp-block-column-is-layout-flow\" style=\"flex-basis:100%\"><div class=\"wp-block-buttons has-custom-font-size is-content-justification-center is-layout-flex wp-container-core-buttons-is-layout-16018d1d wp-block-buttons-is-layout-flex\" style=\"font-size:12px\"><div class=\"wp-block-button\"><a class=\"wp-block-button__link wp-element-button\" style=\"border-style:none;border-width:0px;border-radius:9px\">Contactanos<\/a><\/div><\/div><\/div><\/div><p><\/p>","protected":false},"excerpt":{"rendered":"<p>\ud83d\udcd1 Documentaci\u00f3n requerida\u00a0(solo copia en soporte electr\u00f3nico): 1.\u00a0Nota de solicitud de admisi\u00f3n\u00a0conteniendo datos personales y carrera2.\u00a0Nota de aceptaci\u00f3n del Director<span class=\"more-dots\">&#8230;<\/span><\/p>\n","protected":false},"author":2,"featured_media":0,"parent":0,"menu_order":0,"comment_status":"closed","ping_status":"closed","template":"","meta":{"footnotes":""},"class_list":["post-408","page","type-page","status-publish","hentry","no-post-thumbnail"],"yoast_head":"<!-- This site is optimized with the Yoast SEO plugin v27.4 - https:\/\/yoast.com\/product\/yoast-seo-wordpress\/ -->\n<title>Admisi\u00f3n Acad\u00e9mica a los Doctorados Disciplinares - Secretar\u00eda de Posgrado y Formaci\u00f3n Continua FCEyE UNR<\/title>\n<meta name=\"robots\" content=\"index, follow, max-snippet:-1, max-image-preview:large, max-video-preview:-1\" \/>\n<link rel=\"canonical\" href=\"https:\/\/posgrados.fcecon.unr.edu.ar\/?page_id=408\" \/>\n<meta property=\"og:locale\" content=\"es_ES\" \/>\n<meta property=\"og:type\" content=\"article\" \/>\n<meta property=\"og:title\" content=\"Admisi\u00f3n Acad\u00e9mica a los Doctorados Disciplinares - Secretar\u00eda de Posgrado y Formaci\u00f3n Continua FCEyE UNR\" \/>\n<meta property=\"og:description\" content=\"\ud83d\udcd1 Documentaci\u00f3n requerida\u00a0(solo copia en soporte electr\u00f3nico): 1.\u00a0Nota de solicitud de admisi\u00f3n\u00a0conteniendo datos personales y carrera2.\u00a0Nota de aceptaci\u00f3n del Director...\" \/>\n<meta property=\"og:url\" content=\"https:\/\/posgrados.fcecon.unr.edu.ar\/?page_id=408\" \/>\n<meta property=\"og:site_name\" content=\"Secretar\u00eda de Posgrado y Formaci\u00f3n Continua FCEyE UNR\" \/>\n<meta property=\"article:modified_time\" content=\"2025-03-05T15:59:54+00:00\" \/>\n<meta name=\"twitter:card\" content=\"summary_large_image\" \/>\n<meta name=\"twitter:label1\" content=\"Tiempo de lectura\" \/>\n\t<meta name=\"twitter:data1\" content=\"1 minuto\" \/>\n<script type=\"application\/ld+json\" class=\"yoast-schema-graph\">{\"@context\":\"https:\\\/\\\/schema.org\",\"@graph\":[{\"@type\":\"WebPage\",\"@id\":\"https:\\\/\\\/posgrados.fcecon.unr.edu.ar\\\/?page_id=408\",\"url\":\"https:\\\/\\\/posgrados.fcecon.unr.edu.ar\\\/?page_id=408\",\"name\":\"Admisi\u00f3n Acad\u00e9mica a los Doctorados Disciplinares - Secretar\u00eda de Posgrado y Formaci\u00f3n Continua FCEyE UNR\",\"isPartOf\":{\"@id\":\"https:\\\/\\\/posgrados.fcecon.unr.edu.ar\\\/#website\"},\"datePublished\":\"2024-10-07T12:56:27+00:00\",\"dateModified\":\"2025-03-05T15:59:54+00:00\",\"breadcrumb\":{\"@id\":\"https:\\\/\\\/posgrados.fcecon.unr.edu.ar\\\/?page_id=408#breadcrumb\"},\"inLanguage\":\"es-AR\",\"potentialAction\":[{\"@type\":\"ReadAction\",\"target\":[\"https:\\\/\\\/posgrados.fcecon.unr.edu.ar\\\/?page_id=408\"]}]},{\"@type\":\"BreadcrumbList\",\"@id\":\"https:\\\/\\\/posgrados.fcecon.unr.edu.ar\\\/?page_id=408#breadcrumb\",\"itemListElement\":[{\"@type\":\"ListItem\",\"position\":1,\"name\":\"Home\",\"item\":\"https:\\\/\\\/posgrados.fcecon.unr.edu.ar\\\/\"},{\"@type\":\"ListItem\",\"position\":2,\"name\":\"Admisi\u00f3n Acad\u00e9mica a los Doctorados Disciplinares\"}]},{\"@type\":\"WebSite\",\"@id\":\"https:\\\/\\\/posgrados.fcecon.unr.edu.ar\\\/#website\",\"url\":\"https:\\\/\\\/posgrados.fcecon.unr.edu.ar\\\/\",\"name\":\"Secretar\u00eda de Posgrado y Formaci\u00f3n Continua FCEyE UNR\",\"description\":\"Posgrado FCEyE UNR\",\"publisher\":{\"@id\":\"https:\\\/\\\/posgrados.fcecon.unr.edu.ar\\\/#organization\"},\"potentialAction\":[{\"@type\":\"SearchAction\",\"target\":{\"@type\":\"EntryPoint\",\"urlTemplate\":\"https:\\\/\\\/posgrados.fcecon.unr.edu.ar\\\/?s={search_term_string}\"},\"query-input\":{\"@type\":\"PropertyValueSpecification\",\"valueRequired\":true,\"valueName\":\"search_term_string\"}}],\"inLanguage\":\"es-AR\"},{\"@type\":\"Organization\",\"@id\":\"https:\\\/\\\/posgrados.fcecon.unr.edu.ar\\\/#organization\",\"name\":\"Secretar\u00eda de Posgrado y Formaci\u00f3n Continua FCEyE UNR\",\"url\":\"https:\\\/\\\/posgrados.fcecon.unr.edu.ar\\\/\",\"logo\":{\"@type\":\"ImageObject\",\"inLanguage\":\"es-AR\",\"@id\":\"https:\\\/\\\/posgrados.fcecon.unr.edu.ar\\\/#\\\/schema\\\/logo\\\/image\\\/\",\"url\":\"https:\\\/\\\/posgrados.fcecon.unr.edu.ar\\\/wp-content\\\/uploads\\\/2025\\\/03\\\/cropped-cropped-cropped-cropped-Diseno_sin_titulo__31_-removebg-preview.png\",\"contentUrl\":\"https:\\\/\\\/posgrados.fcecon.unr.edu.ar\\\/wp-content\\\/uploads\\\/2025\\\/03\\\/cropped-cropped-cropped-cropped-Diseno_sin_titulo__31_-removebg-preview.png\",\"width\":675,\"height\":88,\"caption\":\"Secretar\u00eda de Posgrado y Formaci\u00f3n Continua FCEyE UNR\"},\"image\":{\"@id\":\"https:\\\/\\\/posgrados.fcecon.unr.edu.ar\\\/#\\\/schema\\\/logo\\\/image\\\/\"}}]}<\/script>\n<!-- \/ Yoast SEO plugin. -->","yoast_head_json":{"title":"Admisi\u00f3n Acad\u00e9mica a los Doctorados Disciplinares - Secretar\u00eda de Posgrado y Formaci\u00f3n Continua FCEyE UNR","robots":{"index":"index","follow":"follow","max-snippet":"max-snippet:-1","max-image-preview":"max-image-preview:large","max-video-preview":"max-video-preview:-1"},"canonical":"https:\/\/posgrados.fcecon.unr.edu.ar\/?page_id=408","og_locale":"es_ES","og_type":"article","og_title":"Admisi\u00f3n Acad\u00e9mica a los Doctorados Disciplinares - Secretar\u00eda de Posgrado y Formaci\u00f3n Continua FCEyE UNR","og_description":"\ud83d\udcd1 Documentaci\u00f3n requerida\u00a0(solo copia en soporte electr\u00f3nico): 1.\u00a0Nota de solicitud de admisi\u00f3n\u00a0conteniendo datos personales y carrera2.\u00a0Nota de aceptaci\u00f3n del Director...","og_url":"https:\/\/posgrados.fcecon.unr.edu.ar\/?page_id=408","og_site_name":"Secretar\u00eda de Posgrado y Formaci\u00f3n Continua FCEyE UNR","article_modified_time":"2025-03-05T15:59:54+00:00","twitter_card":"summary_large_image","twitter_misc":{"Tiempo de lectura":"1 minuto"},"schema":{"@context":"https:\/\/schema.org","@graph":[{"@type":"WebPage","@id":"https:\/\/posgrados.fcecon.unr.edu.ar\/?page_id=408","url":"https:\/\/posgrados.fcecon.unr.edu.ar\/?page_id=408","name":"Admisi\u00f3n Acad\u00e9mica a los Doctorados Disciplinares - Secretar\u00eda de Posgrado y Formaci\u00f3n Continua FCEyE UNR","isPartOf":{"@id":"https:\/\/posgrados.fcecon.unr.edu.ar\/#website"},"datePublished":"2024-10-07T12:56:27+00:00","dateModified":"2025-03-05T15:59:54+00:00","breadcrumb":{"@id":"https:\/\/posgrados.fcecon.unr.edu.ar\/?page_id=408#breadcrumb"},"inLanguage":"es-AR","potentialAction":[{"@type":"ReadAction","target":["https:\/\/posgrados.fcecon.unr.edu.ar\/?page_id=408"]}]},{"@type":"BreadcrumbList","@id":"https:\/\/posgrados.fcecon.unr.edu.ar\/?page_id=408#breadcrumb","itemListElement":[{"@type":"ListItem","position":1,"name":"Home","item":"https:\/\/posgrados.fcecon.unr.edu.ar\/"},{"@type":"ListItem","position":2,"name":"Admisi\u00f3n Acad\u00e9mica a los Doctorados Disciplinares"}]},{"@type":"WebSite","@id":"https:\/\/posgrados.fcecon.unr.edu.ar\/#website","url":"https:\/\/posgrados.fcecon.unr.edu.ar\/","name":"Secretar\u00eda de Posgrado y Formaci\u00f3n Continua FCEyE UNR","description":"Posgrado FCEyE UNR","publisher":{"@id":"https:\/\/posgrados.fcecon.unr.edu.ar\/#organization"},"potentialAction":[{"@type":"SearchAction","target":{"@type":"EntryPoint","urlTemplate":"https:\/\/posgrados.fcecon.unr.edu.ar\/?s={search_term_string}"},"query-input":{"@type":"PropertyValueSpecification","valueRequired":true,"valueName":"search_term_string"}}],"inLanguage":"es-AR"},{"@type":"Organization","@id":"https:\/\/posgrados.fcecon.unr.edu.ar\/#organization","name":"Secretar\u00eda de Posgrado y Formaci\u00f3n Continua FCEyE UNR","url":"https:\/\/posgrados.fcecon.unr.edu.ar\/","logo":{"@type":"ImageObject","inLanguage":"es-AR","@id":"https:\/\/posgrados.fcecon.unr.edu.ar\/#\/schema\/logo\/image\/","url":"https:\/\/posgrados.fcecon.unr.edu.ar\/wp-content\/uploads\/2025\/03\/cropped-cropped-cropped-cropped-Diseno_sin_titulo__31_-removebg-preview.png","contentUrl":"https:\/\/posgrados.fcecon.unr.edu.ar\/wp-content\/uploads\/2025\/03\/cropped-cropped-cropped-cropped-Diseno_sin_titulo__31_-removebg-preview.png","width":675,"height":88,"caption":"Secretar\u00eda de Posgrado y Formaci\u00f3n Continua FCEyE UNR"},"image":{"@id":"https:\/\/posgrados.fcecon.unr.edu.ar\/#\/schema\/logo\/image\/"}}]}},"_links":{"self":[{"href":"https:\/\/posgrados.fcecon.unr.edu.ar\/index.php?rest_route=\/wp\/v2\/pages\/408","targetHints":{"allow":["GET"]}}],"collection":[{"href":"https:\/\/posgrados.fcecon.unr.edu.ar\/index.php?rest_route=\/wp\/v2\/pages"}],"about":[{"href":"https:\/\/posgrados.fcecon.unr.edu.ar\/index.php?rest_route=\/wp\/v2\/types\/page"}],"author":[{"embeddable":true,"href":"https:\/\/posgrados.fcecon.unr.edu.ar\/index.php?rest_route=\/wp\/v2\/users\/2"}],"replies":[{"embeddable":true,"href":"https:\/\/posgrados.fcecon.unr.edu.ar\/index.php?rest_route=%2Fwp%2Fv2%2Fcomments&post=408"}],"version-history":[{"count":2,"href":"https:\/\/posgrados.fcecon.unr.edu.ar\/index.php?rest_route=\/wp\/v2\/pages\/408\/revisions"}],"predecessor-version":[{"id":691,"href":"https:\/\/posgrados.fcecon.unr.edu.ar\/index.php?rest_route=\/wp\/v2\/pages\/408\/revisions\/691"}],"wp:attachment":[{"href":"https:\/\/posgrados.fcecon.unr.edu.ar\/index.php?rest_route=%2Fwp%2Fv2%2Fmedia&parent=408"}],"curies":[{"name":"wp","href":"https:\/\/api.w.org\/{rel}","templated":true}]}}