{"id":405,"date":"2024-10-07T09:48:56","date_gmt":"2024-10-07T12:48:56","guid":{"rendered":"https:\/\/posgrados.fcecon.unr.edu.ar\/?page_id=405"},"modified":"2025-03-05T12:57:16","modified_gmt":"2025-03-05T15:57:16","slug":"documentacion-de-ingreso-administrativo","status":"publish","type":"page","link":"https:\/\/posgrados.fcecon.unr.edu.ar\/?page_id=405","title":{"rendered":"Documentaci\u00f3n de Ingreso Administrativo"},"content":{"rendered":"<p class=\"has-inter-font-family\"><br><strong>Indicaciones para alumnos y alumnas de Posgrado (Especializaciones, Maestr\u00edas y Doctorados)<\/strong><\/p><p>\ud83d\udcc5 <strong>Per\u00edodo de presentaci\u00f3n y recepci\u00f3n de la documentaci\u00f3n:<\/strong>&nbsp;son establecidos para cada carrera, en funci\u00f3n de su fecha de inicio. A cada cohorte se le indica la fecha mediante correo electr\u00f3nico.<\/p><p>\ud83d\udcd1 <strong>Entrega de la documentaci\u00f3n impresa<\/strong>: presencialmente en la oficina de Posgrado o por correo a la siguiente direcci\u00f3n:<\/p><p>Secretar\u00eda de Posgrado y Formaci\u00f3n Continua<br>Facultad de Ciencias Econ\u00f3micas y Estad\u00edstica &#8211; U.N.R.<br>Bv. Oro\u00f1o 1261 &#8211; 3\u00b0 piso<br>S 2000 DSM &#8211; Rosario &#8211; Santa Fe<\/p><p>\u2705 <strong>Documentaci\u00f3n requerida<\/strong><\/p><ol class=\"wp-block-list\"><li>Fotocopia legalizada del diploma de grado.\u00a0<em>En caso de no tenerlo a\u00fan, constancia de t\u00edtulo en tr\u00e1mite.\u00a0Lo\/as alumnos que no hayan egresado de la UNR deber\u00e1n presentar el t\u00edtulo con el Reconocimiento oficial del Ministerio Educaci\u00f3n, Cultura, Ciencia y Tecnolog\u00eda.<\/em><\/li>\n\n<li>Una foto 4&#215;4 con fondo blanco<\/li>\n\n<li>Fotocopia legalizada color anverso y reverso del Documento Nacional de Identidad<\/li>\n\n<li>Fotocopia legalizada y actualizada de la partida o acta de nacimiento (vigencia 6 meses)<\/li>\n\n<li>Formulario SUR 1 o Constancia de inscripci\u00f3n&nbsp;<em>(Descargado del sistema guaran\u00ed luego de realizar la preinscripci\u00f3n. Si tiene una inscripci\u00f3n previa en otro posgrado de la facultad solo debe enviar la constancia de inscripci\u00f3n)<\/em><\/li>\n\n<li>Comprobante pago de matr\u00edcula<br><br><\/li><\/ol><p>\u2705 <strong>Aspirantes extranjeros<\/strong><br>1. Fotocopia legalizada y apostillada de t\u00edtulo de grado&nbsp;(<em>en caso de no estar en idioma espa\u00f1ol, incluir traducci\u00f3n realizada por un\/a Traductor\/a Oficial de la Rep\u00fablica Argentina)<\/em><br>2. Una foto 4&#215;4 con fondo blanco&nbsp;<br>3. Fotocopia legalizada color del pasaporte legalizado y apostillado&nbsp;(todas las p\u00e1ginas).<br>4. Fotocopia legalizada y apostillada de partida de nacimiento&nbsp;(en caso de no estar en idioma espa\u00f1ol, incluir traducci\u00f3n realizada por un\/a Traductor\/a Oficial de la Rep\u00fablica Argentina)<br>5. Formulario SUR 1 o Constancia de inscripci\u00f3n&nbsp;<em>(Descargado del sistema guaran\u00ed luego de realizar la preinscripci\u00f3n. Si tiene una inscripci\u00f3n previa en otro posgrado de la facultad solo debe enviar la constancia de inscripci\u00f3n)<\/em><br>6. Los aspirantes no hispanohablantes deber\u00e1n acreditar el nivel INTERMEDIO INDEPENDIENTE (B2) o superior de conocimiento de la lengua espa\u00f1ola.&nbsp;En caso de ser admitidos deber\u00e1n acreditar, previamente a la Defensa de la Tesis, el nivel AVANZADO de conocimiento de la lengua espa\u00f1ola.<br>7. Comprobante pago de matr\u00edcula<br><em><strong>Las legalizaciones deben ser originales, no se aceptar\u00e1n fotocopias de la legalizaci\u00f3n<\/strong><\/em><br><br>\ud83d\udcd1 <strong>Inscripci\u00f3n Administrativa para&nbsp;Alumnos de Doctorados en Administraci\u00f3n, Contabilidad, Econom\u00eda y Estad\u00edstica:<\/strong>&nbsp; Deben realizarla todos los asistentes a los seminarios acreditables&nbsp;del Programa de Doctorado <em>(Constituye una instancia<\/em><strong><em> previa y diferente <\/em><\/strong><em>a la&nbsp;admisi\u00f3n acad\u00e9mica&nbsp;que&nbsp;realiza la Comisi\u00f3n de Posgrado de cada carrera).&nbsp;<\/em><\/p><p><strong>Per\u00edodo de presentaci\u00f3n:<\/strong>&nbsp;&nbsp;&nbsp;<strong>1\u00ba al 30 de abril&nbsp;<\/strong>o del&nbsp;<strong>1\u00ba al 31 de agosto&nbsp;<\/strong><\/p><div class=\"wp-block-columns is-layout-flex wp-container-core-columns-is-layout-9d6595d7 wp-block-columns-is-layout-flex\"><div class=\"wp-block-column is-layout-flow wp-block-column-is-layout-flow\" style=\"flex-basis:100%\"><div class=\"wp-block-buttons has-custom-font-size is-content-justification-center is-layout-flex wp-container-core-buttons-is-layout-16018d1d wp-block-buttons-is-layout-flex\" style=\"font-size:12px\"><div class=\"wp-block-button\"><a class=\"wp-block-button__link wp-element-button\" style=\"border-style:none;border-width:0px;border-radius:9px\">Contactanos<\/a><\/div>\n\n<div class=\"wp-block-button is-style-outline is-style-outline--1\"><a class=\"wp-block-button__link wp-element-button\" href=\"https:\/\/posgrados.fcecon.unr.edu.ar\/?page_id=408\" style=\"border-width:1px;border-radius:11px;padding-top:var(--wp--preset--spacing--30);padding-right:var(--wp--preset--spacing--30);padding-bottom:var(--wp--preset--spacing--30);padding-left:var(--wp--preset--spacing--30)\">Ver Admisi\u00f3n acad\u00e9mica Doctorados<\/a><\/div><\/div><\/div><\/div><p><\/p>","protected":false},"excerpt":{"rendered":"<p>Indicaciones para alumnos y alumnas de Posgrado (Especializaciones, Maestr\u00edas y Doctorados) \ud83d\udcc5 Per\u00edodo de presentaci\u00f3n y recepci\u00f3n de la documentaci\u00f3n:&nbsp;son<span class=\"more-dots\">&#8230;<\/span><\/p>\n","protected":false},"author":2,"featured_media":0,"parent":0,"menu_order":0,"comment_status":"closed","ping_status":"closed","template":"","meta":{"footnotes":""},"class_list":["post-405","page","type-page","status-publish","hentry","no-post-thumbnail"],"yoast_head":"<!-- This site is optimized with the Yoast SEO plugin v27.4 - https:\/\/yoast.com\/product\/yoast-seo-wordpress\/ -->\n<title>Documentaci\u00f3n de Ingreso Administrativo - Secretar\u00eda de Posgrado y Formaci\u00f3n Continua FCEyE UNR<\/title>\n<meta name=\"robots\" content=\"index, follow, max-snippet:-1, max-image-preview:large, max-video-preview:-1\" \/>\n<link rel=\"canonical\" href=\"https:\/\/posgrados.fcecon.unr.edu.ar\/?page_id=405\" \/>\n<meta property=\"og:locale\" content=\"es_ES\" \/>\n<meta property=\"og:type\" content=\"article\" \/>\n<meta property=\"og:title\" content=\"Documentaci\u00f3n de Ingreso Administrativo - Secretar\u00eda de Posgrado y Formaci\u00f3n Continua FCEyE UNR\" \/>\n<meta property=\"og:description\" content=\"Indicaciones para alumnos y alumnas de Posgrado (Especializaciones, Maestr\u00edas y Doctorados) \ud83d\udcc5 Per\u00edodo de presentaci\u00f3n y recepci\u00f3n de la documentaci\u00f3n:&nbsp;son...\" \/>\n<meta property=\"og:url\" content=\"https:\/\/posgrados.fcecon.unr.edu.ar\/?page_id=405\" \/>\n<meta property=\"og:site_name\" content=\"Secretar\u00eda de Posgrado y Formaci\u00f3n Continua FCEyE UNR\" \/>\n<meta property=\"article:modified_time\" content=\"2025-03-05T15:57:16+00:00\" \/>\n<meta name=\"twitter:card\" content=\"summary_large_image\" \/>\n<meta name=\"twitter:label1\" content=\"Tiempo de lectura\" \/>\n\t<meta name=\"twitter:data1\" content=\"3 minutos\" \/>\n<script type=\"application\/ld+json\" class=\"yoast-schema-graph\">{\"@context\":\"https:\\\/\\\/schema.org\",\"@graph\":[{\"@type\":\"WebPage\",\"@id\":\"https:\\\/\\\/posgrados.fcecon.unr.edu.ar\\\/?page_id=405\",\"url\":\"https:\\\/\\\/posgrados.fcecon.unr.edu.ar\\\/?page_id=405\",\"name\":\"Documentaci\u00f3n de Ingreso Administrativo - Secretar\u00eda de Posgrado y Formaci\u00f3n Continua FCEyE UNR\",\"isPartOf\":{\"@id\":\"https:\\\/\\\/posgrados.fcecon.unr.edu.ar\\\/#website\"},\"datePublished\":\"2024-10-07T12:48:56+00:00\",\"dateModified\":\"2025-03-05T15:57:16+00:00\",\"breadcrumb\":{\"@id\":\"https:\\\/\\\/posgrados.fcecon.unr.edu.ar\\\/?page_id=405#breadcrumb\"},\"inLanguage\":\"es-AR\",\"potentialAction\":[{\"@type\":\"ReadAction\",\"target\":[\"https:\\\/\\\/posgrados.fcecon.unr.edu.ar\\\/?page_id=405\"]}]},{\"@type\":\"BreadcrumbList\",\"@id\":\"https:\\\/\\\/posgrados.fcecon.unr.edu.ar\\\/?page_id=405#breadcrumb\",\"itemListElement\":[{\"@type\":\"ListItem\",\"position\":1,\"name\":\"Home\",\"item\":\"https:\\\/\\\/posgrados.fcecon.unr.edu.ar\\\/\"},{\"@type\":\"ListItem\",\"position\":2,\"name\":\"Documentaci\u00f3n de Ingreso Administrativo\"}]},{\"@type\":\"WebSite\",\"@id\":\"https:\\\/\\\/posgrados.fcecon.unr.edu.ar\\\/#website\",\"url\":\"https:\\\/\\\/posgrados.fcecon.unr.edu.ar\\\/\",\"name\":\"Secretar\u00eda de Posgrado y Formaci\u00f3n Continua FCEyE UNR\",\"description\":\"Posgrado FCEyE UNR\",\"publisher\":{\"@id\":\"https:\\\/\\\/posgrados.fcecon.unr.edu.ar\\\/#organization\"},\"potentialAction\":[{\"@type\":\"SearchAction\",\"target\":{\"@type\":\"EntryPoint\",\"urlTemplate\":\"https:\\\/\\\/posgrados.fcecon.unr.edu.ar\\\/?s={search_term_string}\"},\"query-input\":{\"@type\":\"PropertyValueSpecification\",\"valueRequired\":true,\"valueName\":\"search_term_string\"}}],\"inLanguage\":\"es-AR\"},{\"@type\":\"Organization\",\"@id\":\"https:\\\/\\\/posgrados.fcecon.unr.edu.ar\\\/#organization\",\"name\":\"Secretar\u00eda de Posgrado y Formaci\u00f3n Continua FCEyE UNR\",\"url\":\"https:\\\/\\\/posgrados.fcecon.unr.edu.ar\\\/\",\"logo\":{\"@type\":\"ImageObject\",\"inLanguage\":\"es-AR\",\"@id\":\"https:\\\/\\\/posgrados.fcecon.unr.edu.ar\\\/#\\\/schema\\\/logo\\\/image\\\/\",\"url\":\"https:\\\/\\\/posgrados.fcecon.unr.edu.ar\\\/wp-content\\\/uploads\\\/2025\\\/03\\\/cropped-cropped-cropped-cropped-Diseno_sin_titulo__31_-removebg-preview.png\",\"contentUrl\":\"https:\\\/\\\/posgrados.fcecon.unr.edu.ar\\\/wp-content\\\/uploads\\\/2025\\\/03\\\/cropped-cropped-cropped-cropped-Diseno_sin_titulo__31_-removebg-preview.png\",\"width\":675,\"height\":88,\"caption\":\"Secretar\u00eda de Posgrado y Formaci\u00f3n Continua FCEyE UNR\"},\"image\":{\"@id\":\"https:\\\/\\\/posgrados.fcecon.unr.edu.ar\\\/#\\\/schema\\\/logo\\\/image\\\/\"}}]}<\/script>\n<!-- \/ Yoast SEO plugin. -->","yoast_head_json":{"title":"Documentaci\u00f3n de Ingreso Administrativo - Secretar\u00eda de Posgrado y Formaci\u00f3n Continua FCEyE UNR","robots":{"index":"index","follow":"follow","max-snippet":"max-snippet:-1","max-image-preview":"max-image-preview:large","max-video-preview":"max-video-preview:-1"},"canonical":"https:\/\/posgrados.fcecon.unr.edu.ar\/?page_id=405","og_locale":"es_ES","og_type":"article","og_title":"Documentaci\u00f3n de Ingreso Administrativo - Secretar\u00eda de Posgrado y Formaci\u00f3n Continua FCEyE UNR","og_description":"Indicaciones para alumnos y alumnas de Posgrado (Especializaciones, Maestr\u00edas y Doctorados) \ud83d\udcc5 Per\u00edodo de presentaci\u00f3n y recepci\u00f3n de la documentaci\u00f3n:&nbsp;son...","og_url":"https:\/\/posgrados.fcecon.unr.edu.ar\/?page_id=405","og_site_name":"Secretar\u00eda de Posgrado y Formaci\u00f3n Continua FCEyE UNR","article_modified_time":"2025-03-05T15:57:16+00:00","twitter_card":"summary_large_image","twitter_misc":{"Tiempo de lectura":"3 minutos"},"schema":{"@context":"https:\/\/schema.org","@graph":[{"@type":"WebPage","@id":"https:\/\/posgrados.fcecon.unr.edu.ar\/?page_id=405","url":"https:\/\/posgrados.fcecon.unr.edu.ar\/?page_id=405","name":"Documentaci\u00f3n de Ingreso Administrativo - Secretar\u00eda de Posgrado y Formaci\u00f3n Continua FCEyE UNR","isPartOf":{"@id":"https:\/\/posgrados.fcecon.unr.edu.ar\/#website"},"datePublished":"2024-10-07T12:48:56+00:00","dateModified":"2025-03-05T15:57:16+00:00","breadcrumb":{"@id":"https:\/\/posgrados.fcecon.unr.edu.ar\/?page_id=405#breadcrumb"},"inLanguage":"es-AR","potentialAction":[{"@type":"ReadAction","target":["https:\/\/posgrados.fcecon.unr.edu.ar\/?page_id=405"]}]},{"@type":"BreadcrumbList","@id":"https:\/\/posgrados.fcecon.unr.edu.ar\/?page_id=405#breadcrumb","itemListElement":[{"@type":"ListItem","position":1,"name":"Home","item":"https:\/\/posgrados.fcecon.unr.edu.ar\/"},{"@type":"ListItem","position":2,"name":"Documentaci\u00f3n de Ingreso Administrativo"}]},{"@type":"WebSite","@id":"https:\/\/posgrados.fcecon.unr.edu.ar\/#website","url":"https:\/\/posgrados.fcecon.unr.edu.ar\/","name":"Secretar\u00eda de Posgrado y Formaci\u00f3n Continua FCEyE UNR","description":"Posgrado FCEyE UNR","publisher":{"@id":"https:\/\/posgrados.fcecon.unr.edu.ar\/#organization"},"potentialAction":[{"@type":"SearchAction","target":{"@type":"EntryPoint","urlTemplate":"https:\/\/posgrados.fcecon.unr.edu.ar\/?s={search_term_string}"},"query-input":{"@type":"PropertyValueSpecification","valueRequired":true,"valueName":"search_term_string"}}],"inLanguage":"es-AR"},{"@type":"Organization","@id":"https:\/\/posgrados.fcecon.unr.edu.ar\/#organization","name":"Secretar\u00eda de Posgrado y Formaci\u00f3n Continua FCEyE UNR","url":"https:\/\/posgrados.fcecon.unr.edu.ar\/","logo":{"@type":"ImageObject","inLanguage":"es-AR","@id":"https:\/\/posgrados.fcecon.unr.edu.ar\/#\/schema\/logo\/image\/","url":"https:\/\/posgrados.fcecon.unr.edu.ar\/wp-content\/uploads\/2025\/03\/cropped-cropped-cropped-cropped-Diseno_sin_titulo__31_-removebg-preview.png","contentUrl":"https:\/\/posgrados.fcecon.unr.edu.ar\/wp-content\/uploads\/2025\/03\/cropped-cropped-cropped-cropped-Diseno_sin_titulo__31_-removebg-preview.png","width":675,"height":88,"caption":"Secretar\u00eda de Posgrado y Formaci\u00f3n Continua FCEyE UNR"},"image":{"@id":"https:\/\/posgrados.fcecon.unr.edu.ar\/#\/schema\/logo\/image\/"}}]}},"_links":{"self":[{"href":"https:\/\/posgrados.fcecon.unr.edu.ar\/index.php?rest_route=\/wp\/v2\/pages\/405","targetHints":{"allow":["GET"]}}],"collection":[{"href":"https:\/\/posgrados.fcecon.unr.edu.ar\/index.php?rest_route=\/wp\/v2\/pages"}],"about":[{"href":"https:\/\/posgrados.fcecon.unr.edu.ar\/index.php?rest_route=\/wp\/v2\/types\/page"}],"author":[{"embeddable":true,"href":"https:\/\/posgrados.fcecon.unr.edu.ar\/index.php?rest_route=\/wp\/v2\/users\/2"}],"replies":[{"embeddable":true,"href":"https:\/\/posgrados.fcecon.unr.edu.ar\/index.php?rest_route=%2Fwp%2Fv2%2Fcomments&post=405"}],"version-history":[{"count":5,"href":"https:\/\/posgrados.fcecon.unr.edu.ar\/index.php?rest_route=\/wp\/v2\/pages\/405\/revisions"}],"predecessor-version":[{"id":689,"href":"https:\/\/posgrados.fcecon.unr.edu.ar\/index.php?rest_route=\/wp\/v2\/pages\/405\/revisions\/689"}],"wp:attachment":[{"href":"https:\/\/posgrados.fcecon.unr.edu.ar\/index.php?rest_route=%2Fwp%2Fv2%2Fmedia&parent=405"}],"curies":[{"name":"wp","href":"https:\/\/api.w.org\/{rel}","templated":true}]}}