{"id":346,"date":"2024-09-27T15:59:11","date_gmt":"2024-09-27T18:59:11","guid":{"rendered":"https:\/\/posgrados.fcecon.unr.edu.ar\/?page_id=346"},"modified":"2025-08-12T13:25:52","modified_gmt":"2025-08-12T16:25:52","slug":"seminario-acreditable-a","status":"publish","type":"page","link":"https:\/\/posgrados.fcecon.unr.edu.ar\/?page_id=346","title":{"rendered":"Seminarios acreditables Administraci\u00f3n"},"content":{"rendered":"<p><strong>Contacto: Dra. Mar\u00eda Teresa K\u00f3bila<\/strong>&nbsp;(Directora del doctorado)&nbsp;| <a href=\"mailto:mtkobila@fcecon.unr.edu.ar\" target=\"_blank\" rel=\"noreferrer noopener\">mtkobila@fcecon.unr.edu.ar<\/a><\/p><div class=\"wp-block-columns is-layout-flex wp-container-core-columns-is-layout-9d6595d7 wp-block-columns-is-layout-flex\"><div class=\"wp-block-column is-layout-flow wp-block-column-is-layout-flow\"><\/div>\n\n<div class=\"wp-block-column is-layout-flow wp-block-column-is-layout-flow\"><\/div><\/div><div class=\"wp-block-columns is-layout-flex wp-container-core-columns-is-layout-9d6595d7 wp-block-columns-is-layout-flex\"><div class=\"wp-block-column is-layout-flow wp-block-column-is-layout-flow\"><figure class=\"wp-block-image size-large\"><img loading=\"lazy\" decoding=\"async\" width=\"1024\" height=\"1024\" src=\"https:\/\/posgrados.fcecon.unr.edu.ar\/wp-content\/uploads\/2025\/06\/Doctorado-POST-2-3-1024x1024.png\" alt=\"\" class=\"wp-image-1140\" srcset=\"https:\/\/posgrados.fcecon.unr.edu.ar\/wp-content\/uploads\/2025\/06\/Doctorado-POST-2-3-1024x1024.png 1024w, https:\/\/posgrados.fcecon.unr.edu.ar\/wp-content\/uploads\/2025\/06\/Doctorado-POST-2-3-300x300.png 300w, https:\/\/posgrados.fcecon.unr.edu.ar\/wp-content\/uploads\/2025\/06\/Doctorado-POST-2-3-150x150.png 150w, https:\/\/posgrados.fcecon.unr.edu.ar\/wp-content\/uploads\/2025\/06\/Doctorado-POST-2-3-768x768.png 768w, https:\/\/posgrados.fcecon.unr.edu.ar\/wp-content\/uploads\/2025\/06\/Doctorado-POST-2-3-855x855.png 855w, https:\/\/posgrados.fcecon.unr.edu.ar\/wp-content\/uploads\/2025\/06\/Doctorado-POST-2-3-800x800.png 800w, https:\/\/posgrados.fcecon.unr.edu.ar\/wp-content\/uploads\/2025\/06\/Doctorado-POST-2-3-600x600.png 600w, https:\/\/posgrados.fcecon.unr.edu.ar\/wp-content\/uploads\/2025\/06\/Doctorado-POST-2-3-100x100.png 100w, https:\/\/posgrados.fcecon.unr.edu.ar\/wp-content\/uploads\/2025\/06\/Doctorado-POST-2-3.png 1080w\" sizes=\"auto, (max-width: 1024px) 100vw, 1024px\" \/><\/figure>\n\n<p><\/p>\n\n<div class=\"wp-block-columns is-layout-flex wp-container-core-columns-is-layout-9d6595d7 wp-block-columns-is-layout-flex\"><div class=\"wp-block-column is-layout-flow wp-block-column-is-layout-flow\" style=\"flex-basis:100%\"><figure class=\"wp-block-image size-large\"><img loading=\"lazy\" decoding=\"async\" width=\"1024\" height=\"1024\" src=\"https:\/\/posgrados.fcecon.unr.edu.ar\/wp-content\/uploads\/2025\/06\/Doctorado-POST-1-2-1024x1024.png\" alt=\"\" class=\"wp-image-1141\" srcset=\"https:\/\/posgrados.fcecon.unr.edu.ar\/wp-content\/uploads\/2025\/06\/Doctorado-POST-1-2-1024x1024.png 1024w, https:\/\/posgrados.fcecon.unr.edu.ar\/wp-content\/uploads\/2025\/06\/Doctorado-POST-1-2-300x300.png 300w, https:\/\/posgrados.fcecon.unr.edu.ar\/wp-content\/uploads\/2025\/06\/Doctorado-POST-1-2-150x150.png 150w, https:\/\/posgrados.fcecon.unr.edu.ar\/wp-content\/uploads\/2025\/06\/Doctorado-POST-1-2-768x768.png 768w, https:\/\/posgrados.fcecon.unr.edu.ar\/wp-content\/uploads\/2025\/06\/Doctorado-POST-1-2-855x855.png 855w, https:\/\/posgrados.fcecon.unr.edu.ar\/wp-content\/uploads\/2025\/06\/Doctorado-POST-1-2-800x800.png 800w, https:\/\/posgrados.fcecon.unr.edu.ar\/wp-content\/uploads\/2025\/06\/Doctorado-POST-1-2-600x600.png 600w, https:\/\/posgrados.fcecon.unr.edu.ar\/wp-content\/uploads\/2025\/06\/Doctorado-POST-1-2-100x100.png 100w, https:\/\/posgrados.fcecon.unr.edu.ar\/wp-content\/uploads\/2025\/06\/Doctorado-POST-1-2.png 1080w\" sizes=\"auto, (max-width: 1024px) 100vw, 1024px\" \/><\/figure><\/div><\/div><\/div>\n\n<div class=\"wp-block-column is-layout-flow wp-block-column-is-layout-flow\"><figure class=\"wp-block-image size-large\"><img loading=\"lazy\" decoding=\"async\" width=\"1024\" height=\"1024\" src=\"https:\/\/posgrados.fcecon.unr.edu.ar\/wp-content\/uploads\/2025\/06\/Doctorado-POST-3-2-1024x1024.png\" alt=\"\" class=\"wp-image-1138\" srcset=\"https:\/\/posgrados.fcecon.unr.edu.ar\/wp-content\/uploads\/2025\/06\/Doctorado-POST-3-2-1024x1024.png 1024w, https:\/\/posgrados.fcecon.unr.edu.ar\/wp-content\/uploads\/2025\/06\/Doctorado-POST-3-2-300x300.png 300w, https:\/\/posgrados.fcecon.unr.edu.ar\/wp-content\/uploads\/2025\/06\/Doctorado-POST-3-2-150x150.png 150w, https:\/\/posgrados.fcecon.unr.edu.ar\/wp-content\/uploads\/2025\/06\/Doctorado-POST-3-2-768x768.png 768w, https:\/\/posgrados.fcecon.unr.edu.ar\/wp-content\/uploads\/2025\/06\/Doctorado-POST-3-2-855x855.png 855w, https:\/\/posgrados.fcecon.unr.edu.ar\/wp-content\/uploads\/2025\/06\/Doctorado-POST-3-2-800x800.png 800w, https:\/\/posgrados.fcecon.unr.edu.ar\/wp-content\/uploads\/2025\/06\/Doctorado-POST-3-2-600x600.png 600w, https:\/\/posgrados.fcecon.unr.edu.ar\/wp-content\/uploads\/2025\/06\/Doctorado-POST-3-2-100x100.png 100w, https:\/\/posgrados.fcecon.unr.edu.ar\/wp-content\/uploads\/2025\/06\/Doctorado-POST-3-2.png 1080w\" sizes=\"auto, (max-width: 1024px) 100vw, 1024px\" \/><\/figure>\n\n<p><\/p>\n\n<figure class=\"wp-block-image size-large\"><img loading=\"lazy\" decoding=\"async\" width=\"1024\" height=\"1024\" src=\"https:\/\/posgrados.fcecon.unr.edu.ar\/wp-content\/uploads\/2025\/06\/Doctorado-POST-5-8-1024x1024.png\" alt=\"\" class=\"wp-image-1136\" srcset=\"https:\/\/posgrados.fcecon.unr.edu.ar\/wp-content\/uploads\/2025\/06\/Doctorado-POST-5-8-1024x1024.png 1024w, https:\/\/posgrados.fcecon.unr.edu.ar\/wp-content\/uploads\/2025\/06\/Doctorado-POST-5-8-300x300.png 300w, https:\/\/posgrados.fcecon.unr.edu.ar\/wp-content\/uploads\/2025\/06\/Doctorado-POST-5-8-150x150.png 150w, https:\/\/posgrados.fcecon.unr.edu.ar\/wp-content\/uploads\/2025\/06\/Doctorado-POST-5-8-768x768.png 768w, https:\/\/posgrados.fcecon.unr.edu.ar\/wp-content\/uploads\/2025\/06\/Doctorado-POST-5-8-855x855.png 855w, https:\/\/posgrados.fcecon.unr.edu.ar\/wp-content\/uploads\/2025\/06\/Doctorado-POST-5-8-800x800.png 800w, https:\/\/posgrados.fcecon.unr.edu.ar\/wp-content\/uploads\/2025\/06\/Doctorado-POST-5-8-600x600.png 600w, https:\/\/posgrados.fcecon.unr.edu.ar\/wp-content\/uploads\/2025\/06\/Doctorado-POST-5-8-100x100.png 100w, https:\/\/posgrados.fcecon.unr.edu.ar\/wp-content\/uploads\/2025\/06\/Doctorado-POST-5-8.png 1080w\" sizes=\"auto, (max-width: 1024px) 100vw, 1024px\" \/><\/figure><\/div>\n\n<div class=\"wp-block-column is-layout-flow wp-block-column-is-layout-flow\"><figure class=\"wp-block-image size-large\"><img loading=\"lazy\" decoding=\"async\" width=\"1024\" height=\"1024\" src=\"https:\/\/posgrados.fcecon.unr.edu.ar\/wp-content\/uploads\/2025\/06\/Doctorado-POST-11-1024x1024.png\" alt=\"\" class=\"wp-image-1137\" srcset=\"https:\/\/posgrados.fcecon.unr.edu.ar\/wp-content\/uploads\/2025\/06\/Doctorado-POST-11-1024x1024.png 1024w, https:\/\/posgrados.fcecon.unr.edu.ar\/wp-content\/uploads\/2025\/06\/Doctorado-POST-11-300x300.png 300w, https:\/\/posgrados.fcecon.unr.edu.ar\/wp-content\/uploads\/2025\/06\/Doctorado-POST-11-150x150.png 150w, https:\/\/posgrados.fcecon.unr.edu.ar\/wp-content\/uploads\/2025\/06\/Doctorado-POST-11-768x768.png 768w, https:\/\/posgrados.fcecon.unr.edu.ar\/wp-content\/uploads\/2025\/06\/Doctorado-POST-11-855x855.png 855w, https:\/\/posgrados.fcecon.unr.edu.ar\/wp-content\/uploads\/2025\/06\/Doctorado-POST-11-800x800.png 800w, https:\/\/posgrados.fcecon.unr.edu.ar\/wp-content\/uploads\/2025\/06\/Doctorado-POST-11-600x600.png 600w, https:\/\/posgrados.fcecon.unr.edu.ar\/wp-content\/uploads\/2025\/06\/Doctorado-POST-11-100x100.png 100w, https:\/\/posgrados.fcecon.unr.edu.ar\/wp-content\/uploads\/2025\/06\/Doctorado-POST-11.png 1080w\" sizes=\"auto, (max-width: 1024px) 100vw, 1024px\" \/><\/figure>\n\n<p><\/p>\n\n<figure class=\"wp-block-image size-large\"><img loading=\"lazy\" decoding=\"async\" width=\"1024\" height=\"1024\" src=\"https:\/\/posgrados.fcecon.unr.edu.ar\/wp-content\/uploads\/2025\/08\/Doctorado-POST-1-1-1024x1024.jpg\" alt=\"\" class=\"wp-image-1253\" srcset=\"https:\/\/posgrados.fcecon.unr.edu.ar\/wp-content\/uploads\/2025\/08\/Doctorado-POST-1-1-1024x1024.jpg 1024w, https:\/\/posgrados.fcecon.unr.edu.ar\/wp-content\/uploads\/2025\/08\/Doctorado-POST-1-1-300x300.jpg 300w, https:\/\/posgrados.fcecon.unr.edu.ar\/wp-content\/uploads\/2025\/08\/Doctorado-POST-1-1-150x150.jpg 150w, https:\/\/posgrados.fcecon.unr.edu.ar\/wp-content\/uploads\/2025\/08\/Doctorado-POST-1-1-768x768.jpg 768w, https:\/\/posgrados.fcecon.unr.edu.ar\/wp-content\/uploads\/2025\/08\/Doctorado-POST-1-1-855x855.jpg 855w, https:\/\/posgrados.fcecon.unr.edu.ar\/wp-content\/uploads\/2025\/08\/Doctorado-POST-1-1-800x800.jpg 800w, https:\/\/posgrados.fcecon.unr.edu.ar\/wp-content\/uploads\/2025\/08\/Doctorado-POST-1-1-600x600.jpg 600w, https:\/\/posgrados.fcecon.unr.edu.ar\/wp-content\/uploads\/2025\/08\/Doctorado-POST-1-1-100x100.jpg 100w, https:\/\/posgrados.fcecon.unr.edu.ar\/wp-content\/uploads\/2025\/08\/Doctorado-POST-1-1.jpg 1080w\" sizes=\"auto, (max-width: 1024px) 100vw, 1024px\" \/><\/figure><\/div><\/div><div class=\"wp-block-columns is-layout-flex wp-container-core-columns-is-layout-9d6595d7 wp-block-columns-is-layout-flex\"><div class=\"wp-block-column is-layout-flow wp-block-column-is-layout-flow\" style=\"flex-basis:100%\"><p><\/p><\/div><\/div><div class=\"wp-block-buttons is-content-justification-center is-layout-flex wp-container-core-buttons-is-layout-16018d1d wp-block-buttons-is-layout-flex\"><div class=\"wp-block-button\"><a class=\"wp-block-button__link wp-element-button\" href=\"mailto:seminarios@fcecon.unr.edu.ar\">Consultanos<\/a><\/div>\n\n<div class=\"wp-block-button\"><a class=\"wp-block-button__link wp-element-button\" href=\"https:\/\/forms.gle\/sxTJDNQJ3jMAKfXS6\">Inscripci\u00f3n al seminario<\/a><\/div><\/div>","protected":false},"excerpt":{"rendered":"<p>Contacto: Dra. Mar\u00eda Teresa K\u00f3bila&nbsp;(Directora del doctorado)&nbsp;| mtkobila@fcecon.unr.edu.ar<\/p>\n","protected":false},"author":2,"featured_media":0,"parent":0,"menu_order":0,"comment_status":"closed","ping_status":"closed","template":"","meta":{"footnotes":""},"class_list":["post-346","page","type-page","status-publish","hentry","no-post-thumbnail"],"yoast_head":"<!-- This site is optimized with the Yoast SEO plugin v27.4 - https:\/\/yoast.com\/product\/yoast-seo-wordpress\/ -->\n<title>Seminarios acreditables Administraci\u00f3n - Secretar\u00eda de Posgrado y Formaci\u00f3n Continua FCEyE UNR<\/title>\n<meta name=\"robots\" content=\"index, follow, max-snippet:-1, max-image-preview:large, max-video-preview:-1\" \/>\n<link rel=\"canonical\" href=\"https:\/\/posgrados.fcecon.unr.edu.ar\/?page_id=346\" \/>\n<meta property=\"og:locale\" content=\"es_ES\" \/>\n<meta property=\"og:type\" content=\"article\" \/>\n<meta property=\"og:title\" content=\"Seminarios acreditables Administraci\u00f3n - Secretar\u00eda de Posgrado y Formaci\u00f3n Continua FCEyE UNR\" \/>\n<meta property=\"og:description\" content=\"Contacto: Dra. Mar\u00eda Teresa K\u00f3bila&nbsp;(Directora del doctorado)&nbsp;| mtkobila@fcecon.unr.edu.ar\" \/>\n<meta property=\"og:url\" content=\"https:\/\/posgrados.fcecon.unr.edu.ar\/?page_id=346\" \/>\n<meta property=\"og:site_name\" content=\"Secretar\u00eda de Posgrado y Formaci\u00f3n Continua FCEyE UNR\" \/>\n<meta property=\"article:modified_time\" content=\"2025-08-12T16:25:52+00:00\" \/>\n<meta property=\"og:image\" content=\"https:\/\/posgrados.fcecon.unr.edu.ar\/wp-content\/uploads\/2025\/06\/Doctorado-POST-2-3.png\" \/>\n\t<meta property=\"og:image:width\" content=\"1080\" \/>\n\t<meta property=\"og:image:height\" content=\"1080\" \/>\n\t<meta property=\"og:image:type\" content=\"image\/png\" \/>\n<meta name=\"twitter:card\" content=\"summary_large_image\" \/>\n<meta name=\"twitter:label1\" content=\"Tiempo de lectura\" \/>\n\t<meta name=\"twitter:data1\" content=\"2 minutos\" \/>\n<script type=\"application\/ld+json\" class=\"yoast-schema-graph\">{\"@context\":\"https:\\\/\\\/schema.org\",\"@graph\":[{\"@type\":\"WebPage\",\"@id\":\"https:\\\/\\\/posgrados.fcecon.unr.edu.ar\\\/?page_id=346\",\"url\":\"https:\\\/\\\/posgrados.fcecon.unr.edu.ar\\\/?page_id=346\",\"name\":\"Seminarios acreditables Administraci\u00f3n - Secretar\u00eda de Posgrado y Formaci\u00f3n Continua FCEyE UNR\",\"isPartOf\":{\"@id\":\"https:\\\/\\\/posgrados.fcecon.unr.edu.ar\\\/#website\"},\"primaryImageOfPage\":{\"@id\":\"https:\\\/\\\/posgrados.fcecon.unr.edu.ar\\\/?page_id=346#primaryimage\"},\"image\":{\"@id\":\"https:\\\/\\\/posgrados.fcecon.unr.edu.ar\\\/?page_id=346#primaryimage\"},\"thumbnailUrl\":\"https:\\\/\\\/posgrados.fcecon.unr.edu.ar\\\/wp-content\\\/uploads\\\/2025\\\/06\\\/Doctorado-POST-2-3-1024x1024.png\",\"datePublished\":\"2024-09-27T18:59:11+00:00\",\"dateModified\":\"2025-08-12T16:25:52+00:00\",\"breadcrumb\":{\"@id\":\"https:\\\/\\\/posgrados.fcecon.unr.edu.ar\\\/?page_id=346#breadcrumb\"},\"inLanguage\":\"es-AR\",\"potentialAction\":[{\"@type\":\"ReadAction\",\"target\":[\"https:\\\/\\\/posgrados.fcecon.unr.edu.ar\\\/?page_id=346\"]}]},{\"@type\":\"ImageObject\",\"inLanguage\":\"es-AR\",\"@id\":\"https:\\\/\\\/posgrados.fcecon.unr.edu.ar\\\/?page_id=346#primaryimage\",\"url\":\"https:\\\/\\\/posgrados.fcecon.unr.edu.ar\\\/wp-content\\\/uploads\\\/2025\\\/06\\\/Doctorado-POST-2-3.png\",\"contentUrl\":\"https:\\\/\\\/posgrados.fcecon.unr.edu.ar\\\/wp-content\\\/uploads\\\/2025\\\/06\\\/Doctorado-POST-2-3.png\",\"width\":1080,\"height\":1080},{\"@type\":\"BreadcrumbList\",\"@id\":\"https:\\\/\\\/posgrados.fcecon.unr.edu.ar\\\/?page_id=346#breadcrumb\",\"itemListElement\":[{\"@type\":\"ListItem\",\"position\":1,\"name\":\"Home\",\"item\":\"https:\\\/\\\/posgrados.fcecon.unr.edu.ar\\\/\"},{\"@type\":\"ListItem\",\"position\":2,\"name\":\"Seminarios acreditables Administraci\u00f3n\"}]},{\"@type\":\"WebSite\",\"@id\":\"https:\\\/\\\/posgrados.fcecon.unr.edu.ar\\\/#website\",\"url\":\"https:\\\/\\\/posgrados.fcecon.unr.edu.ar\\\/\",\"name\":\"Secretar\u00eda de Posgrado y Formaci\u00f3n Continua FCEyE UNR\",\"description\":\"Posgrado FCEyE UNR\",\"publisher\":{\"@id\":\"https:\\\/\\\/posgrados.fcecon.unr.edu.ar\\\/#organization\"},\"potentialAction\":[{\"@type\":\"SearchAction\",\"target\":{\"@type\":\"EntryPoint\",\"urlTemplate\":\"https:\\\/\\\/posgrados.fcecon.unr.edu.ar\\\/?s={search_term_string}\"},\"query-input\":{\"@type\":\"PropertyValueSpecification\",\"valueRequired\":true,\"valueName\":\"search_term_string\"}}],\"inLanguage\":\"es-AR\"},{\"@type\":\"Organization\",\"@id\":\"https:\\\/\\\/posgrados.fcecon.unr.edu.ar\\\/#organization\",\"name\":\"Secretar\u00eda de Posgrado y Formaci\u00f3n Continua FCEyE UNR\",\"url\":\"https:\\\/\\\/posgrados.fcecon.unr.edu.ar\\\/\",\"logo\":{\"@type\":\"ImageObject\",\"inLanguage\":\"es-AR\",\"@id\":\"https:\\\/\\\/posgrados.fcecon.unr.edu.ar\\\/#\\\/schema\\\/logo\\\/image\\\/\",\"url\":\"https:\\\/\\\/posgrados.fcecon.unr.edu.ar\\\/wp-content\\\/uploads\\\/2025\\\/03\\\/cropped-cropped-cropped-cropped-Diseno_sin_titulo__31_-removebg-preview.png\",\"contentUrl\":\"https:\\\/\\\/posgrados.fcecon.unr.edu.ar\\\/wp-content\\\/uploads\\\/2025\\\/03\\\/cropped-cropped-cropped-cropped-Diseno_sin_titulo__31_-removebg-preview.png\",\"width\":675,\"height\":88,\"caption\":\"Secretar\u00eda de Posgrado y Formaci\u00f3n Continua FCEyE UNR\"},\"image\":{\"@id\":\"https:\\\/\\\/posgrados.fcecon.unr.edu.ar\\\/#\\\/schema\\\/logo\\\/image\\\/\"}}]}<\/script>\n<!-- \/ Yoast SEO plugin. -->","yoast_head_json":{"title":"Seminarios acreditables Administraci\u00f3n - Secretar\u00eda de Posgrado y Formaci\u00f3n Continua FCEyE UNR","robots":{"index":"index","follow":"follow","max-snippet":"max-snippet:-1","max-image-preview":"max-image-preview:large","max-video-preview":"max-video-preview:-1"},"canonical":"https:\/\/posgrados.fcecon.unr.edu.ar\/?page_id=346","og_locale":"es_ES","og_type":"article","og_title":"Seminarios acreditables Administraci\u00f3n - Secretar\u00eda de Posgrado y Formaci\u00f3n Continua FCEyE UNR","og_description":"Contacto: Dra. Mar\u00eda Teresa K\u00f3bila&nbsp;(Directora del doctorado)&nbsp;| mtkobila@fcecon.unr.edu.ar","og_url":"https:\/\/posgrados.fcecon.unr.edu.ar\/?page_id=346","og_site_name":"Secretar\u00eda de Posgrado y Formaci\u00f3n Continua FCEyE UNR","article_modified_time":"2025-08-12T16:25:52+00:00","og_image":[{"width":1080,"height":1080,"url":"https:\/\/posgrados.fcecon.unr.edu.ar\/wp-content\/uploads\/2025\/06\/Doctorado-POST-2-3.png","type":"image\/png"}],"twitter_card":"summary_large_image","twitter_misc":{"Tiempo de lectura":"2 minutos"},"schema":{"@context":"https:\/\/schema.org","@graph":[{"@type":"WebPage","@id":"https:\/\/posgrados.fcecon.unr.edu.ar\/?page_id=346","url":"https:\/\/posgrados.fcecon.unr.edu.ar\/?page_id=346","name":"Seminarios acreditables Administraci\u00f3n - Secretar\u00eda de Posgrado y Formaci\u00f3n Continua FCEyE UNR","isPartOf":{"@id":"https:\/\/posgrados.fcecon.unr.edu.ar\/#website"},"primaryImageOfPage":{"@id":"https:\/\/posgrados.fcecon.unr.edu.ar\/?page_id=346#primaryimage"},"image":{"@id":"https:\/\/posgrados.fcecon.unr.edu.ar\/?page_id=346#primaryimage"},"thumbnailUrl":"https:\/\/posgrados.fcecon.unr.edu.ar\/wp-content\/uploads\/2025\/06\/Doctorado-POST-2-3-1024x1024.png","datePublished":"2024-09-27T18:59:11+00:00","dateModified":"2025-08-12T16:25:52+00:00","breadcrumb":{"@id":"https:\/\/posgrados.fcecon.unr.edu.ar\/?page_id=346#breadcrumb"},"inLanguage":"es-AR","potentialAction":[{"@type":"ReadAction","target":["https:\/\/posgrados.fcecon.unr.edu.ar\/?page_id=346"]}]},{"@type":"ImageObject","inLanguage":"es-AR","@id":"https:\/\/posgrados.fcecon.unr.edu.ar\/?page_id=346#primaryimage","url":"https:\/\/posgrados.fcecon.unr.edu.ar\/wp-content\/uploads\/2025\/06\/Doctorado-POST-2-3.png","contentUrl":"https:\/\/posgrados.fcecon.unr.edu.ar\/wp-content\/uploads\/2025\/06\/Doctorado-POST-2-3.png","width":1080,"height":1080},{"@type":"BreadcrumbList","@id":"https:\/\/posgrados.fcecon.unr.edu.ar\/?page_id=346#breadcrumb","itemListElement":[{"@type":"ListItem","position":1,"name":"Home","item":"https:\/\/posgrados.fcecon.unr.edu.ar\/"},{"@type":"ListItem","position":2,"name":"Seminarios acreditables Administraci\u00f3n"}]},{"@type":"WebSite","@id":"https:\/\/posgrados.fcecon.unr.edu.ar\/#website","url":"https:\/\/posgrados.fcecon.unr.edu.ar\/","name":"Secretar\u00eda de Posgrado y Formaci\u00f3n Continua FCEyE UNR","description":"Posgrado FCEyE UNR","publisher":{"@id":"https:\/\/posgrados.fcecon.unr.edu.ar\/#organization"},"potentialAction":[{"@type":"SearchAction","target":{"@type":"EntryPoint","urlTemplate":"https:\/\/posgrados.fcecon.unr.edu.ar\/?s={search_term_string}"},"query-input":{"@type":"PropertyValueSpecification","valueRequired":true,"valueName":"search_term_string"}}],"inLanguage":"es-AR"},{"@type":"Organization","@id":"https:\/\/posgrados.fcecon.unr.edu.ar\/#organization","name":"Secretar\u00eda de Posgrado y Formaci\u00f3n Continua FCEyE UNR","url":"https:\/\/posgrados.fcecon.unr.edu.ar\/","logo":{"@type":"ImageObject","inLanguage":"es-AR","@id":"https:\/\/posgrados.fcecon.unr.edu.ar\/#\/schema\/logo\/image\/","url":"https:\/\/posgrados.fcecon.unr.edu.ar\/wp-content\/uploads\/2025\/03\/cropped-cropped-cropped-cropped-Diseno_sin_titulo__31_-removebg-preview.png","contentUrl":"https:\/\/posgrados.fcecon.unr.edu.ar\/wp-content\/uploads\/2025\/03\/cropped-cropped-cropped-cropped-Diseno_sin_titulo__31_-removebg-preview.png","width":675,"height":88,"caption":"Secretar\u00eda de Posgrado y Formaci\u00f3n Continua FCEyE UNR"},"image":{"@id":"https:\/\/posgrados.fcecon.unr.edu.ar\/#\/schema\/logo\/image\/"}}]}},"_links":{"self":[{"href":"https:\/\/posgrados.fcecon.unr.edu.ar\/index.php?rest_route=\/wp\/v2\/pages\/346","targetHints":{"allow":["GET"]}}],"collection":[{"href":"https:\/\/posgrados.fcecon.unr.edu.ar\/index.php?rest_route=\/wp\/v2\/pages"}],"about":[{"href":"https:\/\/posgrados.fcecon.unr.edu.ar\/index.php?rest_route=\/wp\/v2\/types\/page"}],"author":[{"embeddable":true,"href":"https:\/\/posgrados.fcecon.unr.edu.ar\/index.php?rest_route=\/wp\/v2\/users\/2"}],"replies":[{"embeddable":true,"href":"https:\/\/posgrados.fcecon.unr.edu.ar\/index.php?rest_route=%2Fwp%2Fv2%2Fcomments&post=346"}],"version-history":[{"count":18,"href":"https:\/\/posgrados.fcecon.unr.edu.ar\/index.php?rest_route=\/wp\/v2\/pages\/346\/revisions"}],"predecessor-version":[{"id":1254,"href":"https:\/\/posgrados.fcecon.unr.edu.ar\/index.php?rest_route=\/wp\/v2\/pages\/346\/revisions\/1254"}],"wp:attachment":[{"href":"https:\/\/posgrados.fcecon.unr.edu.ar\/index.php?rest_route=%2Fwp%2Fv2%2Fmedia&parent=346"}],"curies":[{"name":"wp","href":"https:\/\/api.w.org\/{rel}","templated":true}]}}