{"id":300,"date":"2024-09-27T11:20:58","date_gmt":"2024-09-27T14:20:58","guid":{"rendered":"https:\/\/posgrados.fcecon.unr.edu.ar\/?page_id=300"},"modified":"2025-09-22T09:03:14","modified_gmt":"2025-09-22T12:03:14","slug":"administracion-de-empresas","status":"publish","type":"page","link":"https:\/\/posgrados.fcecon.unr.edu.ar\/?page_id=300","title":{"rendered":"Administraci\u00f3n de Empresas"},"content":{"rendered":"<p><strong>Instru\u00edte en habilidades y conocimientos para liderar en el mundo empresarial.<\/strong> Extend\u00e9 tus conocimientos generales sobre gesti\u00f3n empresarial y capac\u00edtate para asumir puestos de liderazgo. Desarrolla tus competencias en el mundo de los negocios.<\/p><p>La <a href=\"https:\/\/mba.fcecon.unr.edu.ar\/\">Maestr\u00eda en Administraci\u00f3n de Empresas<\/a> cuenta con:<\/p><p>\u2705 Cuerpo docente de excelencia<br>\u23f3 Programa de 700 horas<br>\ud83d\udcd1 T\u00edtulo: Magister en Administraci\u00f3n de Empresas &#8211; Acreditada por #CONEAU s\/Res N\u00b0113\/16<br>\u2705 + de 100 a\u00f1os de prestigio &#8211; Facultad de Ciencias y Econ\u00f3micas y Estad\u00edstica UNR<br><br><strong>Director: Mag. Carlos Luis Trentini<\/strong> | <a href=\"mailto:ctrentini@fcecon.unr.edu.ar\" target=\"_blank\" rel=\"noreferrer noopener\">Contacto<\/a> | ctrentini@fcecon.unr.edu.ar<\/p><hr class=\"wp-block-separator has-alpha-channel-opacity is-style-wide\"\/><p><\/p><p><strong>OBJETIVOS<\/strong><\/p><p>El objeto de estudio de la Maestr\u00eda es el \u00e1rea de la gesti\u00f3n de los negocios y las organizaciones. Dada la vastedad y complejidad de los mismos, inicialmente se han orientado los estudios de tal manera que puedan generarse tres tipos de profesionales posgraduados orientados a la Direcci\u00f3n General, a la Comercializaci\u00f3n y a los Recursos Humanos.<\/p><p><strong>PERFIL DEL EGRESADO<\/strong><\/p><p>El Mag\u00edster en Administraci\u00f3n de Empresas es un posgraduado con s\u00f3lidos conocimientos en el \u00e1rea de gesti\u00f3n de la menci\u00f3n que haya elegido. Adquirir\u00e1 habilidades de gesti\u00f3n basadas en conocimientos cient\u00edficos y su aplicaci\u00f3n pr\u00e1ctica.<br>Esta \u00faltima caracterizaci\u00f3n invierte el orden de prioridades de las habilidades, en comparaci\u00f3n con otras disciplinas cient\u00edficas, ya que el enfoque ser\u00e1 el de la Teor\u00eda de la Acci\u00f3n, que genera un profesional fuertemente orientado a la acci\u00f3n y con bases te\u00f3ricas. De esta manera se cerrar\u00e1 la brecha entre el conocimiento puramente emp\u00edrico con su oposici\u00f3n al conocimiento acad\u00e9mico y viceversa.<br>El graduado estar\u00e1 en condiciones de actuar en la gesti\u00f3n de las organizaciones, en posiciones de l\u00ednea, como consultor, asesor interno y\/o externo y como investigador; en la resoluci\u00f3n de problemas de coyuntura y de mediano y largo plazo, con el dominio de conocimientos de la menci\u00f3n que haya seleccionado.<\/p><p>El graduado tendr\u00e1 manejo de dos tipos de conocimientos: <br>1) <strong>Conocimientos generales<\/strong> necesarios para toda orientaci\u00f3n en las organizaciones, en los campos de econom\u00eda empresaria, finanzas de empresas, derecho empresario, tecnolog\u00eda inform\u00e1tica, recursos humanos, gesti\u00f3n de conflictos, de la complejidad y turbulencia empresarial, as\u00ed como la capacidad de dar soluci\u00f3n a problemas no estructurados.<br>2)<strong> Conocimientos espec\u00edficos<\/strong> de la menci\u00f3n que ha elegido, conforme a las particularidades de la misma.<\/p><div class=\"wp-block-columns is-layout-flex wp-container-core-columns-is-layout-9d6595d7 wp-block-columns-is-layout-flex\"><div class=\"wp-block-column is-layout-flow wp-block-column-is-layout-flow\" style=\"flex-basis:100%\"><div class=\"wp-block-buttons is-content-justification-center is-layout-flex wp-container-core-buttons-is-layout-16018d1d wp-block-buttons-is-layout-flex\"><div class=\"wp-block-button\"><a class=\"wp-block-button__link wp-element-button\" href=\"https:\/\/drive.google.com\/file\/d\/11q36UqsmKW62VBo5l6a6Oz7UqzG4pt8o\/view?usp=sharing\" target=\"_blank\" rel=\"noreferrer noopener\"><strong>Descarg\u00e1 el Plan de Estudios<\/strong><\/a><\/div>\n\n<div class=\"wp-block-button\"><a class=\"wp-block-button__link wp-element-button\" href=\"mailto:ctrentini@fcecon.unr.edu.ar\" target=\"_blank\" rel=\"noreferrer noopener\"><strong>Contactanos<\/strong><\/a><\/div><\/div><\/div><\/div><p><\/p>","protected":false},"excerpt":{"rendered":"<p>Instru\u00edte en habilidades y conocimientos para liderar en el mundo empresarial. Extend\u00e9 tus conocimientos generales sobre gesti\u00f3n empresarial y capac\u00edtate<span class=\"more-dots\">&#8230;<\/span><\/p>\n","protected":false},"author":2,"featured_media":0,"parent":0,"menu_order":0,"comment_status":"closed","ping_status":"closed","template":"","meta":{"footnotes":""},"class_list":["post-300","page","type-page","status-publish","hentry","no-post-thumbnail"],"yoast_head":"<!-- This site is optimized with the Yoast SEO plugin v27.4 - https:\/\/yoast.com\/product\/yoast-seo-wordpress\/ -->\n<title>Administraci\u00f3n de Empresas - Secretar\u00eda de Posgrado y Formaci\u00f3n Continua FCEyE UNR<\/title>\n<meta name=\"robots\" content=\"index, follow, max-snippet:-1, max-image-preview:large, max-video-preview:-1\" \/>\n<link rel=\"canonical\" href=\"https:\/\/posgrados.fcecon.unr.edu.ar\/?page_id=300\" \/>\n<meta property=\"og:locale\" content=\"es_ES\" \/>\n<meta property=\"og:type\" content=\"article\" \/>\n<meta property=\"og:title\" content=\"Administraci\u00f3n de Empresas - Secretar\u00eda de Posgrado y Formaci\u00f3n Continua FCEyE UNR\" \/>\n<meta property=\"og:description\" content=\"Instru\u00edte en habilidades y conocimientos para liderar en el mundo empresarial. Extend\u00e9 tus conocimientos generales sobre gesti\u00f3n empresarial y capac\u00edtate...\" \/>\n<meta property=\"og:url\" content=\"https:\/\/posgrados.fcecon.unr.edu.ar\/?page_id=300\" \/>\n<meta property=\"og:site_name\" content=\"Secretar\u00eda de Posgrado y Formaci\u00f3n Continua FCEyE UNR\" \/>\n<meta property=\"article:modified_time\" content=\"2025-09-22T12:03:14+00:00\" \/>\n<meta name=\"twitter:card\" content=\"summary_large_image\" \/>\n<meta name=\"twitter:label1\" content=\"Tiempo de lectura\" \/>\n\t<meta name=\"twitter:data1\" content=\"2 minutos\" \/>\n<script type=\"application\/ld+json\" class=\"yoast-schema-graph\">{\"@context\":\"https:\\\/\\\/schema.org\",\"@graph\":[{\"@type\":\"WebPage\",\"@id\":\"https:\\\/\\\/posgrados.fcecon.unr.edu.ar\\\/?page_id=300\",\"url\":\"https:\\\/\\\/posgrados.fcecon.unr.edu.ar\\\/?page_id=300\",\"name\":\"Administraci\u00f3n de Empresas - Secretar\u00eda de Posgrado y Formaci\u00f3n Continua FCEyE UNR\",\"isPartOf\":{\"@id\":\"https:\\\/\\\/posgrados.fcecon.unr.edu.ar\\\/#website\"},\"datePublished\":\"2024-09-27T14:20:58+00:00\",\"dateModified\":\"2025-09-22T12:03:14+00:00\",\"breadcrumb\":{\"@id\":\"https:\\\/\\\/posgrados.fcecon.unr.edu.ar\\\/?page_id=300#breadcrumb\"},\"inLanguage\":\"es-AR\",\"potentialAction\":[{\"@type\":\"ReadAction\",\"target\":[\"https:\\\/\\\/posgrados.fcecon.unr.edu.ar\\\/?page_id=300\"]}]},{\"@type\":\"BreadcrumbList\",\"@id\":\"https:\\\/\\\/posgrados.fcecon.unr.edu.ar\\\/?page_id=300#breadcrumb\",\"itemListElement\":[{\"@type\":\"ListItem\",\"position\":1,\"name\":\"Home\",\"item\":\"https:\\\/\\\/posgrados.fcecon.unr.edu.ar\\\/\"},{\"@type\":\"ListItem\",\"position\":2,\"name\":\"Administraci\u00f3n de Empresas\"}]},{\"@type\":\"WebSite\",\"@id\":\"https:\\\/\\\/posgrados.fcecon.unr.edu.ar\\\/#website\",\"url\":\"https:\\\/\\\/posgrados.fcecon.unr.edu.ar\\\/\",\"name\":\"Secretar\u00eda de Posgrado y Formaci\u00f3n Continua FCEyE UNR\",\"description\":\"Posgrado FCEyE UNR\",\"publisher\":{\"@id\":\"https:\\\/\\\/posgrados.fcecon.unr.edu.ar\\\/#organization\"},\"potentialAction\":[{\"@type\":\"SearchAction\",\"target\":{\"@type\":\"EntryPoint\",\"urlTemplate\":\"https:\\\/\\\/posgrados.fcecon.unr.edu.ar\\\/?s={search_term_string}\"},\"query-input\":{\"@type\":\"PropertyValueSpecification\",\"valueRequired\":true,\"valueName\":\"search_term_string\"}}],\"inLanguage\":\"es-AR\"},{\"@type\":\"Organization\",\"@id\":\"https:\\\/\\\/posgrados.fcecon.unr.edu.ar\\\/#organization\",\"name\":\"Secretar\u00eda de Posgrado y Formaci\u00f3n Continua FCEyE UNR\",\"url\":\"https:\\\/\\\/posgrados.fcecon.unr.edu.ar\\\/\",\"logo\":{\"@type\":\"ImageObject\",\"inLanguage\":\"es-AR\",\"@id\":\"https:\\\/\\\/posgrados.fcecon.unr.edu.ar\\\/#\\\/schema\\\/logo\\\/image\\\/\",\"url\":\"https:\\\/\\\/posgrados.fcecon.unr.edu.ar\\\/wp-content\\\/uploads\\\/2025\\\/03\\\/cropped-cropped-cropped-cropped-Diseno_sin_titulo__31_-removebg-preview.png\",\"contentUrl\":\"https:\\\/\\\/posgrados.fcecon.unr.edu.ar\\\/wp-content\\\/uploads\\\/2025\\\/03\\\/cropped-cropped-cropped-cropped-Diseno_sin_titulo__31_-removebg-preview.png\",\"width\":675,\"height\":88,\"caption\":\"Secretar\u00eda de Posgrado y Formaci\u00f3n Continua FCEyE UNR\"},\"image\":{\"@id\":\"https:\\\/\\\/posgrados.fcecon.unr.edu.ar\\\/#\\\/schema\\\/logo\\\/image\\\/\"}}]}<\/script>\n<!-- \/ Yoast SEO plugin. -->","yoast_head_json":{"title":"Administraci\u00f3n de Empresas - Secretar\u00eda de Posgrado y Formaci\u00f3n Continua FCEyE UNR","robots":{"index":"index","follow":"follow","max-snippet":"max-snippet:-1","max-image-preview":"max-image-preview:large","max-video-preview":"max-video-preview:-1"},"canonical":"https:\/\/posgrados.fcecon.unr.edu.ar\/?page_id=300","og_locale":"es_ES","og_type":"article","og_title":"Administraci\u00f3n de Empresas - Secretar\u00eda de Posgrado y Formaci\u00f3n Continua FCEyE UNR","og_description":"Instru\u00edte en habilidades y conocimientos para liderar en el mundo empresarial. Extend\u00e9 tus conocimientos generales sobre gesti\u00f3n empresarial y capac\u00edtate...","og_url":"https:\/\/posgrados.fcecon.unr.edu.ar\/?page_id=300","og_site_name":"Secretar\u00eda de Posgrado y Formaci\u00f3n Continua FCEyE UNR","article_modified_time":"2025-09-22T12:03:14+00:00","twitter_card":"summary_large_image","twitter_misc":{"Tiempo de lectura":"2 minutos"},"schema":{"@context":"https:\/\/schema.org","@graph":[{"@type":"WebPage","@id":"https:\/\/posgrados.fcecon.unr.edu.ar\/?page_id=300","url":"https:\/\/posgrados.fcecon.unr.edu.ar\/?page_id=300","name":"Administraci\u00f3n de Empresas - Secretar\u00eda de Posgrado y Formaci\u00f3n Continua FCEyE UNR","isPartOf":{"@id":"https:\/\/posgrados.fcecon.unr.edu.ar\/#website"},"datePublished":"2024-09-27T14:20:58+00:00","dateModified":"2025-09-22T12:03:14+00:00","breadcrumb":{"@id":"https:\/\/posgrados.fcecon.unr.edu.ar\/?page_id=300#breadcrumb"},"inLanguage":"es-AR","potentialAction":[{"@type":"ReadAction","target":["https:\/\/posgrados.fcecon.unr.edu.ar\/?page_id=300"]}]},{"@type":"BreadcrumbList","@id":"https:\/\/posgrados.fcecon.unr.edu.ar\/?page_id=300#breadcrumb","itemListElement":[{"@type":"ListItem","position":1,"name":"Home","item":"https:\/\/posgrados.fcecon.unr.edu.ar\/"},{"@type":"ListItem","position":2,"name":"Administraci\u00f3n de Empresas"}]},{"@type":"WebSite","@id":"https:\/\/posgrados.fcecon.unr.edu.ar\/#website","url":"https:\/\/posgrados.fcecon.unr.edu.ar\/","name":"Secretar\u00eda de Posgrado y Formaci\u00f3n Continua FCEyE UNR","description":"Posgrado FCEyE UNR","publisher":{"@id":"https:\/\/posgrados.fcecon.unr.edu.ar\/#organization"},"potentialAction":[{"@type":"SearchAction","target":{"@type":"EntryPoint","urlTemplate":"https:\/\/posgrados.fcecon.unr.edu.ar\/?s={search_term_string}"},"query-input":{"@type":"PropertyValueSpecification","valueRequired":true,"valueName":"search_term_string"}}],"inLanguage":"es-AR"},{"@type":"Organization","@id":"https:\/\/posgrados.fcecon.unr.edu.ar\/#organization","name":"Secretar\u00eda de Posgrado y Formaci\u00f3n Continua FCEyE UNR","url":"https:\/\/posgrados.fcecon.unr.edu.ar\/","logo":{"@type":"ImageObject","inLanguage":"es-AR","@id":"https:\/\/posgrados.fcecon.unr.edu.ar\/#\/schema\/logo\/image\/","url":"https:\/\/posgrados.fcecon.unr.edu.ar\/wp-content\/uploads\/2025\/03\/cropped-cropped-cropped-cropped-Diseno_sin_titulo__31_-removebg-preview.png","contentUrl":"https:\/\/posgrados.fcecon.unr.edu.ar\/wp-content\/uploads\/2025\/03\/cropped-cropped-cropped-cropped-Diseno_sin_titulo__31_-removebg-preview.png","width":675,"height":88,"caption":"Secretar\u00eda de Posgrado y Formaci\u00f3n Continua FCEyE UNR"},"image":{"@id":"https:\/\/posgrados.fcecon.unr.edu.ar\/#\/schema\/logo\/image\/"}}]}},"_links":{"self":[{"href":"https:\/\/posgrados.fcecon.unr.edu.ar\/index.php?rest_route=\/wp\/v2\/pages\/300","targetHints":{"allow":["GET"]}}],"collection":[{"href":"https:\/\/posgrados.fcecon.unr.edu.ar\/index.php?rest_route=\/wp\/v2\/pages"}],"about":[{"href":"https:\/\/posgrados.fcecon.unr.edu.ar\/index.php?rest_route=\/wp\/v2\/types\/page"}],"author":[{"embeddable":true,"href":"https:\/\/posgrados.fcecon.unr.edu.ar\/index.php?rest_route=\/wp\/v2\/users\/2"}],"replies":[{"embeddable":true,"href":"https:\/\/posgrados.fcecon.unr.edu.ar\/index.php?rest_route=%2Fwp%2Fv2%2Fcomments&post=300"}],"version-history":[{"count":12,"href":"https:\/\/posgrados.fcecon.unr.edu.ar\/index.php?rest_route=\/wp\/v2\/pages\/300\/revisions"}],"predecessor-version":[{"id":1303,"href":"https:\/\/posgrados.fcecon.unr.edu.ar\/index.php?rest_route=\/wp\/v2\/pages\/300\/revisions\/1303"}],"wp:attachment":[{"href":"https:\/\/posgrados.fcecon.unr.edu.ar\/index.php?rest_route=%2Fwp%2Fv2%2Fmedia&parent=300"}],"curies":[{"name":"wp","href":"https:\/\/api.w.org\/{rel}","templated":true}]}}