{"id":291,"date":"2024-09-27T10:57:16","date_gmt":"2024-09-27T13:57:16","guid":{"rendered":"https:\/\/posgrados.fcecon.unr.edu.ar\/?page_id=291"},"modified":"2025-06-05T11:30:41","modified_gmt":"2025-06-05T14:30:41","slug":"operaciones-de-comercio-exterior","status":"publish","type":"page","link":"https:\/\/posgrados.fcecon.unr.edu.ar\/?page_id=291","title":{"rendered":"Operaciones de Comercio Exterior"},"content":{"rendered":"<p>Llev\u00e1 tu carrera a otro nivel con la Especializaci\u00f3n en Operaciones de Comercio Exterior. Enfoque pr\u00e1ctico y estrat\u00e9gico para sobresalir en el mercado internacional, y optimizar las importaciones y exportaciones.<\/p><p>\u2705 Cuerpo docente de excelencia<br>\u23f3 Programa de 585 horas, con un enfoque pr\u00e1ctico de 245 horas<br>\ud83d\udcd1 T\u00edtulo: Especializaci\u00f3n &#8211; Acreditada por #CONEAU<br>\u2705 + de 100 a\u00f1os de prestigio &#8211; Facultad de Ciencias y Econ\u00f3micas y Estad\u00edstica UNR<br><br><strong>Director: Mag. Daniel Lorenzatti<\/strong> | <a href=\"mailto:daniel.lorenzatti@fcecon.unr.edu.ar\" target=\"_blank\" rel=\"noreferrer noopener\">Contacto<\/a> | daniel.lorenzatti@fcecon.unr.edu.ar<\/p><div class=\"wp-block-columns is-layout-flex wp-container-core-columns-is-layout-9d6595d7 wp-block-columns-is-layout-flex\"><div class=\"wp-block-column is-layout-flow wp-block-column-is-layout-flow\" style=\"flex-basis:10%\"><\/div>\n\n<div class=\"wp-block-column is-layout-flow wp-block-column-is-layout-flow\"><figure class=\"wp-block-embed aligncenter is-type-video is-provider-youtube wp-block-embed-youtube wp-embed-aspect-16-9 wp-has-aspect-ratio\" style=\"margin-top:var(--wp--preset--spacing--40);margin-right:var(--wp--preset--spacing--60);margin-bottom:var(--wp--preset--spacing--40);margin-left:var(--wp--preset--spacing--60)\"><div class=\"wp-block-embed__wrapper\">\n<iframe loading=\"lazy\" title=\"Especializaci\u00f3n en Comercio Exterior\" width=\"500\" height=\"281\" src=\"https:\/\/www.youtube.com\/embed\/UNFmOqrLcbI?feature=oembed\" frameborder=\"0\" allow=\"accelerometer; autoplay; clipboard-write; encrypted-media; gyroscope; picture-in-picture; web-share\" referrerpolicy=\"strict-origin-when-cross-origin\" allowfullscreen><\/iframe>\n<\/div><\/figure><\/div>\n\n<div class=\"wp-block-column is-layout-flow wp-block-column-is-layout-flow\" style=\"flex-basis:10%\"><\/div><\/div><hr class=\"wp-block-separator has-alpha-channel-opacity is-style-wide\"\/><p><\/p><p><strong>OBJETIVOS<\/strong><\/p><p><strong>Lograr <\/strong>que los alumnos comprendan el an\u00e1lisis de las operaciones&nbsp;y pr\u00e1cticas del comercio exterior, y el estudio de las instituciones que en \u00e9l participan y de los&nbsp;factores del contexto sociopol\u00edtico y econ\u00f3mico que influyen sobre el mismo.<br>Asimismo, <strong>busca propender <\/strong>a la formaci\u00f3n, motivaci\u00f3n y movilizaci\u00f3n de recursos humanos que&nbsp;puedan concurrir en apoyo de los sectores p\u00fablicos y privados, para lograr el desarrollo del comercio&nbsp;exterior mediante el empleo de modernas t\u00e9cnicas operativas y de comercializaci\u00f3n, con un cabal&nbsp;conocimiento del marco institucional vigente en el orden nacional e internacional, y teniendo en&nbsp;cuenta las limitaciones estructurales del sector externo de la econom\u00eda argentina y las condiciones&nbsp;imperantes en la econom\u00eda mundial.<\/p><p><strong>PERFIL DEL EGRESADO<\/strong><\/p><p>El Especialista en Operaciones de Comercio Exterior es un posgraduado con una s\u00f3lida formaci\u00f3n en el \u00e1rea del comercio exterior, capacitado para comprender y analizar la comercializaci\u00f3n internacional y la operatividad integral que ella conlleva.<br>Tiene capacidad para brindar asesoramiento a organizaciones p\u00fablicas o privadas para la producci\u00f3n y ejecuci\u00f3n de estrategias comerciales en la direcci\u00f3n de negociaciones externas, su promoci\u00f3n regional y sectorial, y en la organizaci\u00f3n y ejecuci\u00f3n de los procedimientos t\u00e9cnicos que requiere el comercio exterior.<br>Posee una actitud cr\u00edtica y flexible que le permite reconocer la necesidad de actualizaci\u00f3n permanente de los conocimientos y de trabajar en equipos interdisciplinarios.<\/p><div class=\"wp-block-columns is-layout-flex wp-container-core-columns-is-layout-9d6595d7 wp-block-columns-is-layout-flex\"><div class=\"wp-block-column is-layout-flow wp-block-column-is-layout-flow\" style=\"flex-basis:100%\"><div class=\"wp-block-buttons is-content-justification-center is-layout-flex wp-container-core-buttons-is-layout-16018d1d wp-block-buttons-is-layout-flex\"><div class=\"wp-block-button\"><a class=\"wp-block-button__link wp-element-button\"><strong>Descarg\u00e1 el Plan de Estudios<\/strong><\/a><\/div>\n\n<div class=\"wp-block-button\"><a class=\"wp-block-button__link wp-element-button\" href=\"mailto:daniel.lorenzatti@fcecon.unr.edu.ar\" target=\"_blank\" rel=\"noreferrer noopener\"><strong>Contactanos<\/strong><\/a><\/div><\/div><\/div><\/div><p><\/p>","protected":false},"excerpt":{"rendered":"<p>Llev\u00e1 tu carrera a otro nivel con la Especializaci\u00f3n en Operaciones de Comercio Exterior. Enfoque pr\u00e1ctico y estrat\u00e9gico para sobresalir<span class=\"more-dots\">&#8230;<\/span><\/p>\n","protected":false},"author":2,"featured_media":0,"parent":0,"menu_order":0,"comment_status":"closed","ping_status":"closed","template":"","meta":{"footnotes":""},"class_list":["post-291","page","type-page","status-publish","hentry","no-post-thumbnail"],"yoast_head":"<!-- This site is optimized with the Yoast SEO plugin v27.4 - https:\/\/yoast.com\/product\/yoast-seo-wordpress\/ -->\n<title>Operaciones de Comercio Exterior - Secretar\u00eda de Posgrado y Formaci\u00f3n Continua FCEyE UNR<\/title>\n<meta name=\"robots\" content=\"index, follow, max-snippet:-1, max-image-preview:large, max-video-preview:-1\" \/>\n<link rel=\"canonical\" href=\"https:\/\/posgrados.fcecon.unr.edu.ar\/?page_id=291\" \/>\n<meta property=\"og:locale\" content=\"es_ES\" \/>\n<meta property=\"og:type\" content=\"article\" \/>\n<meta property=\"og:title\" content=\"Operaciones de Comercio Exterior - Secretar\u00eda de Posgrado y Formaci\u00f3n Continua FCEyE UNR\" \/>\n<meta property=\"og:description\" content=\"Llev\u00e1 tu carrera a otro nivel con la Especializaci\u00f3n en Operaciones de Comercio Exterior. Enfoque pr\u00e1ctico y estrat\u00e9gico para sobresalir...\" \/>\n<meta property=\"og:url\" content=\"https:\/\/posgrados.fcecon.unr.edu.ar\/?page_id=291\" \/>\n<meta property=\"og:site_name\" content=\"Secretar\u00eda de Posgrado y Formaci\u00f3n Continua FCEyE UNR\" \/>\n<meta property=\"article:modified_time\" content=\"2025-06-05T14:30:41+00:00\" \/>\n<meta name=\"twitter:card\" content=\"summary_large_image\" \/>\n<meta name=\"twitter:label1\" content=\"Tiempo de lectura\" \/>\n\t<meta name=\"twitter:data1\" content=\"2 minutos\" \/>\n<script type=\"application\/ld+json\" class=\"yoast-schema-graph\">{\"@context\":\"https:\\\/\\\/schema.org\",\"@graph\":[{\"@type\":\"WebPage\",\"@id\":\"https:\\\/\\\/posgrados.fcecon.unr.edu.ar\\\/?page_id=291\",\"url\":\"https:\\\/\\\/posgrados.fcecon.unr.edu.ar\\\/?page_id=291\",\"name\":\"Operaciones de Comercio Exterior - Secretar\u00eda de Posgrado y Formaci\u00f3n Continua FCEyE UNR\",\"isPartOf\":{\"@id\":\"https:\\\/\\\/posgrados.fcecon.unr.edu.ar\\\/#website\"},\"datePublished\":\"2024-09-27T13:57:16+00:00\",\"dateModified\":\"2025-06-05T14:30:41+00:00\",\"breadcrumb\":{\"@id\":\"https:\\\/\\\/posgrados.fcecon.unr.edu.ar\\\/?page_id=291#breadcrumb\"},\"inLanguage\":\"es-AR\",\"potentialAction\":[{\"@type\":\"ReadAction\",\"target\":[\"https:\\\/\\\/posgrados.fcecon.unr.edu.ar\\\/?page_id=291\"]}]},{\"@type\":\"BreadcrumbList\",\"@id\":\"https:\\\/\\\/posgrados.fcecon.unr.edu.ar\\\/?page_id=291#breadcrumb\",\"itemListElement\":[{\"@type\":\"ListItem\",\"position\":1,\"name\":\"Home\",\"item\":\"https:\\\/\\\/posgrados.fcecon.unr.edu.ar\\\/\"},{\"@type\":\"ListItem\",\"position\":2,\"name\":\"Operaciones de Comercio Exterior\"}]},{\"@type\":\"WebSite\",\"@id\":\"https:\\\/\\\/posgrados.fcecon.unr.edu.ar\\\/#website\",\"url\":\"https:\\\/\\\/posgrados.fcecon.unr.edu.ar\\\/\",\"name\":\"Secretar\u00eda de Posgrado y Formaci\u00f3n Continua FCEyE UNR\",\"description\":\"Posgrado FCEyE UNR\",\"publisher\":{\"@id\":\"https:\\\/\\\/posgrados.fcecon.unr.edu.ar\\\/#organization\"},\"potentialAction\":[{\"@type\":\"SearchAction\",\"target\":{\"@type\":\"EntryPoint\",\"urlTemplate\":\"https:\\\/\\\/posgrados.fcecon.unr.edu.ar\\\/?s={search_term_string}\"},\"query-input\":{\"@type\":\"PropertyValueSpecification\",\"valueRequired\":true,\"valueName\":\"search_term_string\"}}],\"inLanguage\":\"es-AR\"},{\"@type\":\"Organization\",\"@id\":\"https:\\\/\\\/posgrados.fcecon.unr.edu.ar\\\/#organization\",\"name\":\"Secretar\u00eda de Posgrado y Formaci\u00f3n Continua FCEyE UNR\",\"url\":\"https:\\\/\\\/posgrados.fcecon.unr.edu.ar\\\/\",\"logo\":{\"@type\":\"ImageObject\",\"inLanguage\":\"es-AR\",\"@id\":\"https:\\\/\\\/posgrados.fcecon.unr.edu.ar\\\/#\\\/schema\\\/logo\\\/image\\\/\",\"url\":\"https:\\\/\\\/posgrados.fcecon.unr.edu.ar\\\/wp-content\\\/uploads\\\/2025\\\/03\\\/cropped-cropped-cropped-cropped-Diseno_sin_titulo__31_-removebg-preview.png\",\"contentUrl\":\"https:\\\/\\\/posgrados.fcecon.unr.edu.ar\\\/wp-content\\\/uploads\\\/2025\\\/03\\\/cropped-cropped-cropped-cropped-Diseno_sin_titulo__31_-removebg-preview.png\",\"width\":675,\"height\":88,\"caption\":\"Secretar\u00eda de Posgrado y Formaci\u00f3n Continua FCEyE UNR\"},\"image\":{\"@id\":\"https:\\\/\\\/posgrados.fcecon.unr.edu.ar\\\/#\\\/schema\\\/logo\\\/image\\\/\"}}]}<\/script>\n<!-- \/ Yoast SEO plugin. -->","yoast_head_json":{"title":"Operaciones de Comercio Exterior - Secretar\u00eda de Posgrado y Formaci\u00f3n Continua FCEyE UNR","robots":{"index":"index","follow":"follow","max-snippet":"max-snippet:-1","max-image-preview":"max-image-preview:large","max-video-preview":"max-video-preview:-1"},"canonical":"https:\/\/posgrados.fcecon.unr.edu.ar\/?page_id=291","og_locale":"es_ES","og_type":"article","og_title":"Operaciones de Comercio Exterior - Secretar\u00eda de Posgrado y Formaci\u00f3n Continua FCEyE UNR","og_description":"Llev\u00e1 tu carrera a otro nivel con la Especializaci\u00f3n en Operaciones de Comercio Exterior. Enfoque pr\u00e1ctico y estrat\u00e9gico para sobresalir...","og_url":"https:\/\/posgrados.fcecon.unr.edu.ar\/?page_id=291","og_site_name":"Secretar\u00eda de Posgrado y Formaci\u00f3n Continua FCEyE UNR","article_modified_time":"2025-06-05T14:30:41+00:00","twitter_card":"summary_large_image","twitter_misc":{"Tiempo de lectura":"2 minutos"},"schema":{"@context":"https:\/\/schema.org","@graph":[{"@type":"WebPage","@id":"https:\/\/posgrados.fcecon.unr.edu.ar\/?page_id=291","url":"https:\/\/posgrados.fcecon.unr.edu.ar\/?page_id=291","name":"Operaciones de Comercio Exterior - Secretar\u00eda de Posgrado y Formaci\u00f3n Continua FCEyE UNR","isPartOf":{"@id":"https:\/\/posgrados.fcecon.unr.edu.ar\/#website"},"datePublished":"2024-09-27T13:57:16+00:00","dateModified":"2025-06-05T14:30:41+00:00","breadcrumb":{"@id":"https:\/\/posgrados.fcecon.unr.edu.ar\/?page_id=291#breadcrumb"},"inLanguage":"es-AR","potentialAction":[{"@type":"ReadAction","target":["https:\/\/posgrados.fcecon.unr.edu.ar\/?page_id=291"]}]},{"@type":"BreadcrumbList","@id":"https:\/\/posgrados.fcecon.unr.edu.ar\/?page_id=291#breadcrumb","itemListElement":[{"@type":"ListItem","position":1,"name":"Home","item":"https:\/\/posgrados.fcecon.unr.edu.ar\/"},{"@type":"ListItem","position":2,"name":"Operaciones de Comercio Exterior"}]},{"@type":"WebSite","@id":"https:\/\/posgrados.fcecon.unr.edu.ar\/#website","url":"https:\/\/posgrados.fcecon.unr.edu.ar\/","name":"Secretar\u00eda de Posgrado y Formaci\u00f3n Continua FCEyE UNR","description":"Posgrado FCEyE UNR","publisher":{"@id":"https:\/\/posgrados.fcecon.unr.edu.ar\/#organization"},"potentialAction":[{"@type":"SearchAction","target":{"@type":"EntryPoint","urlTemplate":"https:\/\/posgrados.fcecon.unr.edu.ar\/?s={search_term_string}"},"query-input":{"@type":"PropertyValueSpecification","valueRequired":true,"valueName":"search_term_string"}}],"inLanguage":"es-AR"},{"@type":"Organization","@id":"https:\/\/posgrados.fcecon.unr.edu.ar\/#organization","name":"Secretar\u00eda de Posgrado y Formaci\u00f3n Continua FCEyE UNR","url":"https:\/\/posgrados.fcecon.unr.edu.ar\/","logo":{"@type":"ImageObject","inLanguage":"es-AR","@id":"https:\/\/posgrados.fcecon.unr.edu.ar\/#\/schema\/logo\/image\/","url":"https:\/\/posgrados.fcecon.unr.edu.ar\/wp-content\/uploads\/2025\/03\/cropped-cropped-cropped-cropped-Diseno_sin_titulo__31_-removebg-preview.png","contentUrl":"https:\/\/posgrados.fcecon.unr.edu.ar\/wp-content\/uploads\/2025\/03\/cropped-cropped-cropped-cropped-Diseno_sin_titulo__31_-removebg-preview.png","width":675,"height":88,"caption":"Secretar\u00eda de Posgrado y Formaci\u00f3n Continua FCEyE UNR"},"image":{"@id":"https:\/\/posgrados.fcecon.unr.edu.ar\/#\/schema\/logo\/image\/"}}]}},"_links":{"self":[{"href":"https:\/\/posgrados.fcecon.unr.edu.ar\/index.php?rest_route=\/wp\/v2\/pages\/291","targetHints":{"allow":["GET"]}}],"collection":[{"href":"https:\/\/posgrados.fcecon.unr.edu.ar\/index.php?rest_route=\/wp\/v2\/pages"}],"about":[{"href":"https:\/\/posgrados.fcecon.unr.edu.ar\/index.php?rest_route=\/wp\/v2\/types\/page"}],"author":[{"embeddable":true,"href":"https:\/\/posgrados.fcecon.unr.edu.ar\/index.php?rest_route=\/wp\/v2\/users\/2"}],"replies":[{"embeddable":true,"href":"https:\/\/posgrados.fcecon.unr.edu.ar\/index.php?rest_route=%2Fwp%2Fv2%2Fcomments&post=291"}],"version-history":[{"count":9,"href":"https:\/\/posgrados.fcecon.unr.edu.ar\/index.php?rest_route=\/wp\/v2\/pages\/291\/revisions"}],"predecessor-version":[{"id":1052,"href":"https:\/\/posgrados.fcecon.unr.edu.ar\/index.php?rest_route=\/wp\/v2\/pages\/291\/revisions\/1052"}],"wp:attachment":[{"href":"https:\/\/posgrados.fcecon.unr.edu.ar\/index.php?rest_route=%2Fwp%2Fv2%2Fmedia&parent=291"}],"curies":[{"name":"wp","href":"https:\/\/api.w.org\/{rel}","templated":true}]}}