{"id":28,"date":"2024-08-23T11:07:34","date_gmt":"2024-08-23T14:07:34","guid":{"rendered":"https:\/\/posgrados.fcecon.unr.edu.ar\/?page_id=28"},"modified":"2025-06-23T11:23:54","modified_gmt":"2025-06-23T14:23:54","slug":"about-us","status":"publish","type":"page","link":"https:\/\/posgrados.fcecon.unr.edu.ar\/?page_id=28","title":{"rendered":"Posgrado FCEyE UNR"},"content":{"rendered":"<div class=\"wp-block-media-text has-media-on-the-right is-stacked-on-mobile is-vertically-aligned-center is-style-text-overlap\" style=\"grid-template-columns:auto 55%\"><div class=\"wp-block-media-text__content\"><div style=\"height:36px\" aria-hidden=\"true\" class=\"wp-block-spacer\"><\/div>\n\n<p class=\"is-style-small-text\"><mark style=\"background-color:var(--colorMain)\" class=\"has-inline-color has-light-color\">Posgrado FCEyE <\/mark><\/p>\n\n<h2 class=\"wp-block-heading has-huge-font-size\" style=\"margin-top:0px\">Dise\u00f1amos experiencias educativas transformadoras para<br><mark style=\"background-color:rgba(0, 0, 0, 0)\" class=\"has-inline-color has-main-color\">construir el futuro desde hoy.<\/mark><\/h2>\n\n<p class=\"has-normal-font-size\"><\/p>\n\n<div class=\"wp-block-columns is-layout-flex wp-container-core-columns-is-layout-9d6595d7 wp-block-columns-is-layout-flex\"><div class=\"wp-block-column is-layout-flow wp-block-column-is-layout-flow\"><ul class=\"wp-block-list styled\"><li>actualizaci\u00f3n constante<\/li>\n\n<li>tecnolog\u00eda<\/li>\n\n<li>excelencia educativa<\/li><\/ul><\/div>\n\n<div class=\"wp-block-column is-layout-flow wp-block-column-is-layout-flow\"><\/div><\/div>\n\n<\/div><figure class=\"wp-block-media-text__media\"><img loading=\"lazy\" decoding=\"async\" width=\"1024\" height=\"683\" src=\"https:\/\/posgrados.fcecon.unr.edu.ar\/wp-content\/uploads\/2025\/02\/DSC_0888-2-1024x683.jpg\" alt=\"\" class=\"wp-image-532 size-exs-square\" srcset=\"https:\/\/posgrados.fcecon.unr.edu.ar\/wp-content\/uploads\/2025\/02\/DSC_0888-2-1024x683.jpg 1024w, https:\/\/posgrados.fcecon.unr.edu.ar\/wp-content\/uploads\/2025\/02\/DSC_0888-2-300x200.jpg 300w, https:\/\/posgrados.fcecon.unr.edu.ar\/wp-content\/uploads\/2025\/02\/DSC_0888-2-768x513.jpg 768w, https:\/\/posgrados.fcecon.unr.edu.ar\/wp-content\/uploads\/2025\/02\/DSC_0888-2-1536x1025.jpg 1536w, https:\/\/posgrados.fcecon.unr.edu.ar\/wp-content\/uploads\/2025\/02\/DSC_0888-2-1140x761.jpg 1140w, https:\/\/posgrados.fcecon.unr.edu.ar\/wp-content\/uploads\/2025\/02\/DSC_0888-2-600x400.jpg 600w, https:\/\/posgrados.fcecon.unr.edu.ar\/wp-content\/uploads\/2025\/02\/DSC_0888-2.jpg 1999w\" sizes=\"auto, (max-width: 1024px) 100vw, 1024px\" \/><\/figure><\/div><div style=\"height:140px\" aria-hidden=\"true\" class=\"wp-block-spacer\"><\/div><div class=\"wp-block-columns are-vertically-aligned-center is-layout-flex wp-container-core-columns-is-layout-9d6595d7 wp-block-columns-is-layout-flex\"><div class=\"wp-block-column is-vertically-aligned-center is-layout-flow wp-block-column-is-layout-flow\"><figure class=\"wp-block-image aligncenter size-full is-resized mb-15\"><img loading=\"lazy\" decoding=\"async\" width=\"1080\" height=\"1080\" src=\"https:\/\/posgrados.fcecon.unr.edu.ar\/wp-content\/uploads\/2025\/03\/Renovacion-Marca-Institucional-muestras-28.png\" alt=\"\" class=\"wp-image-786\" style=\"width:150px;height:auto\" srcset=\"https:\/\/posgrados.fcecon.unr.edu.ar\/wp-content\/uploads\/2025\/03\/Renovacion-Marca-Institucional-muestras-28.png 1080w, https:\/\/posgrados.fcecon.unr.edu.ar\/wp-content\/uploads\/2025\/03\/Renovacion-Marca-Institucional-muestras-28-300x300.png 300w, https:\/\/posgrados.fcecon.unr.edu.ar\/wp-content\/uploads\/2025\/03\/Renovacion-Marca-Institucional-muestras-28-1024x1024.png 1024w, https:\/\/posgrados.fcecon.unr.edu.ar\/wp-content\/uploads\/2025\/03\/Renovacion-Marca-Institucional-muestras-28-150x150.png 150w, https:\/\/posgrados.fcecon.unr.edu.ar\/wp-content\/uploads\/2025\/03\/Renovacion-Marca-Institucional-muestras-28-768x768.png 768w, https:\/\/posgrados.fcecon.unr.edu.ar\/wp-content\/uploads\/2025\/03\/Renovacion-Marca-Institucional-muestras-28-855x855.png 855w, https:\/\/posgrados.fcecon.unr.edu.ar\/wp-content\/uploads\/2025\/03\/Renovacion-Marca-Institucional-muestras-28-800x800.png 800w, https:\/\/posgrados.fcecon.unr.edu.ar\/wp-content\/uploads\/2025\/03\/Renovacion-Marca-Institucional-muestras-28-600x600.png 600w, https:\/\/posgrados.fcecon.unr.edu.ar\/wp-content\/uploads\/2025\/03\/Renovacion-Marca-Institucional-muestras-28-100x100.png 100w\" sizes=\"auto, (max-width: 1080px) 100vw, 1080px\" \/><\/figure>\n\n<h3 class=\"wp-block-heading has-text-align-center\" style=\"margin-top:1px;margin-bottom:15px\"><strong><a href=\"https:\/\/posgrados.fcecon.unr.edu.ar\/?page_id=405\">Ingreso<\/a><\/strong><\/h3>\n\n<p class=\"has-text-align-center\">Requisitos<br><\/p><\/div>\n\n<div class=\"wp-block-column is-vertically-aligned-center is-layout-flow wp-block-column-is-layout-flow\"><figure class=\"wp-block-image aligncenter size-full is-resized mb-15\"><img loading=\"lazy\" decoding=\"async\" width=\"1080\" height=\"1080\" src=\"https:\/\/posgrados.fcecon.unr.edu.ar\/wp-content\/uploads\/2025\/03\/Renovacion-Marca-Institucional-muestras-29.png\" alt=\"\" class=\"wp-image-787\" style=\"width:150px;height:auto\" srcset=\"https:\/\/posgrados.fcecon.unr.edu.ar\/wp-content\/uploads\/2025\/03\/Renovacion-Marca-Institucional-muestras-29.png 1080w, https:\/\/posgrados.fcecon.unr.edu.ar\/wp-content\/uploads\/2025\/03\/Renovacion-Marca-Institucional-muestras-29-300x300.png 300w, https:\/\/posgrados.fcecon.unr.edu.ar\/wp-content\/uploads\/2025\/03\/Renovacion-Marca-Institucional-muestras-29-1024x1024.png 1024w, https:\/\/posgrados.fcecon.unr.edu.ar\/wp-content\/uploads\/2025\/03\/Renovacion-Marca-Institucional-muestras-29-150x150.png 150w, https:\/\/posgrados.fcecon.unr.edu.ar\/wp-content\/uploads\/2025\/03\/Renovacion-Marca-Institucional-muestras-29-768x768.png 768w, https:\/\/posgrados.fcecon.unr.edu.ar\/wp-content\/uploads\/2025\/03\/Renovacion-Marca-Institucional-muestras-29-855x855.png 855w, https:\/\/posgrados.fcecon.unr.edu.ar\/wp-content\/uploads\/2025\/03\/Renovacion-Marca-Institucional-muestras-29-800x800.png 800w, https:\/\/posgrados.fcecon.unr.edu.ar\/wp-content\/uploads\/2025\/03\/Renovacion-Marca-Institucional-muestras-29-600x600.png 600w, https:\/\/posgrados.fcecon.unr.edu.ar\/wp-content\/uploads\/2025\/03\/Renovacion-Marca-Institucional-muestras-29-100x100.png 100w\" sizes=\"auto, (max-width: 1080px) 100vw, 1080px\" \/><\/figure>\n\n<h3 class=\"wp-block-heading has-text-align-center\" style=\"margin-top:1px;margin-bottom:15px\"><strong><a href=\"https:\/\/posgrados.fcecon.unr.edu.ar\/?page_id=408\">Admisi\u00f3n acad\u00e9mica<\/a><\/strong><\/h3>\n\n<p class=\"has-text-align-center\"> Doctorados Disciplinares<br><\/p><\/div>\n\n<div class=\"wp-block-column is-vertically-aligned-center is-layout-flow wp-block-column-is-layout-flow\"><figure class=\"wp-block-image aligncenter size-full is-resized mb-15 is-style-default\"><img loading=\"lazy\" decoding=\"async\" width=\"1080\" height=\"1080\" src=\"https:\/\/posgrados.fcecon.unr.edu.ar\/wp-content\/uploads\/2025\/03\/Renovacion-Marca-Institucional-muestras-26.png\" alt=\"\" class=\"wp-image-788\" style=\"width:149px;height:auto\" srcset=\"https:\/\/posgrados.fcecon.unr.edu.ar\/wp-content\/uploads\/2025\/03\/Renovacion-Marca-Institucional-muestras-26.png 1080w, https:\/\/posgrados.fcecon.unr.edu.ar\/wp-content\/uploads\/2025\/03\/Renovacion-Marca-Institucional-muestras-26-300x300.png 300w, https:\/\/posgrados.fcecon.unr.edu.ar\/wp-content\/uploads\/2025\/03\/Renovacion-Marca-Institucional-muestras-26-1024x1024.png 1024w, https:\/\/posgrados.fcecon.unr.edu.ar\/wp-content\/uploads\/2025\/03\/Renovacion-Marca-Institucional-muestras-26-150x150.png 150w, https:\/\/posgrados.fcecon.unr.edu.ar\/wp-content\/uploads\/2025\/03\/Renovacion-Marca-Institucional-muestras-26-768x768.png 768w, https:\/\/posgrados.fcecon.unr.edu.ar\/wp-content\/uploads\/2025\/03\/Renovacion-Marca-Institucional-muestras-26-855x855.png 855w, https:\/\/posgrados.fcecon.unr.edu.ar\/wp-content\/uploads\/2025\/03\/Renovacion-Marca-Institucional-muestras-26-800x800.png 800w, https:\/\/posgrados.fcecon.unr.edu.ar\/wp-content\/uploads\/2025\/03\/Renovacion-Marca-Institucional-muestras-26-600x600.png 600w, https:\/\/posgrados.fcecon.unr.edu.ar\/wp-content\/uploads\/2025\/03\/Renovacion-Marca-Institucional-muestras-26-100x100.png 100w\" sizes=\"auto, (max-width: 1080px) 100vw, 1080px\" \/><\/figure>\n\n<h3 class=\"wp-block-heading has-text-align-center\" style=\"margin-top:1px;margin-bottom:15px\"><a href=\"https:\/\/posgrados.fcecon.unr.edu.ar\/?page_id=410\"><strong>Equivalencias<\/strong><\/a><\/h3>\n\n<p class=\"has-text-align-center\">Requisitos<br><\/p><\/div>\n\n<div class=\"wp-block-column is-vertically-aligned-center is-layout-flow wp-block-column-is-layout-flow\"><figure class=\"wp-block-image aligncenter size-full is-resized mb-15 is-style-default\"><img loading=\"lazy\" decoding=\"async\" width=\"1080\" height=\"1080\" src=\"https:\/\/posgrados.fcecon.unr.edu.ar\/wp-content\/uploads\/2025\/03\/Renovacion-Marca-Institucional-muestras-30.png\" alt=\"\" class=\"wp-image-791\" style=\"width:150px;height:auto\" srcset=\"https:\/\/posgrados.fcecon.unr.edu.ar\/wp-content\/uploads\/2025\/03\/Renovacion-Marca-Institucional-muestras-30.png 1080w, https:\/\/posgrados.fcecon.unr.edu.ar\/wp-content\/uploads\/2025\/03\/Renovacion-Marca-Institucional-muestras-30-300x300.png 300w, https:\/\/posgrados.fcecon.unr.edu.ar\/wp-content\/uploads\/2025\/03\/Renovacion-Marca-Institucional-muestras-30-1024x1024.png 1024w, https:\/\/posgrados.fcecon.unr.edu.ar\/wp-content\/uploads\/2025\/03\/Renovacion-Marca-Institucional-muestras-30-150x150.png 150w, https:\/\/posgrados.fcecon.unr.edu.ar\/wp-content\/uploads\/2025\/03\/Renovacion-Marca-Institucional-muestras-30-768x768.png 768w, https:\/\/posgrados.fcecon.unr.edu.ar\/wp-content\/uploads\/2025\/03\/Renovacion-Marca-Institucional-muestras-30-855x855.png 855w, https:\/\/posgrados.fcecon.unr.edu.ar\/wp-content\/uploads\/2025\/03\/Renovacion-Marca-Institucional-muestras-30-800x800.png 800w, https:\/\/posgrados.fcecon.unr.edu.ar\/wp-content\/uploads\/2025\/03\/Renovacion-Marca-Institucional-muestras-30-600x600.png 600w, https:\/\/posgrados.fcecon.unr.edu.ar\/wp-content\/uploads\/2025\/03\/Renovacion-Marca-Institucional-muestras-30-100x100.png 100w\" sizes=\"auto, (max-width: 1080px) 100vw, 1080px\" \/><\/figure>\n\n<h3 class=\"wp-block-heading has-text-align-center\" style=\"margin-top:1px;margin-bottom:15px\"><strong><a href=\"https:\/\/posgrados.fcecon.unr.edu.ar\/?page_id=419\">T\u00edtulo<\/a><\/strong><\/h3>\n\n<p class=\"has-text-align-center\">Solicitud de t\u00edtulos de Posgrado<br><\/p><\/div><\/div><div class=\"wp-block-group  pb-4 pt-0 is-layout-flow wp-block-group-is-layout-flow\"><div class=\"wp-block-buttons mt-3 is-content-justification-center is-layout-flex wp-container-core-buttons-is-layout-16018d1d wp-block-buttons-is-layout-flex\"><div class=\"wp-block-button mt-05\"><a class=\"wp-block-button__link wp-element-button\" href=\"https:\/\/posgrados.fcecon.unr.edu.ar\/?page_id=412\"><strong>Presentaci\u00f3n de Trabajos finales y Tesis<\/strong><\/a><\/div>\n\n<div class=\"wp-block-button mt-05\"><a class=\"wp-block-button__link wp-element-button\" href=\"https:\/\/forms.gle\/pknjHy6X6adomiZd7\" target=\"_blank\" rel=\"noreferrer noopener\"><strong>Solicitud certificado de ex\u00e1men<\/strong><\/a><\/div><\/div>\n\n<p class=\"has-text-align-center mb-05\"><\/p>\n\n<p><\/p><\/div><p><\/p>","protected":false},"excerpt":{"rendered":"<p>Ingreso Requisitos Admisi\u00f3n acad\u00e9mica Doctorados Disciplinares Equivalencias Requisitos T\u00edtulo Solicitud de t\u00edtulos de Posgrado<\/p>\n","protected":false},"author":2,"featured_media":0,"parent":0,"menu_order":0,"comment_status":"closed","ping_status":"closed","template":"","meta":{"footnotes":""},"class_list":["post-28","page","type-page","status-publish","hentry","no-post-thumbnail"],"yoast_head":"<!-- This site is optimized with the Yoast SEO plugin v27.4 - https:\/\/yoast.com\/product\/yoast-seo-wordpress\/ -->\n<title>Posgrado FCEyE UNR - Secretar\u00eda de Posgrado y Formaci\u00f3n Continua FCEyE UNR<\/title>\n<meta name=\"robots\" content=\"index, follow, max-snippet:-1, max-image-preview:large, max-video-preview:-1\" \/>\n<link rel=\"canonical\" href=\"https:\/\/posgrados.fcecon.unr.edu.ar\/?page_id=28\" \/>\n<meta property=\"og:locale\" content=\"es_ES\" \/>\n<meta property=\"og:type\" content=\"article\" \/>\n<meta property=\"og:title\" content=\"Posgrado FCEyE UNR - Secretar\u00eda de Posgrado y Formaci\u00f3n Continua FCEyE UNR\" \/>\n<meta property=\"og:description\" content=\"Ingreso Requisitos Admisi\u00f3n acad\u00e9mica Doctorados Disciplinares Equivalencias Requisitos T\u00edtulo Solicitud de t\u00edtulos de Posgrado\" \/>\n<meta property=\"og:url\" content=\"https:\/\/posgrados.fcecon.unr.edu.ar\/?page_id=28\" \/>\n<meta property=\"og:site_name\" content=\"Secretar\u00eda de Posgrado y Formaci\u00f3n Continua FCEyE UNR\" \/>\n<meta property=\"article:modified_time\" content=\"2025-06-23T14:23:54+00:00\" \/>\n<meta property=\"og:image\" content=\"https:\/\/posgrados.fcecon.unr.edu.ar\/wp-content\/uploads\/2025\/02\/DSC_0888-2.jpg\" \/>\n\t<meta property=\"og:image:width\" content=\"1999\" \/>\n\t<meta property=\"og:image:height\" content=\"1334\" \/>\n\t<meta property=\"og:image:type\" content=\"image\/jpeg\" \/>\n<meta name=\"twitter:card\" content=\"summary_large_image\" \/>\n<meta name=\"twitter:label1\" content=\"Tiempo de lectura\" \/>\n\t<meta name=\"twitter:data1\" content=\"2 minutos\" \/>\n<script type=\"application\/ld+json\" class=\"yoast-schema-graph\">{\"@context\":\"https:\\\/\\\/schema.org\",\"@graph\":[{\"@type\":\"WebPage\",\"@id\":\"https:\\\/\\\/posgrados.fcecon.unr.edu.ar\\\/?page_id=28\",\"url\":\"https:\\\/\\\/posgrados.fcecon.unr.edu.ar\\\/?page_id=28\",\"name\":\"Posgrado FCEyE UNR - Secretar\u00eda de Posgrado y Formaci\u00f3n Continua FCEyE UNR\",\"isPartOf\":{\"@id\":\"https:\\\/\\\/posgrados.fcecon.unr.edu.ar\\\/#website\"},\"primaryImageOfPage\":{\"@id\":\"https:\\\/\\\/posgrados.fcecon.unr.edu.ar\\\/?page_id=28#primaryimage\"},\"image\":{\"@id\":\"https:\\\/\\\/posgrados.fcecon.unr.edu.ar\\\/?page_id=28#primaryimage\"},\"thumbnailUrl\":\"https:\\\/\\\/posgrados.fcecon.unr.edu.ar\\\/wp-content\\\/uploads\\\/2025\\\/02\\\/DSC_0888-2-1024x683.jpg\",\"datePublished\":\"2024-08-23T14:07:34+00:00\",\"dateModified\":\"2025-06-23T14:23:54+00:00\",\"breadcrumb\":{\"@id\":\"https:\\\/\\\/posgrados.fcecon.unr.edu.ar\\\/?page_id=28#breadcrumb\"},\"inLanguage\":\"es-AR\",\"potentialAction\":[{\"@type\":\"ReadAction\",\"target\":[\"https:\\\/\\\/posgrados.fcecon.unr.edu.ar\\\/?page_id=28\"]}]},{\"@type\":\"ImageObject\",\"inLanguage\":\"es-AR\",\"@id\":\"https:\\\/\\\/posgrados.fcecon.unr.edu.ar\\\/?page_id=28#primaryimage\",\"url\":\"https:\\\/\\\/posgrados.fcecon.unr.edu.ar\\\/wp-content\\\/uploads\\\/2025\\\/02\\\/DSC_0888-2.jpg\",\"contentUrl\":\"https:\\\/\\\/posgrados.fcecon.unr.edu.ar\\\/wp-content\\\/uploads\\\/2025\\\/02\\\/DSC_0888-2.jpg\",\"width\":1999,\"height\":1334},{\"@type\":\"BreadcrumbList\",\"@id\":\"https:\\\/\\\/posgrados.fcecon.unr.edu.ar\\\/?page_id=28#breadcrumb\",\"itemListElement\":[{\"@type\":\"ListItem\",\"position\":1,\"name\":\"Home\",\"item\":\"https:\\\/\\\/posgrados.fcecon.unr.edu.ar\\\/\"},{\"@type\":\"ListItem\",\"position\":2,\"name\":\"Posgrado FCEyE UNR\"}]},{\"@type\":\"WebSite\",\"@id\":\"https:\\\/\\\/posgrados.fcecon.unr.edu.ar\\\/#website\",\"url\":\"https:\\\/\\\/posgrados.fcecon.unr.edu.ar\\\/\",\"name\":\"Secretar\u00eda de Posgrado y Formaci\u00f3n Continua FCEyE UNR\",\"description\":\"Posgrado FCEyE UNR\",\"publisher\":{\"@id\":\"https:\\\/\\\/posgrados.fcecon.unr.edu.ar\\\/#organization\"},\"potentialAction\":[{\"@type\":\"SearchAction\",\"target\":{\"@type\":\"EntryPoint\",\"urlTemplate\":\"https:\\\/\\\/posgrados.fcecon.unr.edu.ar\\\/?s={search_term_string}\"},\"query-input\":{\"@type\":\"PropertyValueSpecification\",\"valueRequired\":true,\"valueName\":\"search_term_string\"}}],\"inLanguage\":\"es-AR\"},{\"@type\":\"Organization\",\"@id\":\"https:\\\/\\\/posgrados.fcecon.unr.edu.ar\\\/#organization\",\"name\":\"Secretar\u00eda de Posgrado y Formaci\u00f3n Continua FCEyE UNR\",\"url\":\"https:\\\/\\\/posgrados.fcecon.unr.edu.ar\\\/\",\"logo\":{\"@type\":\"ImageObject\",\"inLanguage\":\"es-AR\",\"@id\":\"https:\\\/\\\/posgrados.fcecon.unr.edu.ar\\\/#\\\/schema\\\/logo\\\/image\\\/\",\"url\":\"https:\\\/\\\/posgrados.fcecon.unr.edu.ar\\\/wp-content\\\/uploads\\\/2025\\\/03\\\/cropped-cropped-cropped-cropped-Diseno_sin_titulo__31_-removebg-preview.png\",\"contentUrl\":\"https:\\\/\\\/posgrados.fcecon.unr.edu.ar\\\/wp-content\\\/uploads\\\/2025\\\/03\\\/cropped-cropped-cropped-cropped-Diseno_sin_titulo__31_-removebg-preview.png\",\"width\":675,\"height\":88,\"caption\":\"Secretar\u00eda de Posgrado y Formaci\u00f3n Continua FCEyE UNR\"},\"image\":{\"@id\":\"https:\\\/\\\/posgrados.fcecon.unr.edu.ar\\\/#\\\/schema\\\/logo\\\/image\\\/\"}}]}<\/script>\n<!-- \/ Yoast SEO plugin. -->","yoast_head_json":{"title":"Posgrado FCEyE UNR - Secretar\u00eda de Posgrado y Formaci\u00f3n Continua FCEyE UNR","robots":{"index":"index","follow":"follow","max-snippet":"max-snippet:-1","max-image-preview":"max-image-preview:large","max-video-preview":"max-video-preview:-1"},"canonical":"https:\/\/posgrados.fcecon.unr.edu.ar\/?page_id=28","og_locale":"es_ES","og_type":"article","og_title":"Posgrado FCEyE UNR - Secretar\u00eda de Posgrado y Formaci\u00f3n Continua FCEyE UNR","og_description":"Ingreso Requisitos Admisi\u00f3n acad\u00e9mica Doctorados Disciplinares Equivalencias Requisitos T\u00edtulo Solicitud de t\u00edtulos de Posgrado","og_url":"https:\/\/posgrados.fcecon.unr.edu.ar\/?page_id=28","og_site_name":"Secretar\u00eda de Posgrado y Formaci\u00f3n Continua FCEyE UNR","article_modified_time":"2025-06-23T14:23:54+00:00","og_image":[{"width":1999,"height":1334,"url":"https:\/\/posgrados.fcecon.unr.edu.ar\/wp-content\/uploads\/2025\/02\/DSC_0888-2.jpg","type":"image\/jpeg"}],"twitter_card":"summary_large_image","twitter_misc":{"Tiempo de lectura":"2 minutos"},"schema":{"@context":"https:\/\/schema.org","@graph":[{"@type":"WebPage","@id":"https:\/\/posgrados.fcecon.unr.edu.ar\/?page_id=28","url":"https:\/\/posgrados.fcecon.unr.edu.ar\/?page_id=28","name":"Posgrado FCEyE UNR - Secretar\u00eda de Posgrado y Formaci\u00f3n Continua FCEyE UNR","isPartOf":{"@id":"https:\/\/posgrados.fcecon.unr.edu.ar\/#website"},"primaryImageOfPage":{"@id":"https:\/\/posgrados.fcecon.unr.edu.ar\/?page_id=28#primaryimage"},"image":{"@id":"https:\/\/posgrados.fcecon.unr.edu.ar\/?page_id=28#primaryimage"},"thumbnailUrl":"https:\/\/posgrados.fcecon.unr.edu.ar\/wp-content\/uploads\/2025\/02\/DSC_0888-2-1024x683.jpg","datePublished":"2024-08-23T14:07:34+00:00","dateModified":"2025-06-23T14:23:54+00:00","breadcrumb":{"@id":"https:\/\/posgrados.fcecon.unr.edu.ar\/?page_id=28#breadcrumb"},"inLanguage":"es-AR","potentialAction":[{"@type":"ReadAction","target":["https:\/\/posgrados.fcecon.unr.edu.ar\/?page_id=28"]}]},{"@type":"ImageObject","inLanguage":"es-AR","@id":"https:\/\/posgrados.fcecon.unr.edu.ar\/?page_id=28#primaryimage","url":"https:\/\/posgrados.fcecon.unr.edu.ar\/wp-content\/uploads\/2025\/02\/DSC_0888-2.jpg","contentUrl":"https:\/\/posgrados.fcecon.unr.edu.ar\/wp-content\/uploads\/2025\/02\/DSC_0888-2.jpg","width":1999,"height":1334},{"@type":"BreadcrumbList","@id":"https:\/\/posgrados.fcecon.unr.edu.ar\/?page_id=28#breadcrumb","itemListElement":[{"@type":"ListItem","position":1,"name":"Home","item":"https:\/\/posgrados.fcecon.unr.edu.ar\/"},{"@type":"ListItem","position":2,"name":"Posgrado FCEyE UNR"}]},{"@type":"WebSite","@id":"https:\/\/posgrados.fcecon.unr.edu.ar\/#website","url":"https:\/\/posgrados.fcecon.unr.edu.ar\/","name":"Secretar\u00eda de Posgrado y Formaci\u00f3n Continua FCEyE UNR","description":"Posgrado FCEyE UNR","publisher":{"@id":"https:\/\/posgrados.fcecon.unr.edu.ar\/#organization"},"potentialAction":[{"@type":"SearchAction","target":{"@type":"EntryPoint","urlTemplate":"https:\/\/posgrados.fcecon.unr.edu.ar\/?s={search_term_string}"},"query-input":{"@type":"PropertyValueSpecification","valueRequired":true,"valueName":"search_term_string"}}],"inLanguage":"es-AR"},{"@type":"Organization","@id":"https:\/\/posgrados.fcecon.unr.edu.ar\/#organization","name":"Secretar\u00eda de Posgrado y Formaci\u00f3n Continua FCEyE UNR","url":"https:\/\/posgrados.fcecon.unr.edu.ar\/","logo":{"@type":"ImageObject","inLanguage":"es-AR","@id":"https:\/\/posgrados.fcecon.unr.edu.ar\/#\/schema\/logo\/image\/","url":"https:\/\/posgrados.fcecon.unr.edu.ar\/wp-content\/uploads\/2025\/03\/cropped-cropped-cropped-cropped-Diseno_sin_titulo__31_-removebg-preview.png","contentUrl":"https:\/\/posgrados.fcecon.unr.edu.ar\/wp-content\/uploads\/2025\/03\/cropped-cropped-cropped-cropped-Diseno_sin_titulo__31_-removebg-preview.png","width":675,"height":88,"caption":"Secretar\u00eda de Posgrado y Formaci\u00f3n Continua FCEyE UNR"},"image":{"@id":"https:\/\/posgrados.fcecon.unr.edu.ar\/#\/schema\/logo\/image\/"}}]}},"_links":{"self":[{"href":"https:\/\/posgrados.fcecon.unr.edu.ar\/index.php?rest_route=\/wp\/v2\/pages\/28","targetHints":{"allow":["GET"]}}],"collection":[{"href":"https:\/\/posgrados.fcecon.unr.edu.ar\/index.php?rest_route=\/wp\/v2\/pages"}],"about":[{"href":"https:\/\/posgrados.fcecon.unr.edu.ar\/index.php?rest_route=\/wp\/v2\/types\/page"}],"author":[{"embeddable":true,"href":"https:\/\/posgrados.fcecon.unr.edu.ar\/index.php?rest_route=\/wp\/v2\/users\/2"}],"replies":[{"embeddable":true,"href":"https:\/\/posgrados.fcecon.unr.edu.ar\/index.php?rest_route=%2Fwp%2Fv2%2Fcomments&post=28"}],"version-history":[{"count":32,"href":"https:\/\/posgrados.fcecon.unr.edu.ar\/index.php?rest_route=\/wp\/v2\/pages\/28\/revisions"}],"predecessor-version":[{"id":1158,"href":"https:\/\/posgrados.fcecon.unr.edu.ar\/index.php?rest_route=\/wp\/v2\/pages\/28\/revisions\/1158"}],"wp:attachment":[{"href":"https:\/\/posgrados.fcecon.unr.edu.ar\/index.php?rest_route=%2Fwp%2Fv2%2Fmedia&parent=28"}],"curies":[{"name":"wp","href":"https:\/\/api.w.org\/{rel}","templated":true}]}}