{"id":278,"date":"2024-09-24T15:54:58","date_gmt":"2024-09-24T18:54:58","guid":{"rendered":"https:\/\/posgrados.fcecon.unr.edu.ar\/?page_id=278"},"modified":"2025-06-05T11:19:52","modified_gmt":"2025-06-05T14:19:52","slug":"gestion-de-empresas-agropecuarias","status":"publish","type":"page","link":"https:\/\/posgrados.fcecon.unr.edu.ar\/?page_id=278","title":{"rendered":"Gesti\u00f3n de Empresas Agropecuarias"},"content":{"rendered":"<p><strong>\u00bfQuer\u00e9s trabajar dentro del Agro y desarrollar todo tu potencial de crecimiento?<\/strong> Capacitate para obtener los conocimientos te\u00f3ricos, pr\u00e1cticos y actitudinales que te permitan abordar la gesti\u00f3n, el asesoramiento integral, el planeamiento estrat\u00e9gico y el control de una empresa agropecuaria.<\/p><p>\u2705 Cuerpo docente de excelencia<br>\u23f3 Programa de 360 horas<br>\ud83d\udcd1 T\u00edtulo: Especialista en Gesti\u00f3n de Emrpesas Agropecuarias &#8211; Acreditada por #CONEAU<br>\u2705 + de 100 a\u00f1os de prestigio &#8211; Facultad de Ciencias y Econ\u00f3micas y Estad\u00edstica UNR<br><br><strong>Directora: Mag. Silvina Marcolini <\/strong>| <a href=\"mailto:smarcoli@fcecon.unr.edu.ar\" target=\"_blank\" rel=\"noreferrer noopener\">Contacto<\/a> | smarcoli@fcecon.unr.edu.ar<strong><br>Coordinadora Acad\u00e9mica: Esp. Marisa Goytia<\/strong> | <a href=\"mailto:mgoytia@fcecon.unr.edu.ar\" target=\"_blank\" rel=\"noreferrer noopener\">Contacto<\/a> | mgoytia@fcecon.unr.edu.ar<\/p><p><\/p><div class=\"wp-block-columns is-layout-flex wp-container-core-columns-is-layout-9d6595d7 wp-block-columns-is-layout-flex\"><div class=\"wp-block-column is-layout-flow wp-block-column-is-layout-flow\" style=\"flex-basis:10%\"><\/div>\n\n<div class=\"wp-block-column is-layout-flow wp-block-column-is-layout-flow\"><figure class=\"wp-block-embed aligncenter is-type-video is-provider-youtube wp-block-embed-youtube wp-embed-aspect-16-9 wp-has-aspect-ratio\" style=\"margin-top:var(--wp--preset--spacing--40);margin-right:var(--wp--preset--spacing--60);margin-bottom:var(--wp--preset--spacing--40);margin-left:var(--wp--preset--spacing--60)\"><div class=\"wp-block-embed__wrapper\">\n<iframe loading=\"lazy\" title=\"Esp. en Gesti\u00f3n de Empresas Agropecuarias y la Maestr\u00eda en Gesti\u00f3n de Empresas Agropecuarias\" width=\"500\" height=\"281\" src=\"https:\/\/www.youtube.com\/embed\/nWQjlQ1yvd0?feature=oembed\" frameborder=\"0\" allow=\"accelerometer; autoplay; clipboard-write; encrypted-media; gyroscope; picture-in-picture; web-share\" referrerpolicy=\"strict-origin-when-cross-origin\" allowfullscreen><\/iframe>\n<\/div><\/figure><\/div>\n\n<div class=\"wp-block-column is-layout-flow wp-block-column-is-layout-flow\" style=\"flex-basis:10%\"><\/div><\/div><hr class=\"wp-block-separator has-alpha-channel-opacity is-style-wide\"\/><p><\/p><p><strong>OBJETIVOS<\/strong><\/p><p>El <strong>objetivo general de la carrera<\/strong> es el estudio de la administraci\u00f3n financiera y real y de los&nbsp;sistemas de control en el sector p\u00fablico nacional, provincial y municipal, abordando aspectos generales&nbsp;relativos al Estado, al gobierno en sus distintos niveles y a la administraci\u00f3n p\u00fablica. En tal sentido, se&nbsp;profundizan los aspectos espec\u00edficos relativos a los sistemas presupuestario, de tesorer\u00eda, contabilidad,&nbsp;cr\u00e9dito p\u00fablico, inversi\u00f3n p\u00fablica, contrataciones, administraci\u00f3n de bienes, de recursos humanos, as\u00ed&nbsp;como las instituciones y los mecanismos de control.<\/p><p>Su <strong>objetivo espec\u00edfico<\/strong> es formar profesionales altamente capacitados para la&nbsp;gesti\u00f3n financiera del sector p\u00fablico que cuenten con una perspectiva integradora que les permita&nbsp;contribuir al mejoramiento de la gesti\u00f3n gubernamental en todos sus niveles y a la consecuci\u00f3n los&nbsp;objetivos y metas del Estado en la forma m\u00e1s eficiente posible.<br>La Especializaci\u00f3n <strong>propone promover<\/strong> el an\u00e1lisis y el desarrollo de la gesti\u00f3n financiera gubernamental&nbsp;p\u00fablica como disciplina acad\u00e9mica de forma tal de jerarquizar su relevancia y realizar aportes sustanciales&nbsp;el fortalecimiento institucional y la modernizaci\u00f3n de los distintos niveles de gobierno.<\/p><p><strong>PERFIL DEL EGRESADO<\/strong><\/p><p>La carrera otorga un t\u00edtulo de posgrado con una s\u00f3lida formaci\u00f3n profesional en las \u00e1reas de la administraci\u00f3n, la contabilidad y la econom\u00eda enfocadas al sector.<\/p><p>El egresado estar\u00e1 capacitado para:<\/p><p>\u2022 Acompa\u00f1ar al empresario agropecuario en la gesti\u00f3n del negocio, utilizando las herramientas disponibles a nivel gerencial.<br>\u2022 Resolver problemas relacionados con las estrategias y pol\u00edticas comerciales y seleccionar la alternativa de comercializaci\u00f3n m\u00e1s adecuada para los productos.<br>\u2022 Contribuir al desarrollo y crecimiento de la peque\u00f1a, mediana y gran empresa agropecuaria en el contexto econ\u00f3mico imperante y dentro del marco jur\u00eddico del negocio.<br>\u2022 Contribuir a la elaboraci\u00f3n de informaci\u00f3n contable, tributaria y de gesti\u00f3n que sean determinantes en la toma de decisiones del productor rural.<br>\u2022 Desarrollar una planificaci\u00f3n tributaria acorde a la evoluci\u00f3n econ\u00f3mica y financiera de la empresa.<br>\u2022 Dise\u00f1ar, determinar y controlar los costos para la selecci\u00f3n de las estrategias de producci\u00f3n.<br>\u2022 Formular y evaluar proyectos de inversi\u00f3n relacionados con la actividad.<br>\u2022 Interactuar con otras profesiones del sector en pos de la planificaci\u00f3n, ejecuci\u00f3n y control de las actividades propias del negocio agropecuario.<br>\u2022 Tomar decisiones sobre la marcha del negocio, en un contexto cambiante y con informaci\u00f3n parcial.<br>\u2022 Valorar la importancia de la empresa rural en el desarrollo y crecimiento de la econom\u00eda nacional y regional.<\/p><div class=\"wp-block-columns is-layout-flex wp-container-core-columns-is-layout-9d6595d7 wp-block-columns-is-layout-flex\"><div class=\"wp-block-column is-layout-flow wp-block-column-is-layout-flow\" style=\"flex-basis:100%\"><div class=\"wp-block-buttons is-content-justification-center is-layout-flex wp-container-core-buttons-is-layout-16018d1d wp-block-buttons-is-layout-flex\"><div class=\"wp-block-button\"><a class=\"wp-block-button__link wp-element-button\" href=\"https:\/\/drive.google.com\/file\/d\/1wbtblnqVLSJqo4QuklnEx1fbX6XuBWkc\/view?usp=drive_link\" target=\"_blank\" rel=\"noreferrer noopener\"><strong>Descarg\u00e1 el Plan de Estudios<\/strong><\/a><\/div>\n\n<div class=\"wp-block-button\"><a class=\"wp-block-button__link wp-element-button\" href=\"mailto:smarcoli@fcecon.unr.edu.ar\" target=\"_blank\" rel=\"noreferrer noopener\"><strong>Contactanos<\/strong><\/a><\/div><\/div><\/div><\/div><p><\/p>","protected":false},"excerpt":{"rendered":"<p>\u00bfQuer\u00e9s trabajar dentro del Agro y desarrollar todo tu potencial de crecimiento? Capacitate para obtener los conocimientos te\u00f3ricos, pr\u00e1cticos y<span class=\"more-dots\">&#8230;<\/span><\/p>\n","protected":false},"author":2,"featured_media":0,"parent":0,"menu_order":0,"comment_status":"closed","ping_status":"closed","template":"","meta":{"footnotes":""},"class_list":["post-278","page","type-page","status-publish","hentry","no-post-thumbnail"],"yoast_head":"<!-- This site is optimized with the Yoast SEO plugin v27.4 - https:\/\/yoast.com\/product\/yoast-seo-wordpress\/ -->\n<title>Gesti\u00f3n de Empresas Agropecuarias - Secretar\u00eda de Posgrado y Formaci\u00f3n Continua FCEyE UNR<\/title>\n<meta name=\"robots\" content=\"index, follow, max-snippet:-1, max-image-preview:large, max-video-preview:-1\" \/>\n<link rel=\"canonical\" href=\"https:\/\/posgrados.fcecon.unr.edu.ar\/?page_id=278\" \/>\n<meta property=\"og:locale\" content=\"es_ES\" \/>\n<meta property=\"og:type\" content=\"article\" \/>\n<meta property=\"og:title\" content=\"Gesti\u00f3n de Empresas Agropecuarias - Secretar\u00eda de Posgrado y Formaci\u00f3n Continua FCEyE UNR\" \/>\n<meta property=\"og:description\" content=\"\u00bfQuer\u00e9s trabajar dentro del Agro y desarrollar todo tu potencial de crecimiento? Capacitate para obtener los conocimientos te\u00f3ricos, pr\u00e1cticos y...\" \/>\n<meta property=\"og:url\" content=\"https:\/\/posgrados.fcecon.unr.edu.ar\/?page_id=278\" \/>\n<meta property=\"og:site_name\" content=\"Secretar\u00eda de Posgrado y Formaci\u00f3n Continua FCEyE UNR\" \/>\n<meta property=\"article:modified_time\" content=\"2025-06-05T14:19:52+00:00\" \/>\n<meta name=\"twitter:card\" content=\"summary_large_image\" \/>\n<meta name=\"twitter:label1\" content=\"Tiempo de lectura\" \/>\n\t<meta name=\"twitter:data1\" content=\"3 minutos\" \/>\n<script type=\"application\/ld+json\" class=\"yoast-schema-graph\">{\"@context\":\"https:\\\/\\\/schema.org\",\"@graph\":[{\"@type\":\"WebPage\",\"@id\":\"https:\\\/\\\/posgrados.fcecon.unr.edu.ar\\\/?page_id=278\",\"url\":\"https:\\\/\\\/posgrados.fcecon.unr.edu.ar\\\/?page_id=278\",\"name\":\"Gesti\u00f3n de Empresas Agropecuarias - Secretar\u00eda de Posgrado y Formaci\u00f3n Continua FCEyE UNR\",\"isPartOf\":{\"@id\":\"https:\\\/\\\/posgrados.fcecon.unr.edu.ar\\\/#website\"},\"datePublished\":\"2024-09-24T18:54:58+00:00\",\"dateModified\":\"2025-06-05T14:19:52+00:00\",\"breadcrumb\":{\"@id\":\"https:\\\/\\\/posgrados.fcecon.unr.edu.ar\\\/?page_id=278#breadcrumb\"},\"inLanguage\":\"es-AR\",\"potentialAction\":[{\"@type\":\"ReadAction\",\"target\":[\"https:\\\/\\\/posgrados.fcecon.unr.edu.ar\\\/?page_id=278\"]}]},{\"@type\":\"BreadcrumbList\",\"@id\":\"https:\\\/\\\/posgrados.fcecon.unr.edu.ar\\\/?page_id=278#breadcrumb\",\"itemListElement\":[{\"@type\":\"ListItem\",\"position\":1,\"name\":\"Home\",\"item\":\"https:\\\/\\\/posgrados.fcecon.unr.edu.ar\\\/\"},{\"@type\":\"ListItem\",\"position\":2,\"name\":\"Gesti\u00f3n de Empresas Agropecuarias\"}]},{\"@type\":\"WebSite\",\"@id\":\"https:\\\/\\\/posgrados.fcecon.unr.edu.ar\\\/#website\",\"url\":\"https:\\\/\\\/posgrados.fcecon.unr.edu.ar\\\/\",\"name\":\"Secretar\u00eda de Posgrado y Formaci\u00f3n Continua FCEyE UNR\",\"description\":\"Posgrado FCEyE UNR\",\"publisher\":{\"@id\":\"https:\\\/\\\/posgrados.fcecon.unr.edu.ar\\\/#organization\"},\"potentialAction\":[{\"@type\":\"SearchAction\",\"target\":{\"@type\":\"EntryPoint\",\"urlTemplate\":\"https:\\\/\\\/posgrados.fcecon.unr.edu.ar\\\/?s={search_term_string}\"},\"query-input\":{\"@type\":\"PropertyValueSpecification\",\"valueRequired\":true,\"valueName\":\"search_term_string\"}}],\"inLanguage\":\"es-AR\"},{\"@type\":\"Organization\",\"@id\":\"https:\\\/\\\/posgrados.fcecon.unr.edu.ar\\\/#organization\",\"name\":\"Secretar\u00eda de Posgrado y Formaci\u00f3n Continua FCEyE UNR\",\"url\":\"https:\\\/\\\/posgrados.fcecon.unr.edu.ar\\\/\",\"logo\":{\"@type\":\"ImageObject\",\"inLanguage\":\"es-AR\",\"@id\":\"https:\\\/\\\/posgrados.fcecon.unr.edu.ar\\\/#\\\/schema\\\/logo\\\/image\\\/\",\"url\":\"https:\\\/\\\/posgrados.fcecon.unr.edu.ar\\\/wp-content\\\/uploads\\\/2025\\\/03\\\/cropped-cropped-cropped-cropped-Diseno_sin_titulo__31_-removebg-preview.png\",\"contentUrl\":\"https:\\\/\\\/posgrados.fcecon.unr.edu.ar\\\/wp-content\\\/uploads\\\/2025\\\/03\\\/cropped-cropped-cropped-cropped-Diseno_sin_titulo__31_-removebg-preview.png\",\"width\":675,\"height\":88,\"caption\":\"Secretar\u00eda de Posgrado y Formaci\u00f3n Continua FCEyE UNR\"},\"image\":{\"@id\":\"https:\\\/\\\/posgrados.fcecon.unr.edu.ar\\\/#\\\/schema\\\/logo\\\/image\\\/\"}}]}<\/script>\n<!-- \/ Yoast SEO plugin. -->","yoast_head_json":{"title":"Gesti\u00f3n de Empresas Agropecuarias - Secretar\u00eda de Posgrado y Formaci\u00f3n Continua FCEyE UNR","robots":{"index":"index","follow":"follow","max-snippet":"max-snippet:-1","max-image-preview":"max-image-preview:large","max-video-preview":"max-video-preview:-1"},"canonical":"https:\/\/posgrados.fcecon.unr.edu.ar\/?page_id=278","og_locale":"es_ES","og_type":"article","og_title":"Gesti\u00f3n de Empresas Agropecuarias - Secretar\u00eda de Posgrado y Formaci\u00f3n Continua FCEyE UNR","og_description":"\u00bfQuer\u00e9s trabajar dentro del Agro y desarrollar todo tu potencial de crecimiento? Capacitate para obtener los conocimientos te\u00f3ricos, pr\u00e1cticos y...","og_url":"https:\/\/posgrados.fcecon.unr.edu.ar\/?page_id=278","og_site_name":"Secretar\u00eda de Posgrado y Formaci\u00f3n Continua FCEyE UNR","article_modified_time":"2025-06-05T14:19:52+00:00","twitter_card":"summary_large_image","twitter_misc":{"Tiempo de lectura":"3 minutos"},"schema":{"@context":"https:\/\/schema.org","@graph":[{"@type":"WebPage","@id":"https:\/\/posgrados.fcecon.unr.edu.ar\/?page_id=278","url":"https:\/\/posgrados.fcecon.unr.edu.ar\/?page_id=278","name":"Gesti\u00f3n de Empresas Agropecuarias - Secretar\u00eda de Posgrado y Formaci\u00f3n Continua FCEyE UNR","isPartOf":{"@id":"https:\/\/posgrados.fcecon.unr.edu.ar\/#website"},"datePublished":"2024-09-24T18:54:58+00:00","dateModified":"2025-06-05T14:19:52+00:00","breadcrumb":{"@id":"https:\/\/posgrados.fcecon.unr.edu.ar\/?page_id=278#breadcrumb"},"inLanguage":"es-AR","potentialAction":[{"@type":"ReadAction","target":["https:\/\/posgrados.fcecon.unr.edu.ar\/?page_id=278"]}]},{"@type":"BreadcrumbList","@id":"https:\/\/posgrados.fcecon.unr.edu.ar\/?page_id=278#breadcrumb","itemListElement":[{"@type":"ListItem","position":1,"name":"Home","item":"https:\/\/posgrados.fcecon.unr.edu.ar\/"},{"@type":"ListItem","position":2,"name":"Gesti\u00f3n de Empresas Agropecuarias"}]},{"@type":"WebSite","@id":"https:\/\/posgrados.fcecon.unr.edu.ar\/#website","url":"https:\/\/posgrados.fcecon.unr.edu.ar\/","name":"Secretar\u00eda de Posgrado y Formaci\u00f3n Continua FCEyE UNR","description":"Posgrado FCEyE UNR","publisher":{"@id":"https:\/\/posgrados.fcecon.unr.edu.ar\/#organization"},"potentialAction":[{"@type":"SearchAction","target":{"@type":"EntryPoint","urlTemplate":"https:\/\/posgrados.fcecon.unr.edu.ar\/?s={search_term_string}"},"query-input":{"@type":"PropertyValueSpecification","valueRequired":true,"valueName":"search_term_string"}}],"inLanguage":"es-AR"},{"@type":"Organization","@id":"https:\/\/posgrados.fcecon.unr.edu.ar\/#organization","name":"Secretar\u00eda de Posgrado y Formaci\u00f3n Continua FCEyE UNR","url":"https:\/\/posgrados.fcecon.unr.edu.ar\/","logo":{"@type":"ImageObject","inLanguage":"es-AR","@id":"https:\/\/posgrados.fcecon.unr.edu.ar\/#\/schema\/logo\/image\/","url":"https:\/\/posgrados.fcecon.unr.edu.ar\/wp-content\/uploads\/2025\/03\/cropped-cropped-cropped-cropped-Diseno_sin_titulo__31_-removebg-preview.png","contentUrl":"https:\/\/posgrados.fcecon.unr.edu.ar\/wp-content\/uploads\/2025\/03\/cropped-cropped-cropped-cropped-Diseno_sin_titulo__31_-removebg-preview.png","width":675,"height":88,"caption":"Secretar\u00eda de Posgrado y Formaci\u00f3n Continua FCEyE UNR"},"image":{"@id":"https:\/\/posgrados.fcecon.unr.edu.ar\/#\/schema\/logo\/image\/"}}]}},"_links":{"self":[{"href":"https:\/\/posgrados.fcecon.unr.edu.ar\/index.php?rest_route=\/wp\/v2\/pages\/278","targetHints":{"allow":["GET"]}}],"collection":[{"href":"https:\/\/posgrados.fcecon.unr.edu.ar\/index.php?rest_route=\/wp\/v2\/pages"}],"about":[{"href":"https:\/\/posgrados.fcecon.unr.edu.ar\/index.php?rest_route=\/wp\/v2\/types\/page"}],"author":[{"embeddable":true,"href":"https:\/\/posgrados.fcecon.unr.edu.ar\/index.php?rest_route=\/wp\/v2\/users\/2"}],"replies":[{"embeddable":true,"href":"https:\/\/posgrados.fcecon.unr.edu.ar\/index.php?rest_route=%2Fwp%2Fv2%2Fcomments&post=278"}],"version-history":[{"count":15,"href":"https:\/\/posgrados.fcecon.unr.edu.ar\/index.php?rest_route=\/wp\/v2\/pages\/278\/revisions"}],"predecessor-version":[{"id":1048,"href":"https:\/\/posgrados.fcecon.unr.edu.ar\/index.php?rest_route=\/wp\/v2\/pages\/278\/revisions\/1048"}],"wp:attachment":[{"href":"https:\/\/posgrados.fcecon.unr.edu.ar\/index.php?rest_route=%2Fwp%2Fv2%2Fmedia&parent=278"}],"curies":[{"name":"wp","href":"https:\/\/api.w.org\/{rel}","templated":true}]}}