{"id":267,"date":"2024-09-24T15:15:22","date_gmt":"2024-09-24T18:15:22","guid":{"rendered":"https:\/\/posgrados.fcecon.unr.edu.ar\/?page_id=267"},"modified":"2025-06-05T11:17:04","modified_gmt":"2025-06-05T14:17:04","slug":"costos-y-gestion-empresarial","status":"publish","type":"page","link":"https:\/\/posgrados.fcecon.unr.edu.ar\/?page_id=267","title":{"rendered":"Costos y Gesti\u00f3n Empresarial"},"content":{"rendered":"<p><strong>Preparate para hacer frente al actual contexto de globalizaci\u00f3n, competencia y apertura de los mercados. <\/strong>Capacitate en el planeamiento, determinaci\u00f3n y control de los costos y otros indicadores de la gesti\u00f3n empresarial.<\/p><p>\u2705 Cuerpo docente de excelencia, con s\u00f3lidos conocimientos en el \u00e1rea de Costos Empresariales, Administraci\u00f3n Financiera y de los Sistemas de Control en el Sector P\u00fablico.<br>\u23f3 Programa de 360 horas, con un enfoque pr\u00e1ctico de 252 horas.<br>\ud83d\udcd1 T\u00edtulo: Especializaci\u00f3n &#8211; Acreditada por CONEAU s\/sesi\u00f3n 579<br>\u2705 + de 100 a\u00f1os de prestigio &#8211; Facultad de Ciencias y Econ\u00f3micas y Estad\u00edstica UNR<br><br><strong>Director: Esp.\u00a0Hern\u00e1n Pablo Zoff\u00a0<\/strong>| <a href=\"mailto:hernan.zoff@fcecon.unr.edu.ar\" target=\"_blank\" rel=\"noreferrer noopener\">Contacto<\/a> | hernan.zoff@fcecon.unr.edu.ar<\/p><p><\/p><div class=\"wp-block-columns is-layout-flex wp-container-core-columns-is-layout-9d6595d7 wp-block-columns-is-layout-flex\"><div class=\"wp-block-column is-layout-flow wp-block-column-is-layout-flow\" style=\"flex-basis:10%\"><\/div>\n\n<div class=\"wp-block-column is-layout-flow wp-block-column-is-layout-flow\"><figure class=\"wp-block-embed aligncenter is-type-video is-provider-youtube wp-block-embed-youtube wp-embed-aspect-16-9 wp-has-aspect-ratio\" style=\"margin-top:var(--wp--preset--spacing--40);margin-right:var(--wp--preset--spacing--60);margin-bottom:var(--wp--preset--spacing--40);margin-left:var(--wp--preset--spacing--60)\"><div class=\"wp-block-embed__wrapper\">\n<iframe loading=\"lazy\" title=\"Especializaci\u00f3n en Costos y Gesti\u00f3n Empresarial\" width=\"500\" height=\"281\" src=\"https:\/\/www.youtube.com\/embed\/r3u3O70MzYo?feature=oembed\" frameborder=\"0\" allow=\"accelerometer; autoplay; clipboard-write; encrypted-media; gyroscope; picture-in-picture; web-share\" referrerpolicy=\"strict-origin-when-cross-origin\" allowfullscreen><\/iframe>\n<\/div><\/figure><\/div>\n\n<div class=\"wp-block-column is-layout-flow wp-block-column-is-layout-flow\" style=\"flex-basis:10%\"><\/div><\/div><hr class=\"wp-block-separator has-alpha-channel-opacity is-style-wide\"\/><p><\/p><p><strong>OBJETIVOS<\/strong><\/p><p>&#8211; <strong>Comprender<\/strong> el estudio de los elementos de una teor\u00eda general de los costos y de los factores relevantes de&nbsp;car\u00e1cter t\u00e1ctico y estrat\u00e9gico vinculados con la gesti\u00f3n organizacional empresarial, incluyendo la&nbsp; profundizaci\u00f3n de los aspectos particulares de cada tipo de organizaci\u00f3n.<br><strong>&#8211; Formar profesionales <\/strong>con los conocimientos y herramientas necesarias para hacer frente al actual&nbsp; contexto de globalizaci\u00f3n, competencia y apertura de los mercados.<br><strong>-Capacitar en<\/strong> el planeamiento, determinaci\u00f3n y control de los costos y otros indicadores de la&nbsp; gesti\u00f3n empresarial. Profundizar conocimientos sobre estos temas permitir\u00e1 a nuestra comunidad&nbsp; adquirir una mirada m\u00e1s amplia en la asistencia en gesti\u00f3n empresarial y a su vez m\u00e1s focalizada y&nbsp; aguda en aspectos de planeamiento, determinaci\u00f3n, an\u00e1lisis y control de costos.<\/p><p><\/p><p><strong>PERFIL DEL EGRESADO<\/strong><\/p><p>El Especialista en Costos y Gesti\u00f3n Empresarial es un posgraduado capacitado en el&nbsp; planeamiento, determinaci\u00f3n, an\u00e1lisis y control de los costos y otros indicadores de la gesti\u00f3n&nbsp; empresarial en el marco de una actividad que simult\u00e1neamente requiere conocimientos y&nbsp; aptitudes para adoptar decisiones de car\u00e1cter estrat\u00e9gico y t\u00e1ctico.<br>Tiene capacidad para dise\u00f1ar, determinar, analizar y controlar los costos en el marco de la&nbsp; contabilidad de gesti\u00f3n, as\u00ed como utilizar las informaciones vinculadas con distintas alternativas&nbsp; conforme a diferentes estrategias de competitividad y crecimiento empresarial.<br>Tiene una actitud cr\u00edtica y flexible que le permite reconocer la necesidad de actualizaci\u00f3n&nbsp; permanente de los conocimientos e intervenir en equipos interdisciplinarios.<\/p><div class=\"wp-block-columns is-layout-flex wp-container-core-columns-is-layout-9d6595d7 wp-block-columns-is-layout-flex\"><div class=\"wp-block-column is-layout-flow wp-block-column-is-layout-flow\" style=\"flex-basis:100%\"><div class=\"wp-block-buttons is-content-justification-center is-layout-flex wp-container-core-buttons-is-layout-16018d1d wp-block-buttons-is-layout-flex\"><div class=\"wp-block-button\"><a class=\"wp-block-button__link wp-element-button\" href=\"https:\/\/drive.google.com\/file\/d\/1p85Pji3du2TBRYsKEMg4bsvrLqpjP42J\/view?usp=sharing\" target=\"_blank\" rel=\"noreferrer noopener\">Descarg\u00e1 el Plan de Estudios<\/a><\/div>\n\n<div class=\"wp-block-button\"><a class=\"wp-block-button__link wp-element-button\" href=\"mailto:hernan.zoff@fcecon.unr.edu.ar\" target=\"_blank\" rel=\"noreferrer noopener\">Contactanos<\/a><\/div><\/div><\/div><\/div><p><\/p>","protected":false},"excerpt":{"rendered":"<p>Preparate para hacer frente al actual contexto de globalizaci\u00f3n, competencia y apertura de los mercados. Capacitate en el planeamiento, determinaci\u00f3n<span class=\"more-dots\">&#8230;<\/span><\/p>\n","protected":false},"author":2,"featured_media":0,"parent":0,"menu_order":0,"comment_status":"closed","ping_status":"closed","template":"","meta":{"footnotes":""},"class_list":["post-267","page","type-page","status-publish","hentry","no-post-thumbnail"],"yoast_head":"<!-- This site is optimized with the Yoast SEO plugin v27.4 - https:\/\/yoast.com\/product\/yoast-seo-wordpress\/ -->\n<title>Costos y Gesti\u00f3n Empresarial - Secretar\u00eda de Posgrado y Formaci\u00f3n Continua FCEyE UNR<\/title>\n<meta name=\"robots\" content=\"index, follow, max-snippet:-1, max-image-preview:large, max-video-preview:-1\" \/>\n<link rel=\"canonical\" href=\"https:\/\/posgrados.fcecon.unr.edu.ar\/?page_id=267\" \/>\n<meta property=\"og:locale\" content=\"es_ES\" \/>\n<meta property=\"og:type\" content=\"article\" \/>\n<meta property=\"og:title\" content=\"Costos y Gesti\u00f3n Empresarial - Secretar\u00eda de Posgrado y Formaci\u00f3n Continua FCEyE UNR\" \/>\n<meta property=\"og:description\" content=\"Preparate para hacer frente al actual contexto de globalizaci\u00f3n, competencia y apertura de los mercados. Capacitate en el planeamiento, determinaci\u00f3n...\" \/>\n<meta property=\"og:url\" content=\"https:\/\/posgrados.fcecon.unr.edu.ar\/?page_id=267\" \/>\n<meta property=\"og:site_name\" content=\"Secretar\u00eda de Posgrado y Formaci\u00f3n Continua FCEyE UNR\" \/>\n<meta property=\"article:modified_time\" content=\"2025-06-05T14:17:04+00:00\" \/>\n<meta name=\"twitter:card\" content=\"summary_large_image\" \/>\n<meta name=\"twitter:label1\" content=\"Tiempo de lectura\" \/>\n\t<meta name=\"twitter:data1\" content=\"2 minutos\" \/>\n<script type=\"application\/ld+json\" class=\"yoast-schema-graph\">{\"@context\":\"https:\\\/\\\/schema.org\",\"@graph\":[{\"@type\":\"WebPage\",\"@id\":\"https:\\\/\\\/posgrados.fcecon.unr.edu.ar\\\/?page_id=267\",\"url\":\"https:\\\/\\\/posgrados.fcecon.unr.edu.ar\\\/?page_id=267\",\"name\":\"Costos y Gesti\u00f3n Empresarial - Secretar\u00eda de Posgrado y Formaci\u00f3n Continua FCEyE UNR\",\"isPartOf\":{\"@id\":\"https:\\\/\\\/posgrados.fcecon.unr.edu.ar\\\/#website\"},\"datePublished\":\"2024-09-24T18:15:22+00:00\",\"dateModified\":\"2025-06-05T14:17:04+00:00\",\"breadcrumb\":{\"@id\":\"https:\\\/\\\/posgrados.fcecon.unr.edu.ar\\\/?page_id=267#breadcrumb\"},\"inLanguage\":\"es-AR\",\"potentialAction\":[{\"@type\":\"ReadAction\",\"target\":[\"https:\\\/\\\/posgrados.fcecon.unr.edu.ar\\\/?page_id=267\"]}]},{\"@type\":\"BreadcrumbList\",\"@id\":\"https:\\\/\\\/posgrados.fcecon.unr.edu.ar\\\/?page_id=267#breadcrumb\",\"itemListElement\":[{\"@type\":\"ListItem\",\"position\":1,\"name\":\"Home\",\"item\":\"https:\\\/\\\/posgrados.fcecon.unr.edu.ar\\\/\"},{\"@type\":\"ListItem\",\"position\":2,\"name\":\"Costos y Gesti\u00f3n Empresarial\"}]},{\"@type\":\"WebSite\",\"@id\":\"https:\\\/\\\/posgrados.fcecon.unr.edu.ar\\\/#website\",\"url\":\"https:\\\/\\\/posgrados.fcecon.unr.edu.ar\\\/\",\"name\":\"Secretar\u00eda de Posgrado y Formaci\u00f3n Continua FCEyE UNR\",\"description\":\"Posgrado FCEyE UNR\",\"publisher\":{\"@id\":\"https:\\\/\\\/posgrados.fcecon.unr.edu.ar\\\/#organization\"},\"potentialAction\":[{\"@type\":\"SearchAction\",\"target\":{\"@type\":\"EntryPoint\",\"urlTemplate\":\"https:\\\/\\\/posgrados.fcecon.unr.edu.ar\\\/?s={search_term_string}\"},\"query-input\":{\"@type\":\"PropertyValueSpecification\",\"valueRequired\":true,\"valueName\":\"search_term_string\"}}],\"inLanguage\":\"es-AR\"},{\"@type\":\"Organization\",\"@id\":\"https:\\\/\\\/posgrados.fcecon.unr.edu.ar\\\/#organization\",\"name\":\"Secretar\u00eda de Posgrado y Formaci\u00f3n Continua FCEyE UNR\",\"url\":\"https:\\\/\\\/posgrados.fcecon.unr.edu.ar\\\/\",\"logo\":{\"@type\":\"ImageObject\",\"inLanguage\":\"es-AR\",\"@id\":\"https:\\\/\\\/posgrados.fcecon.unr.edu.ar\\\/#\\\/schema\\\/logo\\\/image\\\/\",\"url\":\"https:\\\/\\\/posgrados.fcecon.unr.edu.ar\\\/wp-content\\\/uploads\\\/2025\\\/03\\\/cropped-cropped-cropped-cropped-Diseno_sin_titulo__31_-removebg-preview.png\",\"contentUrl\":\"https:\\\/\\\/posgrados.fcecon.unr.edu.ar\\\/wp-content\\\/uploads\\\/2025\\\/03\\\/cropped-cropped-cropped-cropped-Diseno_sin_titulo__31_-removebg-preview.png\",\"width\":675,\"height\":88,\"caption\":\"Secretar\u00eda de Posgrado y Formaci\u00f3n Continua FCEyE UNR\"},\"image\":{\"@id\":\"https:\\\/\\\/posgrados.fcecon.unr.edu.ar\\\/#\\\/schema\\\/logo\\\/image\\\/\"}}]}<\/script>\n<!-- \/ Yoast SEO plugin. -->","yoast_head_json":{"title":"Costos y Gesti\u00f3n Empresarial - Secretar\u00eda de Posgrado y Formaci\u00f3n Continua FCEyE UNR","robots":{"index":"index","follow":"follow","max-snippet":"max-snippet:-1","max-image-preview":"max-image-preview:large","max-video-preview":"max-video-preview:-1"},"canonical":"https:\/\/posgrados.fcecon.unr.edu.ar\/?page_id=267","og_locale":"es_ES","og_type":"article","og_title":"Costos y Gesti\u00f3n Empresarial - Secretar\u00eda de Posgrado y Formaci\u00f3n Continua FCEyE UNR","og_description":"Preparate para hacer frente al actual contexto de globalizaci\u00f3n, competencia y apertura de los mercados. Capacitate en el planeamiento, determinaci\u00f3n...","og_url":"https:\/\/posgrados.fcecon.unr.edu.ar\/?page_id=267","og_site_name":"Secretar\u00eda de Posgrado y Formaci\u00f3n Continua FCEyE UNR","article_modified_time":"2025-06-05T14:17:04+00:00","twitter_card":"summary_large_image","twitter_misc":{"Tiempo de lectura":"2 minutos"},"schema":{"@context":"https:\/\/schema.org","@graph":[{"@type":"WebPage","@id":"https:\/\/posgrados.fcecon.unr.edu.ar\/?page_id=267","url":"https:\/\/posgrados.fcecon.unr.edu.ar\/?page_id=267","name":"Costos y Gesti\u00f3n Empresarial - Secretar\u00eda de Posgrado y Formaci\u00f3n Continua FCEyE UNR","isPartOf":{"@id":"https:\/\/posgrados.fcecon.unr.edu.ar\/#website"},"datePublished":"2024-09-24T18:15:22+00:00","dateModified":"2025-06-05T14:17:04+00:00","breadcrumb":{"@id":"https:\/\/posgrados.fcecon.unr.edu.ar\/?page_id=267#breadcrumb"},"inLanguage":"es-AR","potentialAction":[{"@type":"ReadAction","target":["https:\/\/posgrados.fcecon.unr.edu.ar\/?page_id=267"]}]},{"@type":"BreadcrumbList","@id":"https:\/\/posgrados.fcecon.unr.edu.ar\/?page_id=267#breadcrumb","itemListElement":[{"@type":"ListItem","position":1,"name":"Home","item":"https:\/\/posgrados.fcecon.unr.edu.ar\/"},{"@type":"ListItem","position":2,"name":"Costos y Gesti\u00f3n Empresarial"}]},{"@type":"WebSite","@id":"https:\/\/posgrados.fcecon.unr.edu.ar\/#website","url":"https:\/\/posgrados.fcecon.unr.edu.ar\/","name":"Secretar\u00eda de Posgrado y Formaci\u00f3n Continua FCEyE UNR","description":"Posgrado FCEyE UNR","publisher":{"@id":"https:\/\/posgrados.fcecon.unr.edu.ar\/#organization"},"potentialAction":[{"@type":"SearchAction","target":{"@type":"EntryPoint","urlTemplate":"https:\/\/posgrados.fcecon.unr.edu.ar\/?s={search_term_string}"},"query-input":{"@type":"PropertyValueSpecification","valueRequired":true,"valueName":"search_term_string"}}],"inLanguage":"es-AR"},{"@type":"Organization","@id":"https:\/\/posgrados.fcecon.unr.edu.ar\/#organization","name":"Secretar\u00eda de Posgrado y Formaci\u00f3n Continua FCEyE UNR","url":"https:\/\/posgrados.fcecon.unr.edu.ar\/","logo":{"@type":"ImageObject","inLanguage":"es-AR","@id":"https:\/\/posgrados.fcecon.unr.edu.ar\/#\/schema\/logo\/image\/","url":"https:\/\/posgrados.fcecon.unr.edu.ar\/wp-content\/uploads\/2025\/03\/cropped-cropped-cropped-cropped-Diseno_sin_titulo__31_-removebg-preview.png","contentUrl":"https:\/\/posgrados.fcecon.unr.edu.ar\/wp-content\/uploads\/2025\/03\/cropped-cropped-cropped-cropped-Diseno_sin_titulo__31_-removebg-preview.png","width":675,"height":88,"caption":"Secretar\u00eda de Posgrado y Formaci\u00f3n Continua FCEyE UNR"},"image":{"@id":"https:\/\/posgrados.fcecon.unr.edu.ar\/#\/schema\/logo\/image\/"}}]}},"_links":{"self":[{"href":"https:\/\/posgrados.fcecon.unr.edu.ar\/index.php?rest_route=\/wp\/v2\/pages\/267","targetHints":{"allow":["GET"]}}],"collection":[{"href":"https:\/\/posgrados.fcecon.unr.edu.ar\/index.php?rest_route=\/wp\/v2\/pages"}],"about":[{"href":"https:\/\/posgrados.fcecon.unr.edu.ar\/index.php?rest_route=\/wp\/v2\/types\/page"}],"author":[{"embeddable":true,"href":"https:\/\/posgrados.fcecon.unr.edu.ar\/index.php?rest_route=\/wp\/v2\/users\/2"}],"replies":[{"embeddable":true,"href":"https:\/\/posgrados.fcecon.unr.edu.ar\/index.php?rest_route=%2Fwp%2Fv2%2Fcomments&post=267"}],"version-history":[{"count":14,"href":"https:\/\/posgrados.fcecon.unr.edu.ar\/index.php?rest_route=\/wp\/v2\/pages\/267\/revisions"}],"predecessor-version":[{"id":1045,"href":"https:\/\/posgrados.fcecon.unr.edu.ar\/index.php?rest_route=\/wp\/v2\/pages\/267\/revisions\/1045"}],"wp:attachment":[{"href":"https:\/\/posgrados.fcecon.unr.edu.ar\/index.php?rest_route=%2Fwp%2Fv2%2Fmedia&parent=267"}],"curies":[{"name":"wp","href":"https:\/\/api.w.org\/{rel}","templated":true}]}}