{"id":265,"date":"2024-09-24T15:05:32","date_gmt":"2024-09-24T18:05:32","guid":{"rendered":"https:\/\/posgrados.fcecon.unr.edu.ar\/?page_id=265"},"modified":"2025-06-30T14:57:03","modified_gmt":"2025-06-30T17:57:03","slug":"administracion-y-contabilidad-publica","status":"publish","type":"page","link":"https:\/\/posgrados.fcecon.unr.edu.ar\/?page_id=265","title":{"rendered":"Administraci\u00f3n y Contabilidad P\u00fablica"},"content":{"rendered":"<p><strong>\u00bfTe interesa la Gesti\u00f3n Financiera Gubernamental?<\/strong> Esta especializaci\u00f3n es para vos.<\/p><p>\u2705 Cuerpo docente de excelencia con s\u00f3lidos conocimientos en el \u00e1rea de la administraci\u00f3n financiera y de los sistemas de control en el sector p\u00fablico.<br>\u23f3 Duraci\u00f3n: 1 a\u00f1o y medio<br>\ud83d\udcdd Participaci\u00f3n requerida: un 75% por materia.<br>\ud83d\uddd3\ufe0f D\u00edas de cursado: viernes de 18 a 22 y s\u00e1bados de 9 a 13 (seg\u00fan calendario que comunicaremos oportunamente)<br>\ud83d\udcd1 T\u00edtulo: <strong><a href=\"https:\/\/eacp.fcecon.unr.edu.ar\/oferta-academica\/#esp-adm\" target=\"_blank\" rel=\"noreferrer noopener\">Especialista en Administraci\u00f3n y Contabilidad P\u00fablica<\/a><\/strong> &#8211; Acreditada por CONEAU S\/Res. 132\/20<br>\u2705 + de 100 a\u00f1os de prestigio &#8211; Facultad de Ciencias Econ\u00f3micas y Estad\u00edstica UNR<br><br><strong>Director: Mag. Javier Eduardo Ganem | <\/strong><a href=\"mailto:jganem@fcecon.unr.edu.ar\" target=\"_blank\" rel=\"noreferrer noopener\">Contacto<\/a><strong> <\/strong>| jganem@fcecon.unr.edu.ar<strong><br>Coordinador Acad\u00e9mico: Mag. Jorge Hern\u00e1n Sim\u00f3n<\/strong> | <a href=\"mailto:clases.publica@fcecon.unr.edu.ar\" target=\"_blank\" rel=\"noreferrer noopener\">Contacto<\/a> | clases.publica@fcecon.unr.edu.ar<\/p><p><\/p><div class=\"wp-block-columns is-layout-flex wp-container-core-columns-is-layout-9d6595d7 wp-block-columns-is-layout-flex\"><div class=\"wp-block-column is-layout-flow wp-block-column-is-layout-flow\" style=\"flex-basis:10%\"><\/div>\n\n<div class=\"wp-block-column is-layout-flow wp-block-column-is-layout-flow\"><figure class=\"wp-block-embed aligncenter is-type-video is-provider-youtube wp-block-embed-youtube wp-embed-aspect-16-9 wp-has-aspect-ratio\" style=\"margin-top:var(--wp--preset--spacing--40);margin-right:var(--wp--preset--spacing--60);margin-bottom:var(--wp--preset--spacing--40);margin-left:var(--wp--preset--spacing--60)\"><div class=\"wp-block-embed__wrapper\">\n<iframe loading=\"lazy\" title=\"Especializaci\u00f3n en Administraci\u00f3n y Contabilidad P\u00fablica\" width=\"500\" height=\"281\" src=\"https:\/\/www.youtube.com\/embed\/FS8V7EY1x00?feature=oembed\" frameborder=\"0\" allow=\"accelerometer; autoplay; clipboard-write; encrypted-media; gyroscope; picture-in-picture; web-share\" referrerpolicy=\"strict-origin-when-cross-origin\" allowfullscreen><\/iframe>\n<\/div><\/figure><\/div>\n\n<div class=\"wp-block-column is-layout-flow wp-block-column-is-layout-flow\" style=\"flex-basis:10%\"><\/div><\/div><hr class=\"wp-block-separator has-alpha-channel-opacity is-style-wide\"\/><p><\/p><p><strong>OBJETIVOS<\/strong><br><\/p><p>El <strong>objetivo general de la carrera<\/strong> es el estudio de la administraci\u00f3n financiera y real y de los&nbsp;sistemas de control en el sector p\u00fablico nacional, provincial y municipal, abordando aspectos generales&nbsp;relativos al Estado, al gobierno en sus distintos niveles y a la administraci\u00f3n p\u00fablica. En tal sentido, se&nbsp;profundizan los aspectos espec\u00edficos relativos a los sistemas presupuestario, de tesorer\u00eda, contabilidad,&nbsp;cr\u00e9dito p\u00fablico, inversi\u00f3n p\u00fablica, contrataciones, administraci\u00f3n de bienes, de recursos humanos, as\u00ed&nbsp;como las instituciones y los mecanismos de control.<\/p><p>Su <strong>objetivo espec\u00edfico<\/strong> es formar profesionales altamente capacitados para la&nbsp;gesti\u00f3n financiera del sector p\u00fablico que cuenten con una perspectiva integradora que les permita&nbsp;contribuir al mejoramiento de la gesti\u00f3n gubernamental en todos sus niveles y a la consecuci\u00f3n los&nbsp;objetivos y metas del Estado en la forma m\u00e1s eficiente posible.<\/p><p>La Especializaci\u00f3n <strong>propone promover<\/strong> el an\u00e1lisis y el desarrollo de la gesti\u00f3n financiera gubernamental&nbsp;p\u00fablica como disciplina acad\u00e9mica de forma tal de jerarquizar su relevancia y realizar aportes sustanciales&nbsp;el fortalecimiento institucional y la modernizaci\u00f3n de los distintos niveles de gobierno.<\/p><p><strong>PERFIL DEL EGRESADO<\/strong><\/p><p>El Especialista en Administraci\u00f3n y Contabilidad P\u00fablica es un posgraduado con s\u00f3lidos&nbsp;conocimientos en el \u00e1rea de la administraci\u00f3n financiera y de los sistemas de control en el sector p\u00fablico&nbsp;nacional, provincial y municipal, capacitado para desempe\u00f1ar su labor en dichos \u00e1mbitos en niveles de alta&nbsp;responsabilidad contribuyendo al logro de una gesti\u00f3n p\u00fablica de alta eficiencia y calidad.&nbsp;<br>El equilibrio entre los conocimientos te\u00f3ricos y pr\u00e1cticos impartidos, as\u00ed como la formaci\u00f3n&nbsp;general y espec\u00edfica recibida, le permitir\u00e1 al graduado: asesorar, participar en equipos interdisciplinarios&nbsp;y tomar decisiones acerca del dise\u00f1o, ejecuci\u00f3n y control de las pol\u00edticas p\u00fablicas.<\/p><div class=\"wp-block-columns is-layout-flex wp-container-core-columns-is-layout-9d6595d7 wp-block-columns-is-layout-flex\"><div class=\"wp-block-column is-layout-flow wp-block-column-is-layout-flow\" style=\"flex-basis:100%\"><div class=\"wp-block-buttons is-content-justification-center is-layout-flex wp-container-core-buttons-is-layout-16018d1d wp-block-buttons-is-layout-flex\"><div class=\"wp-block-button\"><a class=\"wp-block-button__link wp-element-button\" href=\"https:\/\/drive.google.com\/file\/d\/1ggoSnAYvRrhgeOsAcHor8qncABspxqo3\/view?usp=sharing\" target=\"_blank\" rel=\"noreferrer noopener\">Descarg\u00e1 el Plan de Estudios<\/a><\/div>\n\n<div class=\"wp-block-button\"><a class=\"wp-block-button__link wp-element-button\" href=\"mailto:jganem@fcecon.unr.edu.ar\" target=\"_blank\" rel=\"noreferrer noopener\">Contactanos<\/a><\/div><\/div><\/div><\/div><p><\/p>","protected":false},"excerpt":{"rendered":"<p>\u00bfTe interesa la Gesti\u00f3n Financiera Gubernamental? Esta especializaci\u00f3n es para vos. \u2705 Cuerpo docente de excelencia con s\u00f3lidos conocimientos en<span class=\"more-dots\">&#8230;<\/span><\/p>\n","protected":false},"author":2,"featured_media":0,"parent":0,"menu_order":0,"comment_status":"closed","ping_status":"closed","template":"","meta":{"footnotes":""},"class_list":["post-265","page","type-page","status-publish","hentry","no-post-thumbnail"],"yoast_head":"<!-- This site is optimized with the Yoast SEO plugin v27.5 - https:\/\/yoast.com\/product\/yoast-seo-wordpress\/ -->\n<title>Administraci\u00f3n y Contabilidad P\u00fablica - Secretar\u00eda de Posgrado y Formaci\u00f3n Continua FCEyE UNR<\/title>\n<meta name=\"robots\" content=\"index, follow, max-snippet:-1, max-image-preview:large, max-video-preview:-1\" \/>\n<link rel=\"canonical\" href=\"https:\/\/posgrados.fcecon.unr.edu.ar\/?page_id=265\" \/>\n<meta property=\"og:locale\" content=\"es_ES\" \/>\n<meta property=\"og:type\" content=\"article\" \/>\n<meta property=\"og:title\" content=\"Administraci\u00f3n y Contabilidad P\u00fablica - Secretar\u00eda de Posgrado y Formaci\u00f3n Continua FCEyE UNR\" \/>\n<meta property=\"og:description\" content=\"\u00bfTe interesa la Gesti\u00f3n Financiera Gubernamental? Esta especializaci\u00f3n es para vos. \u2705 Cuerpo docente de excelencia con s\u00f3lidos conocimientos en...\" \/>\n<meta property=\"og:url\" content=\"https:\/\/posgrados.fcecon.unr.edu.ar\/?page_id=265\" \/>\n<meta property=\"og:site_name\" content=\"Secretar\u00eda de Posgrado y Formaci\u00f3n Continua FCEyE UNR\" \/>\n<meta property=\"article:modified_time\" content=\"2025-06-30T17:57:03+00:00\" \/>\n<meta name=\"twitter:card\" content=\"summary_large_image\" \/>\n<meta name=\"twitter:label1\" content=\"Tiempo de lectura\" \/>\n\t<meta name=\"twitter:data1\" content=\"2 minutos\" \/>\n<script type=\"application\/ld+json\" class=\"yoast-schema-graph\">{\"@context\":\"https:\\\/\\\/schema.org\",\"@graph\":[{\"@type\":\"WebPage\",\"@id\":\"https:\\\/\\\/posgrados.fcecon.unr.edu.ar\\\/?page_id=265\",\"url\":\"https:\\\/\\\/posgrados.fcecon.unr.edu.ar\\\/?page_id=265\",\"name\":\"Administraci\u00f3n y Contabilidad P\u00fablica - Secretar\u00eda de Posgrado y Formaci\u00f3n Continua FCEyE UNR\",\"isPartOf\":{\"@id\":\"https:\\\/\\\/posgrados.fcecon.unr.edu.ar\\\/#website\"},\"datePublished\":\"2024-09-24T18:05:32+00:00\",\"dateModified\":\"2025-06-30T17:57:03+00:00\",\"breadcrumb\":{\"@id\":\"https:\\\/\\\/posgrados.fcecon.unr.edu.ar\\\/?page_id=265#breadcrumb\"},\"inLanguage\":\"es-AR\",\"potentialAction\":[{\"@type\":\"ReadAction\",\"target\":[\"https:\\\/\\\/posgrados.fcecon.unr.edu.ar\\\/?page_id=265\"]}]},{\"@type\":\"BreadcrumbList\",\"@id\":\"https:\\\/\\\/posgrados.fcecon.unr.edu.ar\\\/?page_id=265#breadcrumb\",\"itemListElement\":[{\"@type\":\"ListItem\",\"position\":1,\"name\":\"Home\",\"item\":\"https:\\\/\\\/posgrados.fcecon.unr.edu.ar\\\/\"},{\"@type\":\"ListItem\",\"position\":2,\"name\":\"Administraci\u00f3n y Contabilidad P\u00fablica\"}]},{\"@type\":\"WebSite\",\"@id\":\"https:\\\/\\\/posgrados.fcecon.unr.edu.ar\\\/#website\",\"url\":\"https:\\\/\\\/posgrados.fcecon.unr.edu.ar\\\/\",\"name\":\"Secretar\u00eda de Posgrado y Formaci\u00f3n Continua FCEyE UNR\",\"description\":\"Posgrado FCEyE UNR\",\"publisher\":{\"@id\":\"https:\\\/\\\/posgrados.fcecon.unr.edu.ar\\\/#organization\"},\"potentialAction\":[{\"@type\":\"SearchAction\",\"target\":{\"@type\":\"EntryPoint\",\"urlTemplate\":\"https:\\\/\\\/posgrados.fcecon.unr.edu.ar\\\/?s={search_term_string}\"},\"query-input\":{\"@type\":\"PropertyValueSpecification\",\"valueRequired\":true,\"valueName\":\"search_term_string\"}}],\"inLanguage\":\"es-AR\"},{\"@type\":\"Organization\",\"@id\":\"https:\\\/\\\/posgrados.fcecon.unr.edu.ar\\\/#organization\",\"name\":\"Secretar\u00eda de Posgrado y Formaci\u00f3n Continua FCEyE UNR\",\"url\":\"https:\\\/\\\/posgrados.fcecon.unr.edu.ar\\\/\",\"logo\":{\"@type\":\"ImageObject\",\"inLanguage\":\"es-AR\",\"@id\":\"https:\\\/\\\/posgrados.fcecon.unr.edu.ar\\\/#\\\/schema\\\/logo\\\/image\\\/\",\"url\":\"https:\\\/\\\/posgrados.fcecon.unr.edu.ar\\\/wp-content\\\/uploads\\\/2025\\\/03\\\/cropped-cropped-cropped-cropped-Diseno_sin_titulo__31_-removebg-preview.png\",\"contentUrl\":\"https:\\\/\\\/posgrados.fcecon.unr.edu.ar\\\/wp-content\\\/uploads\\\/2025\\\/03\\\/cropped-cropped-cropped-cropped-Diseno_sin_titulo__31_-removebg-preview.png\",\"width\":675,\"height\":88,\"caption\":\"Secretar\u00eda de Posgrado y Formaci\u00f3n Continua FCEyE UNR\"},\"image\":{\"@id\":\"https:\\\/\\\/posgrados.fcecon.unr.edu.ar\\\/#\\\/schema\\\/logo\\\/image\\\/\"}}]}<\/script>\n<!-- \/ Yoast SEO plugin. -->","yoast_head_json":{"title":"Administraci\u00f3n y Contabilidad P\u00fablica - Secretar\u00eda de Posgrado y Formaci\u00f3n Continua FCEyE UNR","robots":{"index":"index","follow":"follow","max-snippet":"max-snippet:-1","max-image-preview":"max-image-preview:large","max-video-preview":"max-video-preview:-1"},"canonical":"https:\/\/posgrados.fcecon.unr.edu.ar\/?page_id=265","og_locale":"es_ES","og_type":"article","og_title":"Administraci\u00f3n y Contabilidad P\u00fablica - Secretar\u00eda de Posgrado y Formaci\u00f3n Continua FCEyE UNR","og_description":"\u00bfTe interesa la Gesti\u00f3n Financiera Gubernamental? Esta especializaci\u00f3n es para vos. \u2705 Cuerpo docente de excelencia con s\u00f3lidos conocimientos en...","og_url":"https:\/\/posgrados.fcecon.unr.edu.ar\/?page_id=265","og_site_name":"Secretar\u00eda de Posgrado y Formaci\u00f3n Continua FCEyE UNR","article_modified_time":"2025-06-30T17:57:03+00:00","twitter_card":"summary_large_image","twitter_misc":{"Tiempo de lectura":"2 minutos"},"schema":{"@context":"https:\/\/schema.org","@graph":[{"@type":"WebPage","@id":"https:\/\/posgrados.fcecon.unr.edu.ar\/?page_id=265","url":"https:\/\/posgrados.fcecon.unr.edu.ar\/?page_id=265","name":"Administraci\u00f3n y Contabilidad P\u00fablica - Secretar\u00eda de Posgrado y Formaci\u00f3n Continua FCEyE UNR","isPartOf":{"@id":"https:\/\/posgrados.fcecon.unr.edu.ar\/#website"},"datePublished":"2024-09-24T18:05:32+00:00","dateModified":"2025-06-30T17:57:03+00:00","breadcrumb":{"@id":"https:\/\/posgrados.fcecon.unr.edu.ar\/?page_id=265#breadcrumb"},"inLanguage":"es-AR","potentialAction":[{"@type":"ReadAction","target":["https:\/\/posgrados.fcecon.unr.edu.ar\/?page_id=265"]}]},{"@type":"BreadcrumbList","@id":"https:\/\/posgrados.fcecon.unr.edu.ar\/?page_id=265#breadcrumb","itemListElement":[{"@type":"ListItem","position":1,"name":"Home","item":"https:\/\/posgrados.fcecon.unr.edu.ar\/"},{"@type":"ListItem","position":2,"name":"Administraci\u00f3n y Contabilidad P\u00fablica"}]},{"@type":"WebSite","@id":"https:\/\/posgrados.fcecon.unr.edu.ar\/#website","url":"https:\/\/posgrados.fcecon.unr.edu.ar\/","name":"Secretar\u00eda de Posgrado y Formaci\u00f3n Continua FCEyE UNR","description":"Posgrado FCEyE UNR","publisher":{"@id":"https:\/\/posgrados.fcecon.unr.edu.ar\/#organization"},"potentialAction":[{"@type":"SearchAction","target":{"@type":"EntryPoint","urlTemplate":"https:\/\/posgrados.fcecon.unr.edu.ar\/?s={search_term_string}"},"query-input":{"@type":"PropertyValueSpecification","valueRequired":true,"valueName":"search_term_string"}}],"inLanguage":"es-AR"},{"@type":"Organization","@id":"https:\/\/posgrados.fcecon.unr.edu.ar\/#organization","name":"Secretar\u00eda de Posgrado y Formaci\u00f3n Continua FCEyE UNR","url":"https:\/\/posgrados.fcecon.unr.edu.ar\/","logo":{"@type":"ImageObject","inLanguage":"es-AR","@id":"https:\/\/posgrados.fcecon.unr.edu.ar\/#\/schema\/logo\/image\/","url":"https:\/\/posgrados.fcecon.unr.edu.ar\/wp-content\/uploads\/2025\/03\/cropped-cropped-cropped-cropped-Diseno_sin_titulo__31_-removebg-preview.png","contentUrl":"https:\/\/posgrados.fcecon.unr.edu.ar\/wp-content\/uploads\/2025\/03\/cropped-cropped-cropped-cropped-Diseno_sin_titulo__31_-removebg-preview.png","width":675,"height":88,"caption":"Secretar\u00eda de Posgrado y Formaci\u00f3n Continua FCEyE UNR"},"image":{"@id":"https:\/\/posgrados.fcecon.unr.edu.ar\/#\/schema\/logo\/image\/"}}]}},"_links":{"self":[{"href":"https:\/\/posgrados.fcecon.unr.edu.ar\/index.php?rest_route=\/wp\/v2\/pages\/265","targetHints":{"allow":["GET"]}}],"collection":[{"href":"https:\/\/posgrados.fcecon.unr.edu.ar\/index.php?rest_route=\/wp\/v2\/pages"}],"about":[{"href":"https:\/\/posgrados.fcecon.unr.edu.ar\/index.php?rest_route=\/wp\/v2\/types\/page"}],"author":[{"embeddable":true,"href":"https:\/\/posgrados.fcecon.unr.edu.ar\/index.php?rest_route=\/wp\/v2\/users\/2"}],"replies":[{"embeddable":true,"href":"https:\/\/posgrados.fcecon.unr.edu.ar\/index.php?rest_route=%2Fwp%2Fv2%2Fcomments&post=265"}],"version-history":[{"count":28,"href":"https:\/\/posgrados.fcecon.unr.edu.ar\/index.php?rest_route=\/wp\/v2\/pages\/265\/revisions"}],"predecessor-version":[{"id":1187,"href":"https:\/\/posgrados.fcecon.unr.edu.ar\/index.php?rest_route=\/wp\/v2\/pages\/265\/revisions\/1187"}],"wp:attachment":[{"href":"https:\/\/posgrados.fcecon.unr.edu.ar\/index.php?rest_route=%2Fwp%2Fv2%2Fmedia&parent=265"}],"curies":[{"name":"wp","href":"https:\/\/api.w.org\/{rel}","templated":true}]}}