{"id":1362,"date":"2026-02-26T15:12:37","date_gmt":"2026-02-26T18:12:37","guid":{"rendered":"https:\/\/posgrados.fcecon.unr.edu.ar\/?page_id=1362"},"modified":"2026-03-03T19:05:29","modified_gmt":"2026-03-03T22:05:29","slug":"auditoria-forensics-compliance","status":"publish","type":"page","link":"https:\/\/posgrados.fcecon.unr.edu.ar\/?page_id=1362","title":{"rendered":"Auditor\u00eda &amp; Forensics Compliance"},"content":{"rendered":"<p>Una diplomatura que te brinda <strong>herramientas para poder combatir el fraude contable y empresarial<\/strong>, con principios \u00e9ticos y morales.<\/p><p>\u2705 Cuerpo docente de excelencia con s\u00f3lidos conocimientos y trayectoria en organizaciones privadas y p\u00fablicas.<br>\u23f3 Duraci\u00f3n total: 16 fines de semana | &nbsp;5 M\u00f3dulos 15 fines de semana de 8 horas &#8211; &nbsp;1 Taller de 10 horas <br>\ud83d\udcdd Carga horaria total: 130 horas<br>\ud83d\uddd3\ufe0f D\u00edas de cursado: viernes de 18 a 22 y s\u00e1bados de 9 a 13 (seg\u00fan calendario que comunicaremos oportunamente)<br>\u2705 + de 100 a\u00f1os de prestigio \u2013 Facultad de Ciencias Econ\u00f3micas y Estad\u00edstica UNR<\/p><p>Directores: Dr. CPN Oscar Maiola y Dr. CPN Marcelo Rub\u00e9n Gim\u00e9nez | Contacto | mgimenez@fcecon.unr.edu.ar<\/p><p><strong><a href=\"https:\/\/posgrados.fcecon.unr.edu.ar\/wp-content\/uploads\/2026\/02\/Diplomatura-en-Auditoria-Forensics-Compliance.pdf\" type=\"link\" id=\"https:\/\/posgrados.fcecon.unr.edu.ar\/wp-content\/uploads\/2026\/02\/Diplomatura-en-Auditoria-Forensics-Compliance.pdf\">Clic aqu\u00ed para m\u00e1s informaci\u00f3n<\/a><\/strong><\/p><p><\/p><hr class=\"wp-block-separator has-alpha-channel-opacity is-style-wide\"\/><p><\/p><p><strong>OBJETIVOS <\/strong><\/p><p>La diplomatura busca formar profesionales en auditor\u00eda con criterios \u00e9ticos firmes y con herramientas para detectar, prevenir e investigar el fraude en organizaciones p\u00fablicas y privadas. Promueve el manejo actualizado de las mejores pr\u00e1cticas del sector.<\/p><p>Adem\u00e1s, apunta a que el profesional pueda asesorar sobre capital reputacional y elaborar indicadores que ayuden a la gerencia a seguir la gesti\u00f3n seg\u00fan los c\u00f3digos de conducta y principios \u00e9ticos de cada instituci\u00f3n.<\/p><p>Tambi\u00e9n brinda capacitaci\u00f3n en pr\u00e1cticas de monitoreo y supervisi\u00f3n \u2014desde autoevaluaciones de control hasta an\u00e1lisis de datos y rendici\u00f3n de cuentas\u2014 y suma experiencias aplicables a situaciones laborales complejas.<\/p><div class=\"wp-block-columns is-layout-flex wp-container-core-columns-is-layout-9d6595d7 wp-block-columns-is-layout-flex\"><div class=\"wp-block-column is-layout-flow wp-block-column-is-layout-flow\" style=\"flex-basis:100%\"><div class=\"wp-block-buttons is-content-justification-center is-layout-flex wp-container-core-buttons-is-layout-16018d1d wp-block-buttons-is-layout-flex\"><div class=\"wp-block-button\"><a class=\"wp-block-button__link has-text-align-center wp-element-button\" href=\"https:\/\/drive.google.com\/file\/d\/1r4CWJbf-8HvzRpLTtsUPydkZpYdNA4ic\/view?usp=sharing\" target=\"_blank\" rel=\"noreferrer noopener\">DESCARG\u00c1 EL PLAN DE ESTUDIOS<\/a><\/div>\n\n<div class=\"wp-block-button\"><a class=\"wp-block-button__link has-text-align-center wp-element-button\">CONTACTANOS<\/a><\/div><\/div><\/div>\n\n<div class=\"wp-block-column is-layout-flow wp-block-column-is-layout-flow\"><\/div><\/div><p><\/p>","protected":false},"excerpt":{"rendered":"<p>Una diplomatura que te brinda herramientas para poder combatir el fraude contable y empresarial, con principios \u00e9ticos y morales. \u2705<span class=\"more-dots\">&#8230;<\/span><\/p>\n","protected":false},"author":2,"featured_media":0,"parent":0,"menu_order":0,"comment_status":"closed","ping_status":"closed","template":"","meta":{"footnotes":""},"class_list":["post-1362","page","type-page","status-publish","hentry","no-post-thumbnail"],"yoast_head":"<!-- This site is optimized with the Yoast SEO plugin v27.4 - https:\/\/yoast.com\/product\/yoast-seo-wordpress\/ -->\n<title>Auditor\u00eda &amp; Forensics Compliance - Secretar\u00eda de Posgrado y Formaci\u00f3n Continua FCEyE UNR<\/title>\n<meta name=\"robots\" content=\"index, follow, max-snippet:-1, max-image-preview:large, max-video-preview:-1\" \/>\n<link rel=\"canonical\" href=\"https:\/\/posgrados.fcecon.unr.edu.ar\/?page_id=1362\" \/>\n<meta property=\"og:locale\" content=\"es_ES\" \/>\n<meta property=\"og:type\" content=\"article\" \/>\n<meta property=\"og:title\" content=\"Auditor\u00eda &amp; Forensics Compliance - Secretar\u00eda de Posgrado y Formaci\u00f3n Continua FCEyE UNR\" \/>\n<meta property=\"og:description\" content=\"Una diplomatura que te brinda herramientas para poder combatir el fraude contable y empresarial, con principios \u00e9ticos y morales. \u2705...\" \/>\n<meta property=\"og:url\" content=\"https:\/\/posgrados.fcecon.unr.edu.ar\/?page_id=1362\" \/>\n<meta property=\"og:site_name\" content=\"Secretar\u00eda de Posgrado y Formaci\u00f3n Continua FCEyE UNR\" \/>\n<meta property=\"article:modified_time\" content=\"2026-03-03T22:05:29+00:00\" \/>\n<meta name=\"twitter:card\" content=\"summary_large_image\" \/>\n<meta name=\"twitter:label1\" content=\"Tiempo de lectura\" \/>\n\t<meta name=\"twitter:data1\" content=\"2 minutos\" \/>\n<script type=\"application\/ld+json\" class=\"yoast-schema-graph\">{\"@context\":\"https:\\\/\\\/schema.org\",\"@graph\":[{\"@type\":\"WebPage\",\"@id\":\"https:\\\/\\\/posgrados.fcecon.unr.edu.ar\\\/?page_id=1362\",\"url\":\"https:\\\/\\\/posgrados.fcecon.unr.edu.ar\\\/?page_id=1362\",\"name\":\"Auditor\u00eda &amp; Forensics Compliance - Secretar\u00eda de Posgrado y Formaci\u00f3n Continua FCEyE UNR\",\"isPartOf\":{\"@id\":\"https:\\\/\\\/posgrados.fcecon.unr.edu.ar\\\/#website\"},\"datePublished\":\"2026-02-26T18:12:37+00:00\",\"dateModified\":\"2026-03-03T22:05:29+00:00\",\"breadcrumb\":{\"@id\":\"https:\\\/\\\/posgrados.fcecon.unr.edu.ar\\\/?page_id=1362#breadcrumb\"},\"inLanguage\":\"es-AR\",\"potentialAction\":[{\"@type\":\"ReadAction\",\"target\":[\"https:\\\/\\\/posgrados.fcecon.unr.edu.ar\\\/?page_id=1362\"]}]},{\"@type\":\"BreadcrumbList\",\"@id\":\"https:\\\/\\\/posgrados.fcecon.unr.edu.ar\\\/?page_id=1362#breadcrumb\",\"itemListElement\":[{\"@type\":\"ListItem\",\"position\":1,\"name\":\"Home\",\"item\":\"https:\\\/\\\/posgrados.fcecon.unr.edu.ar\\\/\"},{\"@type\":\"ListItem\",\"position\":2,\"name\":\"Auditor\u00eda &amp; Forensics Compliance\"}]},{\"@type\":\"WebSite\",\"@id\":\"https:\\\/\\\/posgrados.fcecon.unr.edu.ar\\\/#website\",\"url\":\"https:\\\/\\\/posgrados.fcecon.unr.edu.ar\\\/\",\"name\":\"Secretar\u00eda de Posgrado y Formaci\u00f3n Continua FCEyE UNR\",\"description\":\"Posgrado FCEyE UNR\",\"publisher\":{\"@id\":\"https:\\\/\\\/posgrados.fcecon.unr.edu.ar\\\/#organization\"},\"potentialAction\":[{\"@type\":\"SearchAction\",\"target\":{\"@type\":\"EntryPoint\",\"urlTemplate\":\"https:\\\/\\\/posgrados.fcecon.unr.edu.ar\\\/?s={search_term_string}\"},\"query-input\":{\"@type\":\"PropertyValueSpecification\",\"valueRequired\":true,\"valueName\":\"search_term_string\"}}],\"inLanguage\":\"es-AR\"},{\"@type\":\"Organization\",\"@id\":\"https:\\\/\\\/posgrados.fcecon.unr.edu.ar\\\/#organization\",\"name\":\"Secretar\u00eda de Posgrado y Formaci\u00f3n Continua FCEyE UNR\",\"url\":\"https:\\\/\\\/posgrados.fcecon.unr.edu.ar\\\/\",\"logo\":{\"@type\":\"ImageObject\",\"inLanguage\":\"es-AR\",\"@id\":\"https:\\\/\\\/posgrados.fcecon.unr.edu.ar\\\/#\\\/schema\\\/logo\\\/image\\\/\",\"url\":\"https:\\\/\\\/posgrados.fcecon.unr.edu.ar\\\/wp-content\\\/uploads\\\/2025\\\/03\\\/cropped-cropped-cropped-cropped-Diseno_sin_titulo__31_-removebg-preview.png\",\"contentUrl\":\"https:\\\/\\\/posgrados.fcecon.unr.edu.ar\\\/wp-content\\\/uploads\\\/2025\\\/03\\\/cropped-cropped-cropped-cropped-Diseno_sin_titulo__31_-removebg-preview.png\",\"width\":675,\"height\":88,\"caption\":\"Secretar\u00eda de Posgrado y Formaci\u00f3n Continua FCEyE UNR\"},\"image\":{\"@id\":\"https:\\\/\\\/posgrados.fcecon.unr.edu.ar\\\/#\\\/schema\\\/logo\\\/image\\\/\"}}]}<\/script>\n<!-- \/ Yoast SEO plugin. -->","yoast_head_json":{"title":"Auditor\u00eda &amp; Forensics Compliance - Secretar\u00eda de Posgrado y Formaci\u00f3n Continua FCEyE UNR","robots":{"index":"index","follow":"follow","max-snippet":"max-snippet:-1","max-image-preview":"max-image-preview:large","max-video-preview":"max-video-preview:-1"},"canonical":"https:\/\/posgrados.fcecon.unr.edu.ar\/?page_id=1362","og_locale":"es_ES","og_type":"article","og_title":"Auditor\u00eda &amp; Forensics Compliance - Secretar\u00eda de Posgrado y Formaci\u00f3n Continua FCEyE UNR","og_description":"Una diplomatura que te brinda herramientas para poder combatir el fraude contable y empresarial, con principios \u00e9ticos y morales. \u2705...","og_url":"https:\/\/posgrados.fcecon.unr.edu.ar\/?page_id=1362","og_site_name":"Secretar\u00eda de Posgrado y Formaci\u00f3n Continua FCEyE UNR","article_modified_time":"2026-03-03T22:05:29+00:00","twitter_card":"summary_large_image","twitter_misc":{"Tiempo de lectura":"2 minutos"},"schema":{"@context":"https:\/\/schema.org","@graph":[{"@type":"WebPage","@id":"https:\/\/posgrados.fcecon.unr.edu.ar\/?page_id=1362","url":"https:\/\/posgrados.fcecon.unr.edu.ar\/?page_id=1362","name":"Auditor\u00eda &amp; Forensics Compliance - Secretar\u00eda de Posgrado y Formaci\u00f3n Continua FCEyE UNR","isPartOf":{"@id":"https:\/\/posgrados.fcecon.unr.edu.ar\/#website"},"datePublished":"2026-02-26T18:12:37+00:00","dateModified":"2026-03-03T22:05:29+00:00","breadcrumb":{"@id":"https:\/\/posgrados.fcecon.unr.edu.ar\/?page_id=1362#breadcrumb"},"inLanguage":"es-AR","potentialAction":[{"@type":"ReadAction","target":["https:\/\/posgrados.fcecon.unr.edu.ar\/?page_id=1362"]}]},{"@type":"BreadcrumbList","@id":"https:\/\/posgrados.fcecon.unr.edu.ar\/?page_id=1362#breadcrumb","itemListElement":[{"@type":"ListItem","position":1,"name":"Home","item":"https:\/\/posgrados.fcecon.unr.edu.ar\/"},{"@type":"ListItem","position":2,"name":"Auditor\u00eda &amp; Forensics Compliance"}]},{"@type":"WebSite","@id":"https:\/\/posgrados.fcecon.unr.edu.ar\/#website","url":"https:\/\/posgrados.fcecon.unr.edu.ar\/","name":"Secretar\u00eda de Posgrado y Formaci\u00f3n Continua FCEyE UNR","description":"Posgrado FCEyE UNR","publisher":{"@id":"https:\/\/posgrados.fcecon.unr.edu.ar\/#organization"},"potentialAction":[{"@type":"SearchAction","target":{"@type":"EntryPoint","urlTemplate":"https:\/\/posgrados.fcecon.unr.edu.ar\/?s={search_term_string}"},"query-input":{"@type":"PropertyValueSpecification","valueRequired":true,"valueName":"search_term_string"}}],"inLanguage":"es-AR"},{"@type":"Organization","@id":"https:\/\/posgrados.fcecon.unr.edu.ar\/#organization","name":"Secretar\u00eda de Posgrado y Formaci\u00f3n Continua FCEyE UNR","url":"https:\/\/posgrados.fcecon.unr.edu.ar\/","logo":{"@type":"ImageObject","inLanguage":"es-AR","@id":"https:\/\/posgrados.fcecon.unr.edu.ar\/#\/schema\/logo\/image\/","url":"https:\/\/posgrados.fcecon.unr.edu.ar\/wp-content\/uploads\/2025\/03\/cropped-cropped-cropped-cropped-Diseno_sin_titulo__31_-removebg-preview.png","contentUrl":"https:\/\/posgrados.fcecon.unr.edu.ar\/wp-content\/uploads\/2025\/03\/cropped-cropped-cropped-cropped-Diseno_sin_titulo__31_-removebg-preview.png","width":675,"height":88,"caption":"Secretar\u00eda de Posgrado y Formaci\u00f3n Continua FCEyE UNR"},"image":{"@id":"https:\/\/posgrados.fcecon.unr.edu.ar\/#\/schema\/logo\/image\/"}}]}},"_links":{"self":[{"href":"https:\/\/posgrados.fcecon.unr.edu.ar\/index.php?rest_route=\/wp\/v2\/pages\/1362","targetHints":{"allow":["GET"]}}],"collection":[{"href":"https:\/\/posgrados.fcecon.unr.edu.ar\/index.php?rest_route=\/wp\/v2\/pages"}],"about":[{"href":"https:\/\/posgrados.fcecon.unr.edu.ar\/index.php?rest_route=\/wp\/v2\/types\/page"}],"author":[{"embeddable":true,"href":"https:\/\/posgrados.fcecon.unr.edu.ar\/index.php?rest_route=\/wp\/v2\/users\/2"}],"replies":[{"embeddable":true,"href":"https:\/\/posgrados.fcecon.unr.edu.ar\/index.php?rest_route=%2Fwp%2Fv2%2Fcomments&post=1362"}],"version-history":[{"count":14,"href":"https:\/\/posgrados.fcecon.unr.edu.ar\/index.php?rest_route=\/wp\/v2\/pages\/1362\/revisions"}],"predecessor-version":[{"id":1393,"href":"https:\/\/posgrados.fcecon.unr.edu.ar\/index.php?rest_route=\/wp\/v2\/pages\/1362\/revisions\/1393"}],"wp:attachment":[{"href":"https:\/\/posgrados.fcecon.unr.edu.ar\/index.php?rest_route=%2Fwp%2Fv2%2Fmedia&parent=1362"}],"curies":[{"name":"wp","href":"https:\/\/api.w.org\/{rel}","templated":true}]}}