{"id":1328,"date":"2025-11-03T16:35:00","date_gmt":"2025-11-03T19:35:00","guid":{"rendered":"https:\/\/posgrados.fcecon.unr.edu.ar\/?page_id=1328"},"modified":"2025-12-03T16:25:22","modified_gmt":"2025-12-03T19:25:22","slug":"economia-regional-2","status":"publish","type":"page","link":"https:\/\/posgrados.fcecon.unr.edu.ar\/?page_id=1328","title":{"rendered":"Econom\u00eda Regional"},"content":{"rendered":"<p><strong>Adquir\u00ed herramientas anal\u00edticas y cient\u00edficas para interpretar y dise\u00f1ar pol\u00edticas con impacto territorial<\/strong><\/p><p><strong>La Especializaci\u00f3n<\/strong> en Econom\u00eda Regional cuenta con:<\/p><p>\u2705 Cuerpo docente de excelencia<br>\u23f3 Programa de 1 a\u00f1o<br>\ud83d\udcd1 T\u00edtulo: Especialista en Econom\u00eda Regional &#8211; Acreditada por #CONEAU s\/acta 619 (21\/10\/24)<br>\u2705 + de 100 a\u00f1os de prestigio &#8211; Facultad de Ciencias y Econ\u00f3micas y Estad\u00edstica UNR<br><br><strong>Director: Dr.Hern\u00e1n C. Lapelle<\/strong> | <a href=\"mailto:ctrentini@fcecon.unr.edu.ar\" target=\"_blank\" rel=\"noreferrer noopener\">Contacto<\/a> | <a href=\"mailto:economiaregional@fcecon.unr.edu.ar\">economiaregional@fcecon.unr.edu.ar<\/a><\/p><p><strong>OBJETIVOS<\/strong><\/p><p>El objetivo fundamental del programa de Especializaci\u00f3n en Econom\u00eda Regional es la formaci\u00f3n de<br>profesionales de alto nivel en el manejo de herramientas cient\u00edficas que abarquen la noci\u00f3n de regi\u00f3n en el<br>estudio de problemas econ\u00f3micos y sociales, capacitados para discernir, analizar e interpretar los efectos<br>regionales de las tendencias y acontecimientos nacionales e internacionales, as\u00ed como la dise\u00f1ar y evaluar<br>pol\u00edticas con efectos regionales.<\/p><p><strong>PERFIL DEL EGRESADO<\/strong><\/p><p>La Especializaci\u00f3n en Econom\u00eda Regional otorga un t\u00edtulo de posgrado que garantiza una s\u00f3lida formaci\u00f3n cient\u00edfica y t\u00e9cnica para abordar profesionalmente los problemas regionales. Permite desempe\u00f1arse en los sectores privado, p\u00fablico y de las organizaciones intermedias y no gubernamentales empleando de manera rigurosa el razonamiento econ\u00f3mico, trabajando individualmente o en interacci\u00f3n con otros profesionales<\/p><p>El graduado adquirir\u00e1 capacidades para:<\/p><p>\u2012 Discernir, analizar e interpretar las caracter\u00edsticas distintivas y propiedades emergentes de la econom\u00eda de una regi\u00f3n en particular y su impacto sobre las actividades econ\u00f3micas y el bienestar de la poblaci\u00f3n.<br>\u2012 Interpretar las pol\u00edticas p\u00fablicas en materia econ\u00f3mica y sus consecuencias sobre personas, grupos y organizaciones.<br>\u2012 Analizar el funcionamiento de los mercados, empresas, cadenas de valor y otras formas de organizaci\u00f3n econ\u00f3mica teniendo en cuenta la incidencia de los aspectos y fen\u00f3menos regionales y formular diagn\u00f3sticos y pron\u00f3sticos sobre los mismos.<br>\u2012 Formular o colaborar en el dise\u00f1o de estrategias de agentes econ\u00f3micos privados, p\u00fablicos o mixtos en contextos regionales.<br>\u2012 Participar eficazmente en los procesos de toma de decisiones y de negociaci\u00f3n con vistas a la organizaci\u00f3n de la producci\u00f3n, el intercambio, la financiaci\u00f3n, la formaci\u00f3n de alianzas, etc. en contextos regionales.<br>\u2012 Elaborar, exponer y poner en pr\u00e1ctica proyectos p\u00fablicos y privados o planes de negocios en contextos regionales.<br>\u2012 Comunicar efectivamente sus conocimientos, interpretaciones, evaluaciones y diagn\u00f3stico.<br><\/p><div class=\"wp-block-buttons is-content-justification-center is-layout-flex wp-container-core-buttons-is-layout-16018d1d wp-block-buttons-is-layout-flex\"><div class=\"wp-block-button\"><a class=\"wp-block-button__link wp-element-button\" href=\"https:\/\/drive.google.com\/file\/d\/1Y3HnhePxtyNTf7ij9phNHfbE3Rz7cTJg\/view?usp=drive_link\"><strong>Descarg\u00e1 el Plan de Estudios<\/strong><\/a><\/div>\n\n<div class=\"wp-block-button\"><a class=\"wp-block-button__link wp-element-button\" href=\"mailto:economiaregional@fcecon.unr.edu.ar\" target=\"_blank\" rel=\"noreferrer noopener\"><strong>Contactanos<\/strong><\/a><\/div><\/div><p><\/p>","protected":false},"excerpt":{"rendered":"<p>Adquir\u00ed herramientas anal\u00edticas y cient\u00edficas para interpretar y dise\u00f1ar pol\u00edticas con impacto territorial La Especializaci\u00f3n en Econom\u00eda Regional cuenta con:<span class=\"more-dots\">&#8230;<\/span><\/p>\n","protected":false},"author":2,"featured_media":0,"parent":181,"menu_order":0,"comment_status":"closed","ping_status":"closed","template":"","meta":{"footnotes":""},"class_list":["post-1328","page","type-page","status-publish","hentry","no-post-thumbnail"],"yoast_head":"<!-- This site is optimized with the Yoast SEO plugin v27.4 - https:\/\/yoast.com\/product\/yoast-seo-wordpress\/ -->\n<title>Econom\u00eda Regional - Secretar\u00eda de Posgrado y Formaci\u00f3n Continua FCEyE UNR<\/title>\n<meta name=\"robots\" content=\"index, follow, max-snippet:-1, max-image-preview:large, max-video-preview:-1\" \/>\n<link rel=\"canonical\" href=\"https:\/\/posgrados.fcecon.unr.edu.ar\/?page_id=1328\" \/>\n<meta property=\"og:locale\" content=\"es_ES\" \/>\n<meta property=\"og:type\" content=\"article\" \/>\n<meta property=\"og:title\" content=\"Econom\u00eda Regional - Secretar\u00eda de Posgrado y Formaci\u00f3n Continua FCEyE UNR\" \/>\n<meta property=\"og:description\" content=\"Adquir\u00ed herramientas anal\u00edticas y cient\u00edficas para interpretar y dise\u00f1ar pol\u00edticas con impacto territorial La Especializaci\u00f3n en Econom\u00eda Regional cuenta con:...\" \/>\n<meta property=\"og:url\" content=\"https:\/\/posgrados.fcecon.unr.edu.ar\/?page_id=1328\" \/>\n<meta property=\"og:site_name\" content=\"Secretar\u00eda de Posgrado y Formaci\u00f3n Continua FCEyE UNR\" \/>\n<meta property=\"article:modified_time\" content=\"2025-12-03T19:25:22+00:00\" \/>\n<meta name=\"twitter:card\" content=\"summary_large_image\" \/>\n<meta name=\"twitter:label1\" content=\"Tiempo de lectura\" \/>\n\t<meta name=\"twitter:data1\" content=\"2 minutos\" \/>\n<script type=\"application\/ld+json\" class=\"yoast-schema-graph\">{\"@context\":\"https:\\\/\\\/schema.org\",\"@graph\":[{\"@type\":\"WebPage\",\"@id\":\"https:\\\/\\\/posgrados.fcecon.unr.edu.ar\\\/?page_id=1328\",\"url\":\"https:\\\/\\\/posgrados.fcecon.unr.edu.ar\\\/?page_id=1328\",\"name\":\"Econom\u00eda Regional - Secretar\u00eda de Posgrado y Formaci\u00f3n Continua FCEyE UNR\",\"isPartOf\":{\"@id\":\"https:\\\/\\\/posgrados.fcecon.unr.edu.ar\\\/#website\"},\"datePublished\":\"2025-11-03T19:35:00+00:00\",\"dateModified\":\"2025-12-03T19:25:22+00:00\",\"breadcrumb\":{\"@id\":\"https:\\\/\\\/posgrados.fcecon.unr.edu.ar\\\/?page_id=1328#breadcrumb\"},\"inLanguage\":\"es-AR\",\"potentialAction\":[{\"@type\":\"ReadAction\",\"target\":[\"https:\\\/\\\/posgrados.fcecon.unr.edu.ar\\\/?page_id=1328\"]}]},{\"@type\":\"BreadcrumbList\",\"@id\":\"https:\\\/\\\/posgrados.fcecon.unr.edu.ar\\\/?page_id=1328#breadcrumb\",\"itemListElement\":[{\"@type\":\"ListItem\",\"position\":1,\"name\":\"Home\",\"item\":\"https:\\\/\\\/posgrados.fcecon.unr.edu.ar\\\/\"},{\"@type\":\"ListItem\",\"position\":2,\"name\":\"Maestr\u00edas\",\"item\":\"https:\\\/\\\/posgrados.fcecon.unr.edu.ar\\\/?page_id=181\"},{\"@type\":\"ListItem\",\"position\":3,\"name\":\"Econom\u00eda Regional\"}]},{\"@type\":\"WebSite\",\"@id\":\"https:\\\/\\\/posgrados.fcecon.unr.edu.ar\\\/#website\",\"url\":\"https:\\\/\\\/posgrados.fcecon.unr.edu.ar\\\/\",\"name\":\"Secretar\u00eda de Posgrado y Formaci\u00f3n Continua FCEyE UNR\",\"description\":\"Posgrado FCEyE UNR\",\"publisher\":{\"@id\":\"https:\\\/\\\/posgrados.fcecon.unr.edu.ar\\\/#organization\"},\"potentialAction\":[{\"@type\":\"SearchAction\",\"target\":{\"@type\":\"EntryPoint\",\"urlTemplate\":\"https:\\\/\\\/posgrados.fcecon.unr.edu.ar\\\/?s={search_term_string}\"},\"query-input\":{\"@type\":\"PropertyValueSpecification\",\"valueRequired\":true,\"valueName\":\"search_term_string\"}}],\"inLanguage\":\"es-AR\"},{\"@type\":\"Organization\",\"@id\":\"https:\\\/\\\/posgrados.fcecon.unr.edu.ar\\\/#organization\",\"name\":\"Secretar\u00eda de Posgrado y Formaci\u00f3n Continua FCEyE UNR\",\"url\":\"https:\\\/\\\/posgrados.fcecon.unr.edu.ar\\\/\",\"logo\":{\"@type\":\"ImageObject\",\"inLanguage\":\"es-AR\",\"@id\":\"https:\\\/\\\/posgrados.fcecon.unr.edu.ar\\\/#\\\/schema\\\/logo\\\/image\\\/\",\"url\":\"https:\\\/\\\/posgrados.fcecon.unr.edu.ar\\\/wp-content\\\/uploads\\\/2025\\\/03\\\/cropped-cropped-cropped-cropped-Diseno_sin_titulo__31_-removebg-preview.png\",\"contentUrl\":\"https:\\\/\\\/posgrados.fcecon.unr.edu.ar\\\/wp-content\\\/uploads\\\/2025\\\/03\\\/cropped-cropped-cropped-cropped-Diseno_sin_titulo__31_-removebg-preview.png\",\"width\":675,\"height\":88,\"caption\":\"Secretar\u00eda de Posgrado y Formaci\u00f3n Continua FCEyE UNR\"},\"image\":{\"@id\":\"https:\\\/\\\/posgrados.fcecon.unr.edu.ar\\\/#\\\/schema\\\/logo\\\/image\\\/\"}}]}<\/script>\n<!-- \/ Yoast SEO plugin. -->","yoast_head_json":{"title":"Econom\u00eda Regional - Secretar\u00eda de Posgrado y Formaci\u00f3n Continua FCEyE UNR","robots":{"index":"index","follow":"follow","max-snippet":"max-snippet:-1","max-image-preview":"max-image-preview:large","max-video-preview":"max-video-preview:-1"},"canonical":"https:\/\/posgrados.fcecon.unr.edu.ar\/?page_id=1328","og_locale":"es_ES","og_type":"article","og_title":"Econom\u00eda Regional - Secretar\u00eda de Posgrado y Formaci\u00f3n Continua FCEyE UNR","og_description":"Adquir\u00ed herramientas anal\u00edticas y cient\u00edficas para interpretar y dise\u00f1ar pol\u00edticas con impacto territorial La Especializaci\u00f3n en Econom\u00eda Regional cuenta con:...","og_url":"https:\/\/posgrados.fcecon.unr.edu.ar\/?page_id=1328","og_site_name":"Secretar\u00eda de Posgrado y Formaci\u00f3n Continua FCEyE UNR","article_modified_time":"2025-12-03T19:25:22+00:00","twitter_card":"summary_large_image","twitter_misc":{"Tiempo de lectura":"2 minutos"},"schema":{"@context":"https:\/\/schema.org","@graph":[{"@type":"WebPage","@id":"https:\/\/posgrados.fcecon.unr.edu.ar\/?page_id=1328","url":"https:\/\/posgrados.fcecon.unr.edu.ar\/?page_id=1328","name":"Econom\u00eda Regional - Secretar\u00eda de Posgrado y Formaci\u00f3n Continua FCEyE UNR","isPartOf":{"@id":"https:\/\/posgrados.fcecon.unr.edu.ar\/#website"},"datePublished":"2025-11-03T19:35:00+00:00","dateModified":"2025-12-03T19:25:22+00:00","breadcrumb":{"@id":"https:\/\/posgrados.fcecon.unr.edu.ar\/?page_id=1328#breadcrumb"},"inLanguage":"es-AR","potentialAction":[{"@type":"ReadAction","target":["https:\/\/posgrados.fcecon.unr.edu.ar\/?page_id=1328"]}]},{"@type":"BreadcrumbList","@id":"https:\/\/posgrados.fcecon.unr.edu.ar\/?page_id=1328#breadcrumb","itemListElement":[{"@type":"ListItem","position":1,"name":"Home","item":"https:\/\/posgrados.fcecon.unr.edu.ar\/"},{"@type":"ListItem","position":2,"name":"Maestr\u00edas","item":"https:\/\/posgrados.fcecon.unr.edu.ar\/?page_id=181"},{"@type":"ListItem","position":3,"name":"Econom\u00eda Regional"}]},{"@type":"WebSite","@id":"https:\/\/posgrados.fcecon.unr.edu.ar\/#website","url":"https:\/\/posgrados.fcecon.unr.edu.ar\/","name":"Secretar\u00eda de Posgrado y Formaci\u00f3n Continua FCEyE UNR","description":"Posgrado FCEyE UNR","publisher":{"@id":"https:\/\/posgrados.fcecon.unr.edu.ar\/#organization"},"potentialAction":[{"@type":"SearchAction","target":{"@type":"EntryPoint","urlTemplate":"https:\/\/posgrados.fcecon.unr.edu.ar\/?s={search_term_string}"},"query-input":{"@type":"PropertyValueSpecification","valueRequired":true,"valueName":"search_term_string"}}],"inLanguage":"es-AR"},{"@type":"Organization","@id":"https:\/\/posgrados.fcecon.unr.edu.ar\/#organization","name":"Secretar\u00eda de Posgrado y Formaci\u00f3n Continua FCEyE UNR","url":"https:\/\/posgrados.fcecon.unr.edu.ar\/","logo":{"@type":"ImageObject","inLanguage":"es-AR","@id":"https:\/\/posgrados.fcecon.unr.edu.ar\/#\/schema\/logo\/image\/","url":"https:\/\/posgrados.fcecon.unr.edu.ar\/wp-content\/uploads\/2025\/03\/cropped-cropped-cropped-cropped-Diseno_sin_titulo__31_-removebg-preview.png","contentUrl":"https:\/\/posgrados.fcecon.unr.edu.ar\/wp-content\/uploads\/2025\/03\/cropped-cropped-cropped-cropped-Diseno_sin_titulo__31_-removebg-preview.png","width":675,"height":88,"caption":"Secretar\u00eda de Posgrado y Formaci\u00f3n Continua FCEyE UNR"},"image":{"@id":"https:\/\/posgrados.fcecon.unr.edu.ar\/#\/schema\/logo\/image\/"}}]}},"_links":{"self":[{"href":"https:\/\/posgrados.fcecon.unr.edu.ar\/index.php?rest_route=\/wp\/v2\/pages\/1328","targetHints":{"allow":["GET"]}}],"collection":[{"href":"https:\/\/posgrados.fcecon.unr.edu.ar\/index.php?rest_route=\/wp\/v2\/pages"}],"about":[{"href":"https:\/\/posgrados.fcecon.unr.edu.ar\/index.php?rest_route=\/wp\/v2\/types\/page"}],"author":[{"embeddable":true,"href":"https:\/\/posgrados.fcecon.unr.edu.ar\/index.php?rest_route=\/wp\/v2\/users\/2"}],"replies":[{"embeddable":true,"href":"https:\/\/posgrados.fcecon.unr.edu.ar\/index.php?rest_route=%2Fwp%2Fv2%2Fcomments&post=1328"}],"version-history":[{"count":6,"href":"https:\/\/posgrados.fcecon.unr.edu.ar\/index.php?rest_route=\/wp\/v2\/pages\/1328\/revisions"}],"predecessor-version":[{"id":1351,"href":"https:\/\/posgrados.fcecon.unr.edu.ar\/index.php?rest_route=\/wp\/v2\/pages\/1328\/revisions\/1351"}],"up":[{"embeddable":true,"href":"https:\/\/posgrados.fcecon.unr.edu.ar\/index.php?rest_route=\/wp\/v2\/pages\/181"}],"wp:attachment":[{"href":"https:\/\/posgrados.fcecon.unr.edu.ar\/index.php?rest_route=%2Fwp%2Fv2%2Fmedia&parent=1328"}],"curies":[{"name":"wp","href":"https:\/\/api.w.org\/{rel}","templated":true}]}}